{"id":659,"date":"2024-07-15T10:54:07","date_gmt":"2020-01-17T10:54:07","guid":{"rendered":"https:\/\/omni-pro.net\/?post_type=product&#038;p=659"},"modified":"2025-05-06T12:34:01","modified_gmt":"2025-05-06T11:34:01","slug":"omnipro-club","status":"publish","type":"product","link":"https:\/\/omni-pro.net\/no\/produkt\/omnipro-club\/","title":{"rendered":"OmniPro Club med Klik trykknapp"},"content":{"rendered":"<p>OmniPro Club tidtakersystem for sprangriding kommer med 6 optiske enheter (som danner 3 optiske porter), 6 stativer og en hovedenhet som tilkobles en Windows PC (medf\u00f8lger ikke) via USB-kabel. Dette kommer levert i en ladekoffert der alt f\u00e5r plass og som lader de optiske enhetene.<\/p>\n<p>Vi inkluderer n\u00e5 v\u00e5r fantastiske trykknapp Klik, som gir en optimal kontroll p\u00e5 start\/stopp og lydsignaler til ut\u00f8verne. De kraftige trykknappene gir meget god f\u00f8lelse, og de er merket med farge. R\u00f8d knapp er for start\/stopp, og gul er for lydsignal. Enheten tilkobles hovedenheten og til et standard lydanlegg (ikke inkludert).<\/p>\n<p>Dette gir et komplett tidtakeranlegg for smidige stevnegjennomf\u00f8ringer! Velkommen til stressfrie stevner!<\/p>\n<p>Du finner annet tilbeh\u00f8r som termisk skriver og lystavle i nettbutikken.<\/p>\n","protected":false},"excerpt":{"rendered":"<p>OmniPro Club tidtakersystem for ridesporten med 3 optiske porter<\/p>\n","protected":false},"featured_media":20380,"template":"","meta":[],"product_brand":[],"product_cat":[57],"product_tag":[],"class_list":{"0":"post-659","1":"product","2":"type-product","3":"status-publish","4":"has-post-thumbnail","6":"product_cat-tidtakeranlegg","8":"first","9":"instock","10":"featured","11":"sold-individually","12":"taxable","13":"shipping-taxable","14":"purchasable","15":"product-type-simple"},"featured_image_url":{"thumbnail":"https:\/\/omni-pro.net\/wp-content\/uploads\/2020\/01\/update0001-2-150x150.png","medium":"https:\/\/omni-pro.net\/wp-content\/uploads\/2020\/01\/update0001-2-300x169.png","medium_large":"https:\/\/omni-pro.net\/wp-content\/uploads\/2020\/01\/update0001-2-768x432.png","large":"https:\/\/omni-pro.net\/wp-content\/uploads\/2020\/01\/update0001-2-1024x576.png","1536x1536":"https:\/\/omni-pro.net\/wp-content\/uploads\/2020\/01\/update0001-2-1536x864.png","2048x2048":"https:\/\/omni-pro.net\/wp-content\/uploads\/2020\/01\/update0001-2.png","woocommerce_thumbnail":"https:\/\/omni-pro.net\/wp-content\/uploads\/2020\/01\/update0001-2-480x270.png","woocommerce_single":"https:\/\/omni-pro.net\/wp-content\/uploads\/2020\/01\/update0001-2-600x338.png","woocommerce_gallery_thumbnail":"https:\/\/omni-pro.net\/wp-content\/uploads\/2020\/01\/update0001-2-100x100.png"},"post_author":"","assigned_categories":"simple, featured, Tidtakeranlegg, Optional","yoast_head":"<!-- This site is optimized with the Yoast SEO plugin v27.4 - https:\/\/yoast.com\/product\/yoast-seo-wordpress\/ -->\n<title>OmniPro Club med Klik trykknapp - Tidtaker for ridesport<\/title>\n<meta name=\"description\" content=\"OmniPro Club med Klik trykknapp - Tidtaker for ridesport\" \/>\n<meta name=\"robots\" content=\"noindex, follow, max-snippet:-1, max-image-preview:large, max-video-preview:-1\" \/>\n<meta property=\"og:locale\" content=\"nb_NO\" \/>\n<meta property=\"og:type\" content=\"article\" \/>\n<meta property=\"og:title\" content=\"OmniPro Club med Klik trykknapp - Tidtaker for ridesport\" \/>\n<meta property=\"og:description\" content=\"OmniPro Club med Klik trykknapp - Tidtaker for ridesport\" \/>\n<meta property=\"og:url\" content=\"https:\/\/omni-pro.net\/no\/produkt\/omnipro-club\/\" \/>\n<meta property=\"og:site_name\" content=\"Tidtaker for ridesport\" \/>\n<meta property=\"article:modified_time\" content=\"2025-05-06T11:34:01+00:00\" \/>\n<meta property=\"og:image\" content=\"https:\/\/omni-pro.net\/wp-content\/uploads\/2020\/01\/update0001-2-1024x576.png\" \/>\n\t<meta property=\"og:image:width\" content=\"1024\" \/>\n\t<meta property=\"og:image:height\" content=\"576\" \/>\n\t<meta property=\"og:image:type\" content=\"image\/png\" \/>\n<meta name=\"twitter:card\" content=\"summary_large_image\" \/>\n<meta name=\"twitter:site\" content=\"@omni_pro\" \/>\n<meta name=\"twitter:label1\" content=\"Est. reading time\" \/>\n\t<meta name=\"twitter:data1\" content=\"1 minute\" \/>\n<script type=\"application\/ld+json\" class=\"yoast-schema-graph\">{\"@context\":\"https:\\\/\\\/schema.org\",\"@graph\":[{\"@type\":\"WebPage\",\"@id\":\"https:\\\/\\\/omni-pro.net\\\/no\\\/produkt\\\/omnipro-club\\\/\",\"url\":\"https:\\\/\\\/omni-pro.net\\\/no\\\/produkt\\\/omnipro-club\\\/\",\"name\":\"OmniPro Club med Klik trykknapp - Tidtaker for ridesport\",\"isPartOf\":{\"@id\":\"https:\\\/\\\/omni-pro.net\\\/#website\"},\"primaryImageOfPage\":{\"@id\":\"https:\\\/\\\/omni-pro.net\\\/no\\\/produkt\\\/omnipro-club\\\/#primaryimage\"},\"image\":{\"@id\":\"https:\\\/\\\/omni-pro.net\\\/no\\\/produkt\\\/omnipro-club\\\/#primaryimage\"},\"thumbnailUrl\":\"https:\\\/\\\/omni-pro.net\\\/wp-content\\\/uploads\\\/2020\\\/01\\\/update0001-2.png\",\"datePublished\":\"2020-01-17T10:54:07+00:00\",\"dateModified\":\"2025-05-06T11:34:01+00:00\",\"description\":\"OmniPro Club med Klik trykknapp - Tidtaker for ridesport\",\"breadcrumb\":{\"@id\":\"https:\\\/\\\/omni-pro.net\\\/no\\\/produkt\\\/omnipro-club\\\/#breadcrumb\"},\"inLanguage\":\"nb-NO\",\"potentialAction\":[{\"@type\":\"ReadAction\",\"target\":[\"https:\\\/\\\/omni-pro.net\\\/no\\\/produkt\\\/omnipro-club\\\/\"]}]},{\"@type\":\"ImageObject\",\"inLanguage\":\"nb-NO\",\"@id\":\"https:\\\/\\\/omni-pro.net\\\/no\\\/produkt\\\/omnipro-club\\\/#primaryimage\",\"url\":\"https:\\\/\\\/omni-pro.net\\\/wp-content\\\/uploads\\\/2020\\\/01\\\/update0001-2.png\",\"contentUrl\":\"https:\\\/\\\/omni-pro.net\\\/wp-content\\\/uploads\\\/2020\\\/01\\\/update0001-2.png\",\"width\":1920,\"height\":1080,\"caption\":\"En komplett tidtakerl\u00f8sning for sprangridning\"},{\"@type\":\"BreadcrumbList\",\"@id\":\"https:\\\/\\\/omni-pro.net\\\/no\\\/produkt\\\/omnipro-club\\\/#breadcrumb\",\"itemListElement\":[{\"@type\":\"ListItem\",\"position\":1,\"name\":\"Home\",\"item\":\"https:\\\/\\\/omni-pro.net\\\/no\\\/\"},{\"@type\":\"ListItem\",\"position\":2,\"name\":\"OmniPro Club med Klik trykknapp\"}]},{\"@type\":\"WebSite\",\"@id\":\"https:\\\/\\\/omni-pro.net\\\/#website\",\"url\":\"https:\\\/\\\/omni-pro.net\\\/\",\"name\":\"OmniPro Equestrian sports timer for Equipe\",\"description\":\"DEN NYE REVOLUSJONEN I SPRANGRIDNING\",\"publisher\":{\"@id\":\"https:\\\/\\\/omni-pro.net\\\/#organization\"},\"potentialAction\":[{\"@type\":\"SearchAction\",\"target\":{\"@type\":\"EntryPoint\",\"urlTemplate\":\"https:\\\/\\\/omni-pro.net\\\/?s={search_term_string}\"},\"query-input\":{\"@type\":\"PropertyValueSpecification\",\"valueRequired\":true,\"valueName\":\"search_term_string\"}}],\"inLanguage\":\"nb-NO\"},{\"@type\":\"Organization\",\"@id\":\"https:\\\/\\\/omni-pro.net\\\/#organization\",\"name\":\"Sabia AS\",\"url\":\"https:\\\/\\\/omni-pro.net\\\/\",\"logo\":{\"@type\":\"ImageObject\",\"inLanguage\":\"nb-NO\",\"@id\":\"https:\\\/\\\/omni-pro.net\\\/#\\\/schema\\\/logo\\\/image\\\/\",\"url\":\"http:\\\/\\\/145.223.81.156\\\/wp-content\\\/uploads\\\/2020\\\/01\\\/OmnoLogo-V3.png\",\"contentUrl\":\"http:\\\/\\\/145.223.81.156\\\/wp-content\\\/uploads\\\/2020\\\/01\\\/OmnoLogo-V3.png\",\"width\":4094,\"height\":3482,\"caption\":\"Sabia AS\"},\"image\":{\"@id\":\"https:\\\/\\\/omni-pro.net\\\/#\\\/schema\\\/logo\\\/image\\\/\"},\"sameAs\":[\"https:\\\/\\\/x.com\\\/omni_pro\"]}]}<\/script>\n<!-- \/ Yoast SEO plugin. -->","yoast_head_json":{"title":"OmniPro Club med Klik trykknapp - Tidtaker for ridesport","description":"OmniPro Club med Klik trykknapp - Tidtaker for ridesport","robots":{"index":"noindex","follow":"follow","max-snippet":"max-snippet:-1","max-image-preview":"max-image-preview:large","max-video-preview":"max-video-preview:-1"},"og_locale":"nb_NO","og_type":"article","og_title":"OmniPro Club med Klik trykknapp - Tidtaker for ridesport","og_description":"OmniPro Club med Klik trykknapp - Tidtaker for ridesport","og_url":"https:\/\/omni-pro.net\/no\/produkt\/omnipro-club\/","og_site_name":"Tidtaker for ridesport","article_modified_time":"2025-05-06T11:34:01+00:00","og_image":[{"width":1024,"height":576,"url":"https:\/\/omni-pro.net\/wp-content\/uploads\/2020\/01\/update0001-2-1024x576.png","type":"image\/png"}],"twitter_card":"summary_large_image","twitter_site":"@omni_pro","twitter_misc":{"Est. reading time":"1 minute"},"schema":{"@context":"https:\/\/schema.org","@graph":[{"@type":"WebPage","@id":"https:\/\/omni-pro.net\/no\/produkt\/omnipro-club\/","url":"https:\/\/omni-pro.net\/no\/produkt\/omnipro-club\/","name":"OmniPro Club med Klik trykknapp - Tidtaker for ridesport","isPartOf":{"@id":"https:\/\/omni-pro.net\/#website"},"primaryImageOfPage":{"@id":"https:\/\/omni-pro.net\/no\/produkt\/omnipro-club\/#primaryimage"},"image":{"@id":"https:\/\/omni-pro.net\/no\/produkt\/omnipro-club\/#primaryimage"},"thumbnailUrl":"https:\/\/omni-pro.net\/wp-content\/uploads\/2020\/01\/update0001-2.png","datePublished":"2020-01-17T10:54:07+00:00","dateModified":"2025-05-06T11:34:01+00:00","description":"OmniPro Club med Klik trykknapp - Tidtaker for ridesport","breadcrumb":{"@id":"https:\/\/omni-pro.net\/no\/produkt\/omnipro-club\/#breadcrumb"},"inLanguage":"nb-NO","potentialAction":[{"@type":"ReadAction","target":["https:\/\/omni-pro.net\/no\/produkt\/omnipro-club\/"]}]},{"@type":"ImageObject","inLanguage":"nb-NO","@id":"https:\/\/omni-pro.net\/no\/produkt\/omnipro-club\/#primaryimage","url":"https:\/\/omni-pro.net\/wp-content\/uploads\/2020\/01\/update0001-2.png","contentUrl":"https:\/\/omni-pro.net\/wp-content\/uploads\/2020\/01\/update0001-2.png","width":1920,"height":1080,"caption":"En komplett tidtakerl\u00f8sning for sprangridning"},{"@type":"BreadcrumbList","@id":"https:\/\/omni-pro.net\/no\/produkt\/omnipro-club\/#breadcrumb","itemListElement":[{"@type":"ListItem","position":1,"name":"Home","item":"https:\/\/omni-pro.net\/no\/"},{"@type":"ListItem","position":2,"name":"OmniPro Club med Klik trykknapp"}]},{"@type":"WebSite","@id":"https:\/\/omni-pro.net\/#website","url":"https:\/\/omni-pro.net\/","name":"OmniPro Equestrian sports timer for Equipe","description":"DEN NYE REVOLUSJONEN I SPRANGRIDNING","publisher":{"@id":"https:\/\/omni-pro.net\/#organization"},"potentialAction":[{"@type":"SearchAction","target":{"@type":"EntryPoint","urlTemplate":"https:\/\/omni-pro.net\/?s={search_term_string}"},"query-input":{"@type":"PropertyValueSpecification","valueRequired":true,"valueName":"search_term_string"}}],"inLanguage":"nb-NO"},{"@type":"Organization","@id":"https:\/\/omni-pro.net\/#organization","name":"Sabia AS","url":"https:\/\/omni-pro.net\/","logo":{"@type":"ImageObject","inLanguage":"nb-NO","@id":"https:\/\/omni-pro.net\/#\/schema\/logo\/image\/","url":"http:\/\/145.223.81.156\/wp-content\/uploads\/2020\/01\/OmnoLogo-V3.png","contentUrl":"http:\/\/145.223.81.156\/wp-content\/uploads\/2020\/01\/OmnoLogo-V3.png","width":4094,"height":3482,"caption":"Sabia AS"},"image":{"@id":"https:\/\/omni-pro.net\/#\/schema\/logo\/image\/"},"sameAs":["https:\/\/x.com\/omni_pro"]}]}},"_links":{"self":[{"href":"https:\/\/omni-pro.net\/no\/wp-json\/wp\/v2\/product\/659","targetHints":{"allow":["GET"]}}],"collection":[{"href":"https:\/\/omni-pro.net\/no\/wp-json\/wp\/v2\/product"}],"about":[{"href":"https:\/\/omni-pro.net\/no\/wp-json\/wp\/v2\/types\/product"}],"wp:featuredmedia":[{"embeddable":true,"href":"https:\/\/omni-pro.net\/no\/wp-json\/wp\/v2\/media\/20380"}],"wp:attachment":[{"href":"https:\/\/omni-pro.net\/no\/wp-json\/wp\/v2\/media?parent=659"}],"wp:term":[{"taxonomy":"product_brand","embeddable":true,"href":"https:\/\/omni-pro.net\/no\/wp-json\/wp\/v2\/product_brand?post=659"},{"taxonomy":"product_cat","embeddable":true,"href":"https:\/\/omni-pro.net\/no\/wp-json\/wp\/v2\/product_cat?post=659"},{"taxonomy":"product_tag","embeddable":true,"href":"https:\/\/omni-pro.net\/no\/wp-json\/wp\/v2\/product_tag?post=659"}],"curies":[{"name":"wp","href":"https:\/\/api.w.org\/{rel}","templated":true}]}}