{"id":21085,"date":"2025-08-09T16:58:27","date_gmt":"2025-08-09T16:05:06","guid":{"rendered":"https:\/\/omni-pro.net\/?post_type=product&#038;p=21085"},"modified":"2025-08-09T17:05:06","modified_gmt":"2025-08-09T16:05:06","slug":"batterilader-til-12-stk-aa-nimh-batterier","status":"publish","type":"product","link":"https:\/\/omni-pro.net\/no\/produkt\/batterilader-til-12-stk-aa-nimh-batterier\/","title":{"rendered":"Batterilader til 12 stk AA NiMH batterier"},"content":{"rendered":"<p data-start=\"778\" data-end=\"950\">Hold deg konkurranseklar med <strong data-start=\"807\" data-end=\"850\">OmniPro 12-cellers AA NiMH-batterilader<\/strong>, spesielt designet for \u00e5 romme og lade et <strong data-start=\"893\" data-end=\"917\">komplett reservesett<\/strong> av OmniPro-batterier samtidig.<\/p>\n<p data-start=\"952\" data-end=\"1162\">Med <strong data-start=\"956\" data-end=\"982\">uavhengige ladekanaler<\/strong> overv\u00e5kes og lades hvert batteri individuelt for maksimal ytelse og levetid. Laderen stopper automatisk n\u00e5r hvert batteri er fullt, og beskytter mot overlading og overoppheting.<\/p>\n<p data-start=\"1164\" data-end=\"1377\"><strong data-start=\"1164\" data-end=\"1189\">LED-statusindikatorer<\/strong> for hver ladeplass gir deg full kontroll p\u00e5 n\u00e5r batteriene er klare til bruk. Perfekt for OmniPro-brukere som \u00f8nsker tryggheten ved \u00e5 ha et fulladet reservesett under lange stevnedager.<\/p>\n<p data-start=\"1379\" data-end=\"1414\"><strong data-start=\"1379\" data-end=\"1412\">Fordeler for OmniPro-brukere:<\/strong><\/p>\n<ul data-start=\"1415\" data-end=\"1747\">\n<li data-start=\"1415\" data-end=\"1486\">\n<p data-start=\"1417\" data-end=\"1486\">Lader <strong data-start=\"1423\" data-end=\"1450\">et komplett reservesett<\/strong> med 12 AA NiMH-batterier samtidig<\/p>\n<\/li>\n<li data-start=\"1487\" data-end=\"1554\">\n<p data-start=\"1489\" data-end=\"1554\"><strong data-start=\"1489\" data-end=\"1515\">Uavhengige ladekanaler<\/strong> \u2013 bland batterier med ulikt ladeniv\u00e5<\/p>\n<\/li>\n<li data-start=\"1555\" data-end=\"1604\">\n<p data-start=\"1557\" data-end=\"1604\"><strong data-start=\"1557\" data-end=\"1576\">Smart ladestopp<\/strong> med automatisk avstenging<\/p>\n<\/li>\n<li data-start=\"1605\" data-end=\"1647\">\n<p data-start=\"1607\" data-end=\"1647\"><strong data-start=\"1607\" data-end=\"1626\">LED-indikatorer<\/strong> for hver ladeplass<\/p>\n<\/li>\n<li data-start=\"1648\" data-end=\"1697\">\n<p data-start=\"1650\" data-end=\"1697\">Beskyttelse mot overoppheting og kortslutning<\/p>\n<\/li>\n<li data-start=\"1698\" data-end=\"1747\">\n<p data-start=\"1700\" data-end=\"1747\">Kompakt og robust design tilpasset stevnebruk<\/p>\n<\/li>\n<\/ul>\n<p>Batterier selges separat. Merk at denne laderen trenger en USB-lader med og USB-C kabel, dette medf\u00f8lger ikke.<\/p>\n","protected":false},"excerpt":{"rendered":"<p data-start=\"570\" data-end=\"738\">Lad et komplett reservesett p\u00e5 12 AA NiMH-batterier til OmniPro-systemet ditt. Uavhengige ladekanaler, LED-statuslys og smart avstenging for trygg og effektiv lading.<\/p>\n","protected":false},"featured_media":21083,"template":"","meta":[],"product_brand":[],"product_cat":[58],"product_tag":[],"class_list":{"0":"post-21085","1":"product","2":"type-product","3":"status-publish","4":"has-post-thumbnail","6":"product_cat-tilbehor","8":"first","9":"instock","10":"taxable","11":"shipping-taxable","12":"purchasable","13":"product-type-simple"},"featured_image_url":{"thumbnail":"https:\/\/omni-pro.net\/wp-content\/uploads\/2025\/08\/OmniPro-charger-open-150x150.png","medium":"https:\/\/omni-pro.net\/wp-content\/uploads\/2025\/08\/OmniPro-charger-open-291x300.png","medium_large":"https:\/\/omni-pro.net\/wp-content\/uploads\/2025\/08\/OmniPro-charger-open-768x792.png","large":"https:\/\/omni-pro.net\/wp-content\/uploads\/2025\/08\/OmniPro-charger-open-992x1024.png","1536x1536":"https:\/\/omni-pro.net\/wp-content\/uploads\/2025\/08\/OmniPro-charger-open-1489x1536.png","2048x2048":"https:\/\/omni-pro.net\/wp-content\/uploads\/2025\/08\/OmniPro-charger-open-1985x2048.png","woocommerce_thumbnail":"https:\/\/omni-pro.net\/wp-content\/uploads\/2025\/08\/OmniPro-charger-open-480x270.png","woocommerce_single":"https:\/\/omni-pro.net\/wp-content\/uploads\/2025\/08\/OmniPro-charger-open-600x619.png","woocommerce_gallery_thumbnail":"https:\/\/omni-pro.net\/wp-content\/uploads\/2025\/08\/OmniPro-charger-open-100x100.png"},"post_author":"","assigned_categories":"simple, Tilbeh\u00f8r, Optional","yoast_head":"<!-- This site is optimized with the Yoast SEO plugin v27.4 - https:\/\/yoast.com\/product\/yoast-seo-wordpress\/ -->\n<title>Batterilader til 12 stk AA NiMH batterier - Tidtaker for ridesport<\/title>\n<meta name=\"description\" content=\"Hold OmniPro-systemet klart til konkurranse med denne 12-cellers AA NiMH-laderen. Lader et komplett reservesett p\u00e5 \u00e9n gang. Uavhengige ladekanaler, automatisk avstenging og LED-indikatorer for sikker og p\u00e5litelig lading.\" \/>\n<meta name=\"robots\" content=\"noindex, follow, max-snippet:-1, max-image-preview:large, max-video-preview:-1\" \/>\n<meta property=\"og:locale\" content=\"nb_NO\" \/>\n<meta property=\"og:type\" content=\"article\" \/>\n<meta property=\"og:title\" content=\"Batterilader til 12 stk AA NiMH batterier - Tidtaker for ridesport\" \/>\n<meta property=\"og:description\" content=\"Hold OmniPro-systemet klart til konkurranse med denne 12-cellers AA NiMH-laderen. Lader et komplett reservesett p\u00e5 \u00e9n gang. Uavhengige ladekanaler, automatisk avstenging og LED-indikatorer for sikker og p\u00e5litelig lading.\" \/>\n<meta property=\"og:url\" content=\"https:\/\/omni-pro.net\/no\/produkt\/batterilader-til-12-stk-aa-nimh-batterier\/\" \/>\n<meta property=\"og:site_name\" content=\"Tidtaker for ridesport\" \/>\n<meta property=\"og:image\" content=\"https:\/\/omni-pro.net\/wp-content\/uploads\/2025\/08\/OmniPro-charger-open-992x1024.png\" \/>\n\t<meta property=\"og:image:width\" content=\"992\" \/>\n\t<meta property=\"og:image:height\" content=\"1024\" \/>\n\t<meta property=\"og:image:type\" content=\"image\/png\" \/>\n<meta name=\"twitter:card\" content=\"summary_large_image\" \/>\n<meta name=\"twitter:site\" content=\"@omni_pro\" \/>\n<meta name=\"twitter:label1\" content=\"Est. reading time\" \/>\n\t<meta name=\"twitter:data1\" content=\"1 minute\" \/>\n<script type=\"application\/ld+json\" class=\"yoast-schema-graph\">{\"@context\":\"https:\\\/\\\/schema.org\",\"@graph\":[{\"@type\":\"WebPage\",\"@id\":\"https:\\\/\\\/omni-pro.net\\\/no\\\/produkt\\\/batterilader-til-12-stk-aa-nimh-batterier\\\/\",\"url\":\"https:\\\/\\\/omni-pro.net\\\/no\\\/produkt\\\/batterilader-til-12-stk-aa-nimh-batterier\\\/\",\"name\":\"Batterilader til 12 stk AA NiMH batterier - Tidtaker for ridesport\",\"isPartOf\":{\"@id\":\"https:\\\/\\\/omni-pro.net\\\/#website\"},\"primaryImageOfPage\":{\"@id\":\"https:\\\/\\\/omni-pro.net\\\/no\\\/produkt\\\/batterilader-til-12-stk-aa-nimh-batterier\\\/#primaryimage\"},\"image\":{\"@id\":\"https:\\\/\\\/omni-pro.net\\\/no\\\/produkt\\\/batterilader-til-12-stk-aa-nimh-batterier\\\/#primaryimage\"},\"thumbnailUrl\":\"https:\\\/\\\/omni-pro.net\\\/wp-content\\\/uploads\\\/2025\\\/08\\\/OmniPro-charger-open-scaled.png\",\"datePublished\":\"2025-08-09T16:05:06+00:00\",\"description\":\"Hold OmniPro-systemet klart til konkurranse med denne 12-cellers AA NiMH-laderen. Lader et komplett reservesett p\u00e5 \u00e9n gang. Uavhengige ladekanaler, automatisk avstenging og LED-indikatorer for sikker og p\u00e5litelig lading.\",\"breadcrumb\":{\"@id\":\"https:\\\/\\\/omni-pro.net\\\/no\\\/produkt\\\/batterilader-til-12-stk-aa-nimh-batterier\\\/#breadcrumb\"},\"inLanguage\":\"nb-NO\",\"potentialAction\":[{\"@type\":\"ReadAction\",\"target\":[\"https:\\\/\\\/omni-pro.net\\\/no\\\/produkt\\\/batterilader-til-12-stk-aa-nimh-batterier\\\/\"]}]},{\"@type\":\"ImageObject\",\"inLanguage\":\"nb-NO\",\"@id\":\"https:\\\/\\\/omni-pro.net\\\/no\\\/produkt\\\/batterilader-til-12-stk-aa-nimh-batterier\\\/#primaryimage\",\"url\":\"https:\\\/\\\/omni-pro.net\\\/wp-content\\\/uploads\\\/2025\\\/08\\\/OmniPro-charger-open-scaled.png\",\"contentUrl\":\"https:\\\/\\\/omni-pro.net\\\/wp-content\\\/uploads\\\/2025\\\/08\\\/OmniPro-charger-open-scaled.png\",\"width\":2481,\"height\":2560,\"caption\":\"12-cell AA NiMH battery charger with individual LED indicators\"},{\"@type\":\"BreadcrumbList\",\"@id\":\"https:\\\/\\\/omni-pro.net\\\/no\\\/produkt\\\/batterilader-til-12-stk-aa-nimh-batterier\\\/#breadcrumb\",\"itemListElement\":[{\"@type\":\"ListItem\",\"position\":1,\"name\":\"Home\",\"item\":\"https:\\\/\\\/omni-pro.net\\\/no\\\/\"},{\"@type\":\"ListItem\",\"position\":2,\"name\":\"Batterilader til 12 stk AA NiMH batterier\"}]},{\"@type\":\"WebSite\",\"@id\":\"https:\\\/\\\/omni-pro.net\\\/#website\",\"url\":\"https:\\\/\\\/omni-pro.net\\\/\",\"name\":\"OmniPro Equestrian sports timer for Equipe\",\"description\":\"DEN NYE REVOLUSJONEN I SPRANGRIDNING\",\"publisher\":{\"@id\":\"https:\\\/\\\/omni-pro.net\\\/#organization\"},\"potentialAction\":[{\"@type\":\"SearchAction\",\"target\":{\"@type\":\"EntryPoint\",\"urlTemplate\":\"https:\\\/\\\/omni-pro.net\\\/?s={search_term_string}\"},\"query-input\":{\"@type\":\"PropertyValueSpecification\",\"valueRequired\":true,\"valueName\":\"search_term_string\"}}],\"inLanguage\":\"nb-NO\"},{\"@type\":\"Organization\",\"@id\":\"https:\\\/\\\/omni-pro.net\\\/#organization\",\"name\":\"Sabia AS\",\"url\":\"https:\\\/\\\/omni-pro.net\\\/\",\"logo\":{\"@type\":\"ImageObject\",\"inLanguage\":\"nb-NO\",\"@id\":\"https:\\\/\\\/omni-pro.net\\\/#\\\/schema\\\/logo\\\/image\\\/\",\"url\":\"http:\\\/\\\/145.223.81.156\\\/wp-content\\\/uploads\\\/2020\\\/01\\\/OmnoLogo-V3.png\",\"contentUrl\":\"http:\\\/\\\/145.223.81.156\\\/wp-content\\\/uploads\\\/2020\\\/01\\\/OmnoLogo-V3.png\",\"width\":4094,\"height\":3482,\"caption\":\"Sabia AS\"},\"image\":{\"@id\":\"https:\\\/\\\/omni-pro.net\\\/#\\\/schema\\\/logo\\\/image\\\/\"},\"sameAs\":[\"https:\\\/\\\/x.com\\\/omni_pro\"]}]}<\/script>\n<!-- \/ Yoast SEO plugin. -->","yoast_head_json":{"title":"Batterilader til 12 stk AA NiMH batterier - Tidtaker for ridesport","description":"Hold OmniPro-systemet klart til konkurranse med denne 12-cellers AA NiMH-laderen. Lader et komplett reservesett p\u00e5 \u00e9n gang. Uavhengige ladekanaler, automatisk avstenging og LED-indikatorer for sikker og p\u00e5litelig lading.","robots":{"index":"noindex","follow":"follow","max-snippet":"max-snippet:-1","max-image-preview":"max-image-preview:large","max-video-preview":"max-video-preview:-1"},"og_locale":"nb_NO","og_type":"article","og_title":"Batterilader til 12 stk AA NiMH batterier - Tidtaker for ridesport","og_description":"Hold OmniPro-systemet klart til konkurranse med denne 12-cellers AA NiMH-laderen. Lader et komplett reservesett p\u00e5 \u00e9n gang. Uavhengige ladekanaler, automatisk avstenging og LED-indikatorer for sikker og p\u00e5litelig lading.","og_url":"https:\/\/omni-pro.net\/no\/produkt\/batterilader-til-12-stk-aa-nimh-batterier\/","og_site_name":"Tidtaker for ridesport","og_image":[{"width":992,"height":1024,"url":"https:\/\/omni-pro.net\/wp-content\/uploads\/2025\/08\/OmniPro-charger-open-992x1024.png","type":"image\/png"}],"twitter_card":"summary_large_image","twitter_site":"@omni_pro","twitter_misc":{"Est. reading time":"1 minute"},"schema":{"@context":"https:\/\/schema.org","@graph":[{"@type":"WebPage","@id":"https:\/\/omni-pro.net\/no\/produkt\/batterilader-til-12-stk-aa-nimh-batterier\/","url":"https:\/\/omni-pro.net\/no\/produkt\/batterilader-til-12-stk-aa-nimh-batterier\/","name":"Batterilader til 12 stk AA NiMH batterier - Tidtaker for ridesport","isPartOf":{"@id":"https:\/\/omni-pro.net\/#website"},"primaryImageOfPage":{"@id":"https:\/\/omni-pro.net\/no\/produkt\/batterilader-til-12-stk-aa-nimh-batterier\/#primaryimage"},"image":{"@id":"https:\/\/omni-pro.net\/no\/produkt\/batterilader-til-12-stk-aa-nimh-batterier\/#primaryimage"},"thumbnailUrl":"https:\/\/omni-pro.net\/wp-content\/uploads\/2025\/08\/OmniPro-charger-open-scaled.png","datePublished":"2025-08-09T16:05:06+00:00","description":"Hold OmniPro-systemet klart til konkurranse med denne 12-cellers AA NiMH-laderen. Lader et komplett reservesett p\u00e5 \u00e9n gang. Uavhengige ladekanaler, automatisk avstenging og LED-indikatorer for sikker og p\u00e5litelig lading.","breadcrumb":{"@id":"https:\/\/omni-pro.net\/no\/produkt\/batterilader-til-12-stk-aa-nimh-batterier\/#breadcrumb"},"inLanguage":"nb-NO","potentialAction":[{"@type":"ReadAction","target":["https:\/\/omni-pro.net\/no\/produkt\/batterilader-til-12-stk-aa-nimh-batterier\/"]}]},{"@type":"ImageObject","inLanguage":"nb-NO","@id":"https:\/\/omni-pro.net\/no\/produkt\/batterilader-til-12-stk-aa-nimh-batterier\/#primaryimage","url":"https:\/\/omni-pro.net\/wp-content\/uploads\/2025\/08\/OmniPro-charger-open-scaled.png","contentUrl":"https:\/\/omni-pro.net\/wp-content\/uploads\/2025\/08\/OmniPro-charger-open-scaled.png","width":2481,"height":2560,"caption":"12-cell AA NiMH battery charger with individual LED indicators"},{"@type":"BreadcrumbList","@id":"https:\/\/omni-pro.net\/no\/produkt\/batterilader-til-12-stk-aa-nimh-batterier\/#breadcrumb","itemListElement":[{"@type":"ListItem","position":1,"name":"Home","item":"https:\/\/omni-pro.net\/no\/"},{"@type":"ListItem","position":2,"name":"Batterilader til 12 stk AA NiMH batterier"}]},{"@type":"WebSite","@id":"https:\/\/omni-pro.net\/#website","url":"https:\/\/omni-pro.net\/","name":"OmniPro Equestrian sports timer for Equipe","description":"DEN NYE REVOLUSJONEN I SPRANGRIDNING","publisher":{"@id":"https:\/\/omni-pro.net\/#organization"},"potentialAction":[{"@type":"SearchAction","target":{"@type":"EntryPoint","urlTemplate":"https:\/\/omni-pro.net\/?s={search_term_string}"},"query-input":{"@type":"PropertyValueSpecification","valueRequired":true,"valueName":"search_term_string"}}],"inLanguage":"nb-NO"},{"@type":"Organization","@id":"https:\/\/omni-pro.net\/#organization","name":"Sabia AS","url":"https:\/\/omni-pro.net\/","logo":{"@type":"ImageObject","inLanguage":"nb-NO","@id":"https:\/\/omni-pro.net\/#\/schema\/logo\/image\/","url":"http:\/\/145.223.81.156\/wp-content\/uploads\/2020\/01\/OmnoLogo-V3.png","contentUrl":"http:\/\/145.223.81.156\/wp-content\/uploads\/2020\/01\/OmnoLogo-V3.png","width":4094,"height":3482,"caption":"Sabia AS"},"image":{"@id":"https:\/\/omni-pro.net\/#\/schema\/logo\/image\/"},"sameAs":["https:\/\/x.com\/omni_pro"]}]}},"_links":{"self":[{"href":"https:\/\/omni-pro.net\/no\/wp-json\/wp\/v2\/product\/21085","targetHints":{"allow":["GET"]}}],"collection":[{"href":"https:\/\/omni-pro.net\/no\/wp-json\/wp\/v2\/product"}],"about":[{"href":"https:\/\/omni-pro.net\/no\/wp-json\/wp\/v2\/types\/product"}],"wp:featuredmedia":[{"embeddable":true,"href":"https:\/\/omni-pro.net\/no\/wp-json\/wp\/v2\/media\/21083"}],"wp:attachment":[{"href":"https:\/\/omni-pro.net\/no\/wp-json\/wp\/v2\/media?parent=21085"}],"wp:term":[{"taxonomy":"product_brand","embeddable":true,"href":"https:\/\/omni-pro.net\/no\/wp-json\/wp\/v2\/product_brand?post=21085"},{"taxonomy":"product_cat","embeddable":true,"href":"https:\/\/omni-pro.net\/no\/wp-json\/wp\/v2\/product_cat?post=21085"},{"taxonomy":"product_tag","embeddable":true,"href":"https:\/\/omni-pro.net\/no\/wp-json\/wp\/v2\/product_tag?post=21085"}],"curies":[{"name":"wp","href":"https:\/\/api.w.org\/{rel}","templated":true}]}}