{"id":20916,"date":"2025-05-01T23:37:07","date_gmt":"2025-05-02T05:10:54","guid":{"rendered":"https:\/\/omni-pro.net\/?post_type=product&#038;p=20916"},"modified":"2025-05-02T07:42:06","modified_gmt":"2025-05-02T06:42:06","slug":"12-pack-of-nimh-rechargeable-batteries-for-omnipro-timing-systems-with-3-gates","status":"publish","type":"product","link":"https:\/\/omni-pro.net\/no\/produkt\/12-pack-of-nimh-rechargeable-batteries-for-omnipro-timing-systems-with-3-gates\/","title":{"rendered":"Pakke med 12 stk NiMH oppladbare batterier for OmniPro timing systems with 3 gates"},"content":{"rendered":"<p><span style=\"font-size: 1rem;\">Pakke med12 oppladbare AA nikkel metallhydrid (NiMH) batterier, nok til alle de optiske enhetene p\u00e5 et OmniPro tidtakeranlegg med 3 porter. Bytt ut batteriene \u00e5rlig for optimal ytelse. Vi anbefaler ogs\u00e5 \u00e5 ha ett ekstra sett batterier st\u00e5ende fulladet i en 12-cellers AA NiMH batterilader (se v\u00e5r webshop).\u00a0<\/span><\/p>\n","protected":false},"excerpt":{"rendered":"<p><span style=\"font-size: 1rem;\">Pakke med12 oppladbare AA nikkel metallhydrid (NiMH) batterier<\/span><\/p>\n","protected":false},"featured_media":20915,"template":"","meta":[],"product_brand":[],"product_cat":[59],"product_tag":[],"class_list":{"0":"post-20916","1":"product","2":"type-product","3":"status-publish","4":"has-post-thumbnail","6":"product_cat-forbruksvarer","8":"first","9":"instock","10":"taxable","11":"shipping-taxable","12":"purchasable","13":"product-type-simple"},"featured_image_url":{"thumbnail":"https:\/\/omni-pro.net\/wp-content\/uploads\/2025\/05\/batteries-150x150.png","medium":"https:\/\/omni-pro.net\/wp-content\/uploads\/2025\/05\/batteries-300x268.png","medium_large":"https:\/\/omni-pro.net\/wp-content\/uploads\/2025\/05\/batteries-768x686.png","large":"https:\/\/omni-pro.net\/wp-content\/uploads\/2025\/05\/batteries.png","1536x1536":"https:\/\/omni-pro.net\/wp-content\/uploads\/2025\/05\/batteries.png","2048x2048":"https:\/\/omni-pro.net\/wp-content\/uploads\/2025\/05\/batteries.png","woocommerce_thumbnail":"https:\/\/omni-pro.net\/wp-content\/uploads\/2025\/05\/batteries-480x270.png","woocommerce_single":"https:\/\/omni-pro.net\/wp-content\/uploads\/2025\/05\/batteries-600x536.png","woocommerce_gallery_thumbnail":"https:\/\/omni-pro.net\/wp-content\/uploads\/2025\/05\/batteries-100x100.png"},"post_author":"","assigned_categories":"simple, Forbruksvarer, Optional","yoast_head":"<!-- This site is optimized with the Yoast SEO plugin v27.4 - https:\/\/yoast.com\/product\/yoast-seo-wordpress\/ -->\n<title>Pakke med 12 stk NiMH oppladbare batterier for OmniPro timing systems with 3 gates - Tidtaker for ridesport<\/title>\n<meta name=\"description\" content=\"Pakke med 12 stk NiMH oppladbare batterier for OmniPro timing systems with 3 gates - Tidtaker for ridesport\" \/>\n<meta name=\"robots\" content=\"index, follow, max-snippet:-1, max-image-preview:large, max-video-preview:-1\" \/>\n<link rel=\"canonical\" href=\"https:\/\/omni-pro.net\/no\/produkt\/12-pack-of-nimh-rechargeable-batteries-for-omnipro-timing-systems-with-3-gates\/\" \/>\n<meta property=\"og:locale\" content=\"nb_NO\" \/>\n<meta property=\"og:type\" content=\"article\" \/>\n<meta property=\"og:title\" content=\"Pakke med 12 stk NiMH oppladbare batterier for OmniPro timing systems with 3 gates - Tidtaker for ridesport\" \/>\n<meta property=\"og:description\" content=\"Pakke med 12 stk NiMH oppladbare batterier for OmniPro timing systems with 3 gates - Tidtaker for ridesport\" \/>\n<meta property=\"og:url\" content=\"https:\/\/omni-pro.net\/no\/produkt\/12-pack-of-nimh-rechargeable-batteries-for-omnipro-timing-systems-with-3-gates\/\" \/>\n<meta property=\"og:site_name\" content=\"Tidtaker for ridesport\" \/>\n<meta property=\"article:modified_time\" content=\"2025-05-02T06:42:06+00:00\" \/>\n<meta property=\"og:image\" content=\"https:\/\/omni-pro.net\/wp-content\/uploads\/2025\/05\/batteries.png\" \/>\n\t<meta property=\"og:image:width\" content=\"916\" \/>\n\t<meta property=\"og:image:height\" content=\"818\" \/>\n\t<meta property=\"og:image:type\" content=\"image\/png\" \/>\n<meta name=\"twitter:card\" content=\"summary_large_image\" \/>\n<meta name=\"twitter:site\" content=\"@omni_pro\" \/>\n<meta name=\"twitter:label1\" content=\"Ansl. lesetid\" \/>\n\t<meta name=\"twitter:data1\" content=\"1 minutt\" \/>\n<script type=\"application\/ld+json\" class=\"yoast-schema-graph\">{\"@context\":\"https:\\\/\\\/schema.org\",\"@graph\":[{\"@type\":\"WebPage\",\"@id\":\"https:\\\/\\\/omni-pro.net\\\/no\\\/produkt\\\/12-pack-of-nimh-rechargeable-batteries-for-omnipro-timing-systems-with-3-gates\\\/\",\"url\":\"https:\\\/\\\/omni-pro.net\\\/no\\\/produkt\\\/12-pack-of-nimh-rechargeable-batteries-for-omnipro-timing-systems-with-3-gates\\\/\",\"name\":\"Pakke med 12 stk NiMH oppladbare batterier for OmniPro timing systems with 3 gates - Tidtaker for ridesport\",\"isPartOf\":{\"@id\":\"https:\\\/\\\/temp.omni-pro.net\\\/#website\"},\"primaryImageOfPage\":{\"@id\":\"https:\\\/\\\/omni-pro.net\\\/no\\\/produkt\\\/12-pack-of-nimh-rechargeable-batteries-for-omnipro-timing-systems-with-3-gates\\\/#primaryimage\"},\"image\":{\"@id\":\"https:\\\/\\\/omni-pro.net\\\/no\\\/produkt\\\/12-pack-of-nimh-rechargeable-batteries-for-omnipro-timing-systems-with-3-gates\\\/#primaryimage\"},\"thumbnailUrl\":\"https:\\\/\\\/omni-pro.net\\\/wp-content\\\/uploads\\\/2025\\\/05\\\/batteries.png\",\"datePublished\":\"2025-05-02T05:10:54+00:00\",\"dateModified\":\"2025-05-02T06:42:06+00:00\",\"description\":\"Pakke med 12 stk NiMH oppladbare batterier for OmniPro timing systems with 3 gates - Tidtaker for ridesport\",\"breadcrumb\":{\"@id\":\"https:\\\/\\\/omni-pro.net\\\/no\\\/produkt\\\/12-pack-of-nimh-rechargeable-batteries-for-omnipro-timing-systems-with-3-gates\\\/#breadcrumb\"},\"inLanguage\":\"nb-NO\",\"potentialAction\":[{\"@type\":\"ReadAction\",\"target\":[\"https:\\\/\\\/omni-pro.net\\\/no\\\/produkt\\\/12-pack-of-nimh-rechargeable-batteries-for-omnipro-timing-systems-with-3-gates\\\/\"]}]},{\"@type\":\"ImageObject\",\"inLanguage\":\"nb-NO\",\"@id\":\"https:\\\/\\\/omni-pro.net\\\/no\\\/produkt\\\/12-pack-of-nimh-rechargeable-batteries-for-omnipro-timing-systems-with-3-gates\\\/#primaryimage\",\"url\":\"https:\\\/\\\/omni-pro.net\\\/wp-content\\\/uploads\\\/2025\\\/05\\\/batteries.png\",\"contentUrl\":\"https:\\\/\\\/omni-pro.net\\\/wp-content\\\/uploads\\\/2025\\\/05\\\/batteries.png\",\"width\":916,\"height\":818,\"caption\":\"Pakke med 12 NiMH batterier\"},{\"@type\":\"BreadcrumbList\",\"@id\":\"https:\\\/\\\/omni-pro.net\\\/no\\\/produkt\\\/12-pack-of-nimh-rechargeable-batteries-for-omnipro-timing-systems-with-3-gates\\\/#breadcrumb\",\"itemListElement\":[{\"@type\":\"ListItem\",\"position\":1,\"name\":\"Home\",\"item\":\"https:\\\/\\\/omni-pro.net\\\/no\\\/\"},{\"@type\":\"ListItem\",\"position\":2,\"name\":\"Pakke med 12 stk NiMH oppladbare batterier for OmniPro timing systems with 3 gates\"}]},{\"@type\":\"WebSite\",\"@id\":\"https:\\\/\\\/temp.omni-pro.net\\\/#website\",\"url\":\"https:\\\/\\\/temp.omni-pro.net\\\/\",\"name\":\"OmniPro Equestrian sports timer for Equipe\",\"description\":\"DEN NYE REVOLUSJONEN I SPRANGRIDNING\",\"publisher\":{\"@id\":\"https:\\\/\\\/temp.omni-pro.net\\\/#organization\"},\"potentialAction\":[{\"@type\":\"SearchAction\",\"target\":{\"@type\":\"EntryPoint\",\"urlTemplate\":\"https:\\\/\\\/temp.omni-pro.net\\\/?s={search_term_string}\"},\"query-input\":{\"@type\":\"PropertyValueSpecification\",\"valueRequired\":true,\"valueName\":\"search_term_string\"}}],\"inLanguage\":\"nb-NO\"},{\"@type\":\"Organization\",\"@id\":\"https:\\\/\\\/temp.omni-pro.net\\\/#organization\",\"name\":\"Sabia AS\",\"url\":\"https:\\\/\\\/temp.omni-pro.net\\\/\",\"logo\":{\"@type\":\"ImageObject\",\"inLanguage\":\"nb-NO\",\"@id\":\"https:\\\/\\\/temp.omni-pro.net\\\/#\\\/schema\\\/logo\\\/image\\\/\",\"url\":\"https:\\\/\\\/omni-pro.net\\\/wp-content\\\/uploads\\\/2020\\\/01\\\/OmnoLogo-V3.png\",\"contentUrl\":\"https:\\\/\\\/omni-pro.net\\\/wp-content\\\/uploads\\\/2020\\\/01\\\/OmnoLogo-V3.png\",\"width\":4094,\"height\":3482,\"caption\":\"Sabia AS\"},\"image\":{\"@id\":\"https:\\\/\\\/temp.omni-pro.net\\\/#\\\/schema\\\/logo\\\/image\\\/\"},\"sameAs\":[\"https:\\\/\\\/x.com\\\/omni_pro\"]}]}<\/script>\n<!-- \/ Yoast SEO plugin. -->","yoast_head_json":{"title":"Pakke med 12 stk NiMH oppladbare batterier for OmniPro timing systems with 3 gates - Tidtaker for ridesport","description":"Pakke med 12 stk NiMH oppladbare batterier for OmniPro timing systems with 3 gates - Tidtaker for ridesport","robots":{"index":"index","follow":"follow","max-snippet":"max-snippet:-1","max-image-preview":"max-image-preview:large","max-video-preview":"max-video-preview:-1"},"canonical":"https:\/\/omni-pro.net\/no\/produkt\/12-pack-of-nimh-rechargeable-batteries-for-omnipro-timing-systems-with-3-gates\/","og_locale":"nb_NO","og_type":"article","og_title":"Pakke med 12 stk NiMH oppladbare batterier for OmniPro timing systems with 3 gates - Tidtaker for ridesport","og_description":"Pakke med 12 stk NiMH oppladbare batterier for OmniPro timing systems with 3 gates - Tidtaker for ridesport","og_url":"https:\/\/omni-pro.net\/no\/produkt\/12-pack-of-nimh-rechargeable-batteries-for-omnipro-timing-systems-with-3-gates\/","og_site_name":"Tidtaker for ridesport","article_modified_time":"2025-05-02T06:42:06+00:00","og_image":[{"width":916,"height":818,"url":"https:\/\/omni-pro.net\/wp-content\/uploads\/2025\/05\/batteries.png","type":"image\/png"}],"twitter_card":"summary_large_image","twitter_site":"@omni_pro","twitter_misc":{"Ansl. lesetid":"1 minutt"},"schema":{"@context":"https:\/\/schema.org","@graph":[{"@type":"WebPage","@id":"https:\/\/omni-pro.net\/no\/produkt\/12-pack-of-nimh-rechargeable-batteries-for-omnipro-timing-systems-with-3-gates\/","url":"https:\/\/omni-pro.net\/no\/produkt\/12-pack-of-nimh-rechargeable-batteries-for-omnipro-timing-systems-with-3-gates\/","name":"Pakke med 12 stk NiMH oppladbare batterier for OmniPro timing systems with 3 gates - Tidtaker for ridesport","isPartOf":{"@id":"https:\/\/temp.omni-pro.net\/#website"},"primaryImageOfPage":{"@id":"https:\/\/omni-pro.net\/no\/produkt\/12-pack-of-nimh-rechargeable-batteries-for-omnipro-timing-systems-with-3-gates\/#primaryimage"},"image":{"@id":"https:\/\/omni-pro.net\/no\/produkt\/12-pack-of-nimh-rechargeable-batteries-for-omnipro-timing-systems-with-3-gates\/#primaryimage"},"thumbnailUrl":"https:\/\/omni-pro.net\/wp-content\/uploads\/2025\/05\/batteries.png","datePublished":"2025-05-02T05:10:54+00:00","dateModified":"2025-05-02T06:42:06+00:00","description":"Pakke med 12 stk NiMH oppladbare batterier for OmniPro timing systems with 3 gates - Tidtaker for ridesport","breadcrumb":{"@id":"https:\/\/omni-pro.net\/no\/produkt\/12-pack-of-nimh-rechargeable-batteries-for-omnipro-timing-systems-with-3-gates\/#breadcrumb"},"inLanguage":"nb-NO","potentialAction":[{"@type":"ReadAction","target":["https:\/\/omni-pro.net\/no\/produkt\/12-pack-of-nimh-rechargeable-batteries-for-omnipro-timing-systems-with-3-gates\/"]}]},{"@type":"ImageObject","inLanguage":"nb-NO","@id":"https:\/\/omni-pro.net\/no\/produkt\/12-pack-of-nimh-rechargeable-batteries-for-omnipro-timing-systems-with-3-gates\/#primaryimage","url":"https:\/\/omni-pro.net\/wp-content\/uploads\/2025\/05\/batteries.png","contentUrl":"https:\/\/omni-pro.net\/wp-content\/uploads\/2025\/05\/batteries.png","width":916,"height":818,"caption":"Pakke med 12 NiMH batterier"},{"@type":"BreadcrumbList","@id":"https:\/\/omni-pro.net\/no\/produkt\/12-pack-of-nimh-rechargeable-batteries-for-omnipro-timing-systems-with-3-gates\/#breadcrumb","itemListElement":[{"@type":"ListItem","position":1,"name":"Home","item":"https:\/\/omni-pro.net\/no\/"},{"@type":"ListItem","position":2,"name":"Pakke med 12 stk NiMH oppladbare batterier for OmniPro timing systems with 3 gates"}]},{"@type":"WebSite","@id":"https:\/\/temp.omni-pro.net\/#website","url":"https:\/\/temp.omni-pro.net\/","name":"OmniPro Equestrian sports timer for Equipe","description":"DEN NYE REVOLUSJONEN I SPRANGRIDNING","publisher":{"@id":"https:\/\/temp.omni-pro.net\/#organization"},"potentialAction":[{"@type":"SearchAction","target":{"@type":"EntryPoint","urlTemplate":"https:\/\/temp.omni-pro.net\/?s={search_term_string}"},"query-input":{"@type":"PropertyValueSpecification","valueRequired":true,"valueName":"search_term_string"}}],"inLanguage":"nb-NO"},{"@type":"Organization","@id":"https:\/\/temp.omni-pro.net\/#organization","name":"Sabia AS","url":"https:\/\/temp.omni-pro.net\/","logo":{"@type":"ImageObject","inLanguage":"nb-NO","@id":"https:\/\/temp.omni-pro.net\/#\/schema\/logo\/image\/","url":"https:\/\/omni-pro.net\/wp-content\/uploads\/2020\/01\/OmnoLogo-V3.png","contentUrl":"https:\/\/omni-pro.net\/wp-content\/uploads\/2020\/01\/OmnoLogo-V3.png","width":4094,"height":3482,"caption":"Sabia AS"},"image":{"@id":"https:\/\/temp.omni-pro.net\/#\/schema\/logo\/image\/"},"sameAs":["https:\/\/x.com\/omni_pro"]}]}},"_links":{"self":[{"href":"https:\/\/omni-pro.net\/no\/wp-json\/wp\/v2\/product\/20916","targetHints":{"allow":["GET"]}}],"collection":[{"href":"https:\/\/omni-pro.net\/no\/wp-json\/wp\/v2\/product"}],"about":[{"href":"https:\/\/omni-pro.net\/no\/wp-json\/wp\/v2\/types\/product"}],"wp:featuredmedia":[{"embeddable":true,"href":"https:\/\/omni-pro.net\/no\/wp-json\/wp\/v2\/media\/20915"}],"wp:attachment":[{"href":"https:\/\/omni-pro.net\/no\/wp-json\/wp\/v2\/media?parent=20916"}],"wp:term":[{"taxonomy":"product_brand","embeddable":true,"href":"https:\/\/omni-pro.net\/no\/wp-json\/wp\/v2\/product_brand?post=20916"},{"taxonomy":"product_cat","embeddable":true,"href":"https:\/\/omni-pro.net\/no\/wp-json\/wp\/v2\/product_cat?post=20916"},{"taxonomy":"product_tag","embeddable":true,"href":"https:\/\/omni-pro.net\/no\/wp-json\/wp\/v2\/product_tag?post=20916"}],"curies":[{"name":"wp","href":"https:\/\/api.w.org\/{rel}","templated":true}]}}