{"id":20680,"date":"2024-10-16T21:40:30","date_gmt":"2024-10-16T20:40:30","guid":{"rendered":"https:\/\/omni-pro.net\/?post_type=product&#038;p=20680"},"modified":"2026-02-11T18:28:42","modified_gmt":"2026-02-11T17:28:42","slug":"tipi-sett-med-6-stk","status":"publish","type":"product","link":"https:\/\/omni-pro.net\/no\/produkt\/tipi-sett-med-6-stk\/","title":{"rendered":"Tipi (sett med 6 stk)"},"content":{"rendered":"<p>Tipi er et sett med 6 stk sm\u00e5-telt som enkelt tres over hvert av stativene. De markerer den gr\u00f8nne porten som 1 START, den orange porten som 2 START\/FINISH og den gr\u00e5 porten som 3 FINISH. Hvert telt har to sider i fargen til porten. Den tredje siden er enten hvit eller r\u00f8d, slik at den markerer retningen p\u00e5 porten (r\u00f8dt=h\u00f8yre side).<\/p>\n<p>Dette tillegget gj\u00f8r OmniPro enda mer brukervennlig b\u00e5de for arrang\u00f8rer og ryttere!<\/p>\n","protected":false},"excerpt":{"rendered":"<p>Tipi er et sett med 6 stk sm\u00e5-telt som enkelt tres over hvert av stativene. De markerer den gr\u00f8nne porten som 1 START, den orange porten som 2 START\/FINISH og den gr\u00e5 porten som 3 FINISH. Hvert telt har to sider i fargen til porten. Den tredje siden er enten hvit eller r\u00f8d, slik at [&hellip;]<\/p>\n","protected":false},"featured_media":20673,"template":"","meta":[],"product_brand":[],"product_cat":[],"product_tag":[],"class_list":{"0":"post-20680","1":"product","2":"type-product","3":"status-publish","4":"has-post-thumbnail","7":"first","8":"instock","9":"taxable","10":"shipping-taxable","11":"purchasable","12":"product-type-simple"},"featured_image_url":{"thumbnail":"https:\/\/omni-pro.net\/wp-content\/uploads\/2024\/10\/tipis-150x150.png","medium":"https:\/\/omni-pro.net\/wp-content\/uploads\/2024\/10\/tipis-300x169.png","medium_large":"https:\/\/omni-pro.net\/wp-content\/uploads\/2024\/10\/tipis-768x432.png","large":"https:\/\/omni-pro.net\/wp-content\/uploads\/2024\/10\/tipis-1024x576.png","1536x1536":"https:\/\/omni-pro.net\/wp-content\/uploads\/2024\/10\/tipis-1536x864.png","2048x2048":"https:\/\/omni-pro.net\/wp-content\/uploads\/2024\/10\/tipis.png","woocommerce_thumbnail":"https:\/\/omni-pro.net\/wp-content\/uploads\/2024\/10\/tipis-480x270.png","woocommerce_single":"https:\/\/omni-pro.net\/wp-content\/uploads\/2024\/10\/tipis-600x338.png","woocommerce_gallery_thumbnail":"https:\/\/omni-pro.net\/wp-content\/uploads\/2024\/10\/tipis-100x100.png"},"post_author":"","assigned_categories":"simple, Optional","yoast_head":"<!-- This site is optimized with the Yoast SEO plugin v27.4 - https:\/\/yoast.com\/product\/yoast-seo-wordpress\/ -->\n<title>Tipi (sett med 6 stk) - Tidtaker for ridesport<\/title>\n<meta name=\"description\" content=\"Tipi (sett med 6 stk) - Tidtaker for ridesport\" \/>\n<meta name=\"robots\" content=\"noindex, follow, max-snippet:-1, max-image-preview:large, max-video-preview:-1\" \/>\n<meta property=\"og:locale\" content=\"nb_NO\" \/>\n<meta property=\"og:type\" content=\"article\" \/>\n<meta property=\"og:title\" content=\"Tipi (sett med 6 stk) - Tidtaker for ridesport\" \/>\n<meta property=\"og:description\" content=\"Tipi (sett med 6 stk) - Tidtaker for ridesport\" \/>\n<meta property=\"og:url\" content=\"https:\/\/omni-pro.net\/no\/produkt\/tipi-sett-med-6-stk\/\" \/>\n<meta property=\"og:site_name\" content=\"Tidtaker for ridesport\" \/>\n<meta property=\"article:modified_time\" content=\"2026-02-11T17:28:42+00:00\" \/>\n<meta property=\"og:image\" content=\"https:\/\/omni-pro.net\/wp-content\/uploads\/2024\/10\/tipis.png\" \/>\n\t<meta property=\"og:image:width\" content=\"1920\" \/>\n\t<meta property=\"og:image:height\" content=\"1080\" \/>\n\t<meta property=\"og:image:type\" content=\"image\/png\" \/>\n<meta name=\"twitter:card\" content=\"summary_large_image\" \/>\n<meta name=\"twitter:site\" content=\"@omni_pro\" \/>\n<meta name=\"twitter:label1\" content=\"Est. reading time\" \/>\n\t<meta name=\"twitter:data1\" content=\"1 minute\" \/>\n<script type=\"application\/ld+json\" class=\"yoast-schema-graph\">{\"@context\":\"https:\\\/\\\/schema.org\",\"@graph\":[{\"@type\":\"WebPage\",\"@id\":\"https:\\\/\\\/omni-pro.net\\\/no\\\/produkt\\\/tipi-sett-med-6-stk\\\/\",\"url\":\"https:\\\/\\\/omni-pro.net\\\/no\\\/produkt\\\/tipi-sett-med-6-stk\\\/\",\"name\":\"Tipi (sett med 6 stk) - Tidtaker for ridesport\",\"isPartOf\":{\"@id\":\"https:\\\/\\\/omni-pro.net\\\/#website\"},\"primaryImageOfPage\":{\"@id\":\"https:\\\/\\\/omni-pro.net\\\/no\\\/produkt\\\/tipi-sett-med-6-stk\\\/#primaryimage\"},\"image\":{\"@id\":\"https:\\\/\\\/omni-pro.net\\\/no\\\/produkt\\\/tipi-sett-med-6-stk\\\/#primaryimage\"},\"thumbnailUrl\":\"https:\\\/\\\/omni-pro.net\\\/wp-content\\\/uploads\\\/2024\\\/10\\\/tipis.png\",\"datePublished\":\"2024-10-16T20:40:30+00:00\",\"dateModified\":\"2026-02-11T17:28:42+00:00\",\"description\":\"Tipi (sett med 6 stk) - Tidtaker for ridesport\",\"breadcrumb\":{\"@id\":\"https:\\\/\\\/omni-pro.net\\\/no\\\/produkt\\\/tipi-sett-med-6-stk\\\/#breadcrumb\"},\"inLanguage\":\"nb-NO\",\"potentialAction\":[{\"@type\":\"ReadAction\",\"target\":[\"https:\\\/\\\/omni-pro.net\\\/no\\\/produkt\\\/tipi-sett-med-6-stk\\\/\"]}]},{\"@type\":\"ImageObject\",\"inLanguage\":\"nb-NO\",\"@id\":\"https:\\\/\\\/omni-pro.net\\\/no\\\/produkt\\\/tipi-sett-med-6-stk\\\/#primaryimage\",\"url\":\"https:\\\/\\\/omni-pro.net\\\/wp-content\\\/uploads\\\/2024\\\/10\\\/tipis.png\",\"contentUrl\":\"https:\\\/\\\/omni-pro.net\\\/wp-content\\\/uploads\\\/2024\\\/10\\\/tipis.png\",\"width\":1920,\"height\":1080,\"caption\":\"Tipis\"},{\"@type\":\"BreadcrumbList\",\"@id\":\"https:\\\/\\\/omni-pro.net\\\/no\\\/produkt\\\/tipi-sett-med-6-stk\\\/#breadcrumb\",\"itemListElement\":[{\"@type\":\"ListItem\",\"position\":1,\"name\":\"Home\",\"item\":\"https:\\\/\\\/omni-pro.net\\\/no\\\/\"},{\"@type\":\"ListItem\",\"position\":2,\"name\":\"Tipi (sett med 6 stk)\"}]},{\"@type\":\"WebSite\",\"@id\":\"https:\\\/\\\/omni-pro.net\\\/#website\",\"url\":\"https:\\\/\\\/omni-pro.net\\\/\",\"name\":\"OmniPro Equestrian sports timer for Equipe\",\"description\":\"DEN NYE REVOLUSJONEN I SPRANGRIDNING\",\"publisher\":{\"@id\":\"https:\\\/\\\/omni-pro.net\\\/#organization\"},\"potentialAction\":[{\"@type\":\"SearchAction\",\"target\":{\"@type\":\"EntryPoint\",\"urlTemplate\":\"https:\\\/\\\/omni-pro.net\\\/?s={search_term_string}\"},\"query-input\":{\"@type\":\"PropertyValueSpecification\",\"valueRequired\":true,\"valueName\":\"search_term_string\"}}],\"inLanguage\":\"nb-NO\"},{\"@type\":\"Organization\",\"@id\":\"https:\\\/\\\/omni-pro.net\\\/#organization\",\"name\":\"Sabia AS\",\"url\":\"https:\\\/\\\/omni-pro.net\\\/\",\"logo\":{\"@type\":\"ImageObject\",\"inLanguage\":\"nb-NO\",\"@id\":\"https:\\\/\\\/omni-pro.net\\\/#\\\/schema\\\/logo\\\/image\\\/\",\"url\":\"http:\\\/\\\/145.223.81.156\\\/wp-content\\\/uploads\\\/2020\\\/01\\\/OmnoLogo-V3.png\",\"contentUrl\":\"http:\\\/\\\/145.223.81.156\\\/wp-content\\\/uploads\\\/2020\\\/01\\\/OmnoLogo-V3.png\",\"width\":4094,\"height\":3482,\"caption\":\"Sabia AS\"},\"image\":{\"@id\":\"https:\\\/\\\/omni-pro.net\\\/#\\\/schema\\\/logo\\\/image\\\/\"},\"sameAs\":[\"https:\\\/\\\/x.com\\\/omni_pro\"]}]}<\/script>\n<!-- \/ Yoast SEO plugin. -->","yoast_head_json":{"title":"Tipi (sett med 6 stk) - Tidtaker for ridesport","description":"Tipi (sett med 6 stk) - Tidtaker for ridesport","robots":{"index":"noindex","follow":"follow","max-snippet":"max-snippet:-1","max-image-preview":"max-image-preview:large","max-video-preview":"max-video-preview:-1"},"og_locale":"nb_NO","og_type":"article","og_title":"Tipi (sett med 6 stk) - Tidtaker for ridesport","og_description":"Tipi (sett med 6 stk) - Tidtaker for ridesport","og_url":"https:\/\/omni-pro.net\/no\/produkt\/tipi-sett-med-6-stk\/","og_site_name":"Tidtaker for ridesport","article_modified_time":"2026-02-11T17:28:42+00:00","og_image":[{"width":1920,"height":1080,"url":"https:\/\/omni-pro.net\/wp-content\/uploads\/2024\/10\/tipis.png","type":"image\/png"}],"twitter_card":"summary_large_image","twitter_site":"@omni_pro","twitter_misc":{"Est. reading time":"1 minute"},"schema":{"@context":"https:\/\/schema.org","@graph":[{"@type":"WebPage","@id":"https:\/\/omni-pro.net\/no\/produkt\/tipi-sett-med-6-stk\/","url":"https:\/\/omni-pro.net\/no\/produkt\/tipi-sett-med-6-stk\/","name":"Tipi (sett med 6 stk) - Tidtaker for ridesport","isPartOf":{"@id":"https:\/\/omni-pro.net\/#website"},"primaryImageOfPage":{"@id":"https:\/\/omni-pro.net\/no\/produkt\/tipi-sett-med-6-stk\/#primaryimage"},"image":{"@id":"https:\/\/omni-pro.net\/no\/produkt\/tipi-sett-med-6-stk\/#primaryimage"},"thumbnailUrl":"https:\/\/omni-pro.net\/wp-content\/uploads\/2024\/10\/tipis.png","datePublished":"2024-10-16T20:40:30+00:00","dateModified":"2026-02-11T17:28:42+00:00","description":"Tipi (sett med 6 stk) - Tidtaker for ridesport","breadcrumb":{"@id":"https:\/\/omni-pro.net\/no\/produkt\/tipi-sett-med-6-stk\/#breadcrumb"},"inLanguage":"nb-NO","potentialAction":[{"@type":"ReadAction","target":["https:\/\/omni-pro.net\/no\/produkt\/tipi-sett-med-6-stk\/"]}]},{"@type":"ImageObject","inLanguage":"nb-NO","@id":"https:\/\/omni-pro.net\/no\/produkt\/tipi-sett-med-6-stk\/#primaryimage","url":"https:\/\/omni-pro.net\/wp-content\/uploads\/2024\/10\/tipis.png","contentUrl":"https:\/\/omni-pro.net\/wp-content\/uploads\/2024\/10\/tipis.png","width":1920,"height":1080,"caption":"Tipis"},{"@type":"BreadcrumbList","@id":"https:\/\/omni-pro.net\/no\/produkt\/tipi-sett-med-6-stk\/#breadcrumb","itemListElement":[{"@type":"ListItem","position":1,"name":"Home","item":"https:\/\/omni-pro.net\/no\/"},{"@type":"ListItem","position":2,"name":"Tipi (sett med 6 stk)"}]},{"@type":"WebSite","@id":"https:\/\/omni-pro.net\/#website","url":"https:\/\/omni-pro.net\/","name":"OmniPro Equestrian sports timer for Equipe","description":"DEN NYE REVOLUSJONEN I SPRANGRIDNING","publisher":{"@id":"https:\/\/omni-pro.net\/#organization"},"potentialAction":[{"@type":"SearchAction","target":{"@type":"EntryPoint","urlTemplate":"https:\/\/omni-pro.net\/?s={search_term_string}"},"query-input":{"@type":"PropertyValueSpecification","valueRequired":true,"valueName":"search_term_string"}}],"inLanguage":"nb-NO"},{"@type":"Organization","@id":"https:\/\/omni-pro.net\/#organization","name":"Sabia AS","url":"https:\/\/omni-pro.net\/","logo":{"@type":"ImageObject","inLanguage":"nb-NO","@id":"https:\/\/omni-pro.net\/#\/schema\/logo\/image\/","url":"http:\/\/145.223.81.156\/wp-content\/uploads\/2020\/01\/OmnoLogo-V3.png","contentUrl":"http:\/\/145.223.81.156\/wp-content\/uploads\/2020\/01\/OmnoLogo-V3.png","width":4094,"height":3482,"caption":"Sabia AS"},"image":{"@id":"https:\/\/omni-pro.net\/#\/schema\/logo\/image\/"},"sameAs":["https:\/\/x.com\/omni_pro"]}]}},"_links":{"self":[{"href":"https:\/\/omni-pro.net\/no\/wp-json\/wp\/v2\/product\/20680","targetHints":{"allow":["GET"]}}],"collection":[{"href":"https:\/\/omni-pro.net\/no\/wp-json\/wp\/v2\/product"}],"about":[{"href":"https:\/\/omni-pro.net\/no\/wp-json\/wp\/v2\/types\/product"}],"wp:featuredmedia":[{"embeddable":true,"href":"https:\/\/omni-pro.net\/no\/wp-json\/wp\/v2\/media\/20673"}],"wp:attachment":[{"href":"https:\/\/omni-pro.net\/no\/wp-json\/wp\/v2\/media?parent=20680"}],"wp:term":[{"taxonomy":"product_brand","embeddable":true,"href":"https:\/\/omni-pro.net\/no\/wp-json\/wp\/v2\/product_brand?post=20680"},{"taxonomy":"product_cat","embeddable":true,"href":"https:\/\/omni-pro.net\/no\/wp-json\/wp\/v2\/product_cat?post=20680"},{"taxonomy":"product_tag","embeddable":true,"href":"https:\/\/omni-pro.net\/no\/wp-json\/wp\/v2\/product_tag?post=20680"}],"curies":[{"name":"wp","href":"https:\/\/api.w.org\/{rel}","templated":true}]}}