{"id":20457,"date":"2024-02-29T11:54:00","date_gmt":"2024-02-29T10:54:00","guid":{"rendered":"https:\/\/omni-pro.net\/product\/utendors-banner-display-led-fullfarge-p5-x19\/"},"modified":"2025-03-03T23:26:33","modified_gmt":"2025-03-03T22:26:33","slug":"utendors-banner-display-led-fullfarge-p5-x19","status":"publish","type":"product","link":"https:\/\/omni-pro.net\/no\/produkt\/utendors-banner-display-led-fullfarge-p5-x19\/","title":{"rendered":"Utend\u00f8rs banner display LED fullfarge P5 X19"},"content":{"rendered":"<p>Cosmi P5 X19 fullfarge banner display er en ideell partner til OmniPro tidtakeren. Det er designet for fast montering, enten innend\u00f8rs eller utend\u00f8rs. Displayets totale st\u00f8rrelse er 1902x540x102mm, og selve displayflaten er 1920x480mm. Pikselavstanden er 5mm.<\/p>\n<p>Displayet har hele 5000 NITS lysstyrke, og synes godt selv i sterkt sollys. Det er enkelt \u00e5 henge opp, enten p\u00e5 kroker eller i vire\/vinsj. Det medf\u00f8lger en lyssensor som sikrer optimal lysstyrke under varierende lysforhold, og dermed tilpasser str\u00f8mforbruket.<\/p>\n<p>Skjermen veier kun 52 kg, og kan monteres mot vegg eller hengende. Fronten \u00e5pnes for vedlikehold, og har en demper for \u00e5 holde frontdekselet \u00e5pent. Innkapslingsgraden p\u00e5 IP54 s\u00f8rger for at displayet er beskyttet mot regn, sn\u00f8 og st\u00f8v.<\/p>\n<p>Str\u00f8mforsyning er vanlig 230V nettuttak, Gjennomsnittlig str\u00f8mforbruk er 308W.<\/p>\n<p>Lystavlen kommer komplett med videoprosessor som kan vise ekvipasjens resultat live, eller enkelt skifte til \u00e5 vise et forh\u00e5ndsgenerert slideshow som en enkelt setter opp med den inkluderte programvaren. Dette kan eksempelvis brukes til \u00e5 minne om dugnader, p\u00e5meldinger, tilbud i kiosken, eller hva annet dere m\u00e5tte \u00f8nske. En kan ogs\u00e5 sette opp hvilke tider p\u00e5 d\u00f8gnet lystavlen skal v\u00e6re p\u00e5sl\u00e5tt.<\/p>\n<p>Vi er en offisiell Cosmi distribut\u00f8r, s\u00e5 v\u00e5re kunder f\u00e5r den beste servicen og teknisk assistanse ved behov. Dette produktet sendes direkte fra fabrikanten i Spania, men kan normalt leveres raskt. For \u00e5 bestille dette displayet m\u00e5 frakten beregnes f\u00f8r bestillingen gjennomf\u00f8res.<\/p>\n<p>Standardgarantien er 2 \u00e5r. Den utvidede garantien er 3 \u00e5r.<\/p>\n<p>For utend\u00f8rs montasje anbefaler vi \u00e5 bruke en beskyttende spray (se i v\u00e5r butikkk), og spraye baksiden av displayet hver 6. m\u00e5ned. Det vil forlenge levetiden p\u00e5 displayet og beskytte mot fuktighet.<\/p>\n<p>Vi kan ogs\u00e5 levere h\u00f8yere pikseltetthet og andre typer displayer, bare ta kontakt eller g\u00e5 til v\u00e5r Cosmi webside <a href=\"http:\/\/www.sabia.no\">sabia.no<\/a><\/p>\n","protected":false},"excerpt":{"rendered":"<p>Cosmi P5 X19 fullfarge utend\u00f8rs banner display. 1980*540*103mm \/ 384*96pixels \/ Tilgang fra front.<\/p>\n","protected":false},"featured_media":20448,"template":"","meta":[],"product_brand":[],"product_cat":[],"product_tag":[],"class_list":{"0":"post-20457","1":"product","2":"type-product","3":"status-publish","4":"has-post-thumbnail","7":"first","8":"instock","9":"taxable","10":"shipping-taxable","11":"purchasable","12":"product-type-variable"},"featured_image_url":{"thumbnail":"https:\/\/omni-pro.net\/wp-content\/uploads\/2024\/02\/CARTEL-P5-X19-2-1-150x150.jpg","medium":"https:\/\/omni-pro.net\/wp-content\/uploads\/2024\/02\/CARTEL-P5-X19-2-1-300x223.jpg","medium_large":"https:\/\/omni-pro.net\/wp-content\/uploads\/2024\/02\/CARTEL-P5-X19-2-1-768x570.jpg","large":"https:\/\/omni-pro.net\/wp-content\/uploads\/2024\/02\/CARTEL-P5-X19-2-1.jpg","1536x1536":"https:\/\/omni-pro.net\/wp-content\/uploads\/2024\/02\/CARTEL-P5-X19-2-1.jpg","2048x2048":"https:\/\/omni-pro.net\/wp-content\/uploads\/2024\/02\/CARTEL-P5-X19-2-1.jpg","woocommerce_thumbnail":"https:\/\/omni-pro.net\/wp-content\/uploads\/2024\/02\/CARTEL-P5-X19-2-1-480x270.jpg","woocommerce_single":"https:\/\/omni-pro.net\/wp-content\/uploads\/2024\/02\/CARTEL-P5-X19-2-1-600x446.jpg","woocommerce_gallery_thumbnail":"https:\/\/omni-pro.net\/wp-content\/uploads\/2024\/02\/CARTEL-P5-X19-2-1-100x100.jpg"},"post_author":"","assigned_categories":"variable, Optional","yoast_head":"<!-- This site is optimized with the Yoast SEO plugin v27.4 - https:\/\/yoast.com\/product\/yoast-seo-wordpress\/ -->\n<title>Utend\u00f8rs banner display LED fullfarge P5 X19 - Tidtaker for ridesport<\/title>\n<meta name=\"description\" content=\"Utend\u00f8rs banner display LED fullfarge P5 X19 - Tidtaker for ridesport\" \/>\n<meta name=\"robots\" content=\"noindex, follow, max-snippet:-1, max-image-preview:large, max-video-preview:-1\" \/>\n<meta property=\"og:locale\" content=\"nb_NO\" \/>\n<meta property=\"og:type\" content=\"article\" \/>\n<meta property=\"og:title\" content=\"Utend\u00f8rs banner display LED fullfarge P5 X19 - Tidtaker for ridesport\" \/>\n<meta property=\"og:description\" content=\"Utend\u00f8rs banner display LED fullfarge P5 X19 - Tidtaker for ridesport\" \/>\n<meta property=\"og:url\" content=\"https:\/\/omni-pro.net\/no\/produkt\/utendors-banner-display-led-fullfarge-p5-x19\/\" \/>\n<meta property=\"og:site_name\" content=\"Tidtaker for ridesport\" \/>\n<meta property=\"article:modified_time\" content=\"2025-03-03T22:26:33+00:00\" \/>\n<meta property=\"og:image\" content=\"https:\/\/omni-pro.net\/wp-content\/uploads\/2024\/02\/CARTEL-P5-X19-2-1.jpg\" \/>\n\t<meta property=\"og:image:width\" content=\"800\" \/>\n\t<meta property=\"og:image:height\" content=\"594\" \/>\n\t<meta property=\"og:image:type\" content=\"image\/jpeg\" \/>\n<meta name=\"twitter:card\" content=\"summary_large_image\" \/>\n<meta name=\"twitter:site\" content=\"@omni_pro\" \/>\n<meta name=\"twitter:label1\" content=\"Est. reading time\" \/>\n\t<meta name=\"twitter:data1\" content=\"2 minutes\" \/>\n<script type=\"application\/ld+json\" class=\"yoast-schema-graph\">{\"@context\":\"https:\\\/\\\/schema.org\",\"@graph\":[{\"@type\":\"WebPage\",\"@id\":\"https:\\\/\\\/omni-pro.net\\\/no\\\/produkt\\\/utendors-banner-display-led-fullfarge-p5-x19\\\/\",\"url\":\"https:\\\/\\\/omni-pro.net\\\/no\\\/produkt\\\/utendors-banner-display-led-fullfarge-p5-x19\\\/\",\"name\":\"Utend\u00f8rs banner display LED fullfarge P5 X19 - Tidtaker for ridesport\",\"isPartOf\":{\"@id\":\"https:\\\/\\\/omni-pro.net\\\/#website\"},\"primaryImageOfPage\":{\"@id\":\"https:\\\/\\\/omni-pro.net\\\/no\\\/produkt\\\/utendors-banner-display-led-fullfarge-p5-x19\\\/#primaryimage\"},\"image\":{\"@id\":\"https:\\\/\\\/omni-pro.net\\\/no\\\/produkt\\\/utendors-banner-display-led-fullfarge-p5-x19\\\/#primaryimage\"},\"thumbnailUrl\":\"https:\\\/\\\/omni-pro.net\\\/wp-content\\\/uploads\\\/2024\\\/02\\\/CARTEL-P5-X19-2-1.jpg\",\"datePublished\":\"2024-02-29T10:54:00+00:00\",\"dateModified\":\"2025-03-03T22:26:33+00:00\",\"description\":\"Utend\u00f8rs banner display LED fullfarge P5 X19 - Tidtaker for ridesport\",\"breadcrumb\":{\"@id\":\"https:\\\/\\\/omni-pro.net\\\/no\\\/produkt\\\/utendors-banner-display-led-fullfarge-p5-x19\\\/#breadcrumb\"},\"inLanguage\":\"nb-NO\",\"potentialAction\":[{\"@type\":\"ReadAction\",\"target\":[\"https:\\\/\\\/omni-pro.net\\\/no\\\/produkt\\\/utendors-banner-display-led-fullfarge-p5-x19\\\/\"]}]},{\"@type\":\"ImageObject\",\"inLanguage\":\"nb-NO\",\"@id\":\"https:\\\/\\\/omni-pro.net\\\/no\\\/produkt\\\/utendors-banner-display-led-fullfarge-p5-x19\\\/#primaryimage\",\"url\":\"https:\\\/\\\/omni-pro.net\\\/wp-content\\\/uploads\\\/2024\\\/02\\\/CARTEL-P5-X19-2-1.jpg\",\"contentUrl\":\"https:\\\/\\\/omni-pro.net\\\/wp-content\\\/uploads\\\/2024\\\/02\\\/CARTEL-P5-X19-2-1.jpg\",\"width\":800,\"height\":594},{\"@type\":\"BreadcrumbList\",\"@id\":\"https:\\\/\\\/omni-pro.net\\\/no\\\/produkt\\\/utendors-banner-display-led-fullfarge-p5-x19\\\/#breadcrumb\",\"itemListElement\":[{\"@type\":\"ListItem\",\"position\":1,\"name\":\"Home\",\"item\":\"https:\\\/\\\/omni-pro.net\\\/no\\\/\"},{\"@type\":\"ListItem\",\"position\":2,\"name\":\"Utend\u00f8rs banner display LED fullfarge P5 X19\"}]},{\"@type\":\"WebSite\",\"@id\":\"https:\\\/\\\/omni-pro.net\\\/#website\",\"url\":\"https:\\\/\\\/omni-pro.net\\\/\",\"name\":\"OmniPro Equestrian sports timer for Equipe\",\"description\":\"DEN NYE REVOLUSJONEN I SPRANGRIDNING\",\"publisher\":{\"@id\":\"https:\\\/\\\/omni-pro.net\\\/#organization\"},\"potentialAction\":[{\"@type\":\"SearchAction\",\"target\":{\"@type\":\"EntryPoint\",\"urlTemplate\":\"https:\\\/\\\/omni-pro.net\\\/?s={search_term_string}\"},\"query-input\":{\"@type\":\"PropertyValueSpecification\",\"valueRequired\":true,\"valueName\":\"search_term_string\"}}],\"inLanguage\":\"nb-NO\"},{\"@type\":\"Organization\",\"@id\":\"https:\\\/\\\/omni-pro.net\\\/#organization\",\"name\":\"Sabia AS\",\"url\":\"https:\\\/\\\/omni-pro.net\\\/\",\"logo\":{\"@type\":\"ImageObject\",\"inLanguage\":\"nb-NO\",\"@id\":\"https:\\\/\\\/omni-pro.net\\\/#\\\/schema\\\/logo\\\/image\\\/\",\"url\":\"http:\\\/\\\/145.223.81.156\\\/wp-content\\\/uploads\\\/2020\\\/01\\\/OmnoLogo-V3.png\",\"contentUrl\":\"http:\\\/\\\/145.223.81.156\\\/wp-content\\\/uploads\\\/2020\\\/01\\\/OmnoLogo-V3.png\",\"width\":4094,\"height\":3482,\"caption\":\"Sabia AS\"},\"image\":{\"@id\":\"https:\\\/\\\/omni-pro.net\\\/#\\\/schema\\\/logo\\\/image\\\/\"},\"sameAs\":[\"https:\\\/\\\/x.com\\\/omni_pro\"]}]}<\/script>\n<!-- \/ Yoast SEO plugin. -->","yoast_head_json":{"title":"Utend\u00f8rs banner display LED fullfarge P5 X19 - Tidtaker for ridesport","description":"Utend\u00f8rs banner display LED fullfarge P5 X19 - Tidtaker for ridesport","robots":{"index":"noindex","follow":"follow","max-snippet":"max-snippet:-1","max-image-preview":"max-image-preview:large","max-video-preview":"max-video-preview:-1"},"og_locale":"nb_NO","og_type":"article","og_title":"Utend\u00f8rs banner display LED fullfarge P5 X19 - Tidtaker for ridesport","og_description":"Utend\u00f8rs banner display LED fullfarge P5 X19 - Tidtaker for ridesport","og_url":"https:\/\/omni-pro.net\/no\/produkt\/utendors-banner-display-led-fullfarge-p5-x19\/","og_site_name":"Tidtaker for ridesport","article_modified_time":"2025-03-03T22:26:33+00:00","og_image":[{"width":800,"height":594,"url":"https:\/\/omni-pro.net\/wp-content\/uploads\/2024\/02\/CARTEL-P5-X19-2-1.jpg","type":"image\/jpeg"}],"twitter_card":"summary_large_image","twitter_site":"@omni_pro","twitter_misc":{"Est. reading time":"2 minutes"},"schema":{"@context":"https:\/\/schema.org","@graph":[{"@type":"WebPage","@id":"https:\/\/omni-pro.net\/no\/produkt\/utendors-banner-display-led-fullfarge-p5-x19\/","url":"https:\/\/omni-pro.net\/no\/produkt\/utendors-banner-display-led-fullfarge-p5-x19\/","name":"Utend\u00f8rs banner display LED fullfarge P5 X19 - Tidtaker for ridesport","isPartOf":{"@id":"https:\/\/omni-pro.net\/#website"},"primaryImageOfPage":{"@id":"https:\/\/omni-pro.net\/no\/produkt\/utendors-banner-display-led-fullfarge-p5-x19\/#primaryimage"},"image":{"@id":"https:\/\/omni-pro.net\/no\/produkt\/utendors-banner-display-led-fullfarge-p5-x19\/#primaryimage"},"thumbnailUrl":"https:\/\/omni-pro.net\/wp-content\/uploads\/2024\/02\/CARTEL-P5-X19-2-1.jpg","datePublished":"2024-02-29T10:54:00+00:00","dateModified":"2025-03-03T22:26:33+00:00","description":"Utend\u00f8rs banner display LED fullfarge P5 X19 - Tidtaker for ridesport","breadcrumb":{"@id":"https:\/\/omni-pro.net\/no\/produkt\/utendors-banner-display-led-fullfarge-p5-x19\/#breadcrumb"},"inLanguage":"nb-NO","potentialAction":[{"@type":"ReadAction","target":["https:\/\/omni-pro.net\/no\/produkt\/utendors-banner-display-led-fullfarge-p5-x19\/"]}]},{"@type":"ImageObject","inLanguage":"nb-NO","@id":"https:\/\/omni-pro.net\/no\/produkt\/utendors-banner-display-led-fullfarge-p5-x19\/#primaryimage","url":"https:\/\/omni-pro.net\/wp-content\/uploads\/2024\/02\/CARTEL-P5-X19-2-1.jpg","contentUrl":"https:\/\/omni-pro.net\/wp-content\/uploads\/2024\/02\/CARTEL-P5-X19-2-1.jpg","width":800,"height":594},{"@type":"BreadcrumbList","@id":"https:\/\/omni-pro.net\/no\/produkt\/utendors-banner-display-led-fullfarge-p5-x19\/#breadcrumb","itemListElement":[{"@type":"ListItem","position":1,"name":"Home","item":"https:\/\/omni-pro.net\/no\/"},{"@type":"ListItem","position":2,"name":"Utend\u00f8rs banner display LED fullfarge P5 X19"}]},{"@type":"WebSite","@id":"https:\/\/omni-pro.net\/#website","url":"https:\/\/omni-pro.net\/","name":"OmniPro Equestrian sports timer for Equipe","description":"DEN NYE REVOLUSJONEN I SPRANGRIDNING","publisher":{"@id":"https:\/\/omni-pro.net\/#organization"},"potentialAction":[{"@type":"SearchAction","target":{"@type":"EntryPoint","urlTemplate":"https:\/\/omni-pro.net\/?s={search_term_string}"},"query-input":{"@type":"PropertyValueSpecification","valueRequired":true,"valueName":"search_term_string"}}],"inLanguage":"nb-NO"},{"@type":"Organization","@id":"https:\/\/omni-pro.net\/#organization","name":"Sabia AS","url":"https:\/\/omni-pro.net\/","logo":{"@type":"ImageObject","inLanguage":"nb-NO","@id":"https:\/\/omni-pro.net\/#\/schema\/logo\/image\/","url":"http:\/\/145.223.81.156\/wp-content\/uploads\/2020\/01\/OmnoLogo-V3.png","contentUrl":"http:\/\/145.223.81.156\/wp-content\/uploads\/2020\/01\/OmnoLogo-V3.png","width":4094,"height":3482,"caption":"Sabia AS"},"image":{"@id":"https:\/\/omni-pro.net\/#\/schema\/logo\/image\/"},"sameAs":["https:\/\/x.com\/omni_pro"]}]}},"_links":{"self":[{"href":"https:\/\/omni-pro.net\/no\/wp-json\/wp\/v2\/product\/20457","targetHints":{"allow":["GET"]}}],"collection":[{"href":"https:\/\/omni-pro.net\/no\/wp-json\/wp\/v2\/product"}],"about":[{"href":"https:\/\/omni-pro.net\/no\/wp-json\/wp\/v2\/types\/product"}],"wp:featuredmedia":[{"embeddable":true,"href":"https:\/\/omni-pro.net\/no\/wp-json\/wp\/v2\/media\/20448"}],"wp:attachment":[{"href":"https:\/\/omni-pro.net\/no\/wp-json\/wp\/v2\/media?parent=20457"}],"wp:term":[{"taxonomy":"product_brand","embeddable":true,"href":"https:\/\/omni-pro.net\/no\/wp-json\/wp\/v2\/product_brand?post=20457"},{"taxonomy":"product_cat","embeddable":true,"href":"https:\/\/omni-pro.net\/no\/wp-json\/wp\/v2\/product_cat?post=20457"},{"taxonomy":"product_tag","embeddable":true,"href":"https:\/\/omni-pro.net\/no\/wp-json\/wp\/v2\/product_tag?post=20457"}],"curies":[{"name":"wp","href":"https:\/\/api.w.org\/{rel}","templated":true}]}}