{"id":679,"date":"2020-01-19T00:03:50","date_gmt":"2020-01-19T00:03:50","guid":{"rendered":"https:\/\/omni-pro.net\/?page_id=679"},"modified":"2024-02-16T10:12:13","modified_gmt":"2024-02-16T09:12:13","slug":"betingelser-og-vilkar","status":"publish","type":"page","link":"https:\/\/omni-pro.net\/no\/betingelser-og-vilkar\/","title":{"rendered":"Betingelser og vilk\u00e5r"},"content":{"rendered":"\n<h2 class=\"wp-block-heading\" id=\"h-betingelser-og-vilkar\">Betingelser og vilk\u00e5r<\/h2>\n\n\n\n<h3 class=\"wp-block-heading\" id=\"h-1-generelle-opplysninger\"><strong>1. Generelle opplysninger<\/strong><\/h3>\n\n\n\n<p><strong>Sabia AS<br><\/strong>\u00c5slandveien 34<br>1274 Oslo<br>Norge<\/p>\n\n\n\n<p>Telefonnummer: +47&nbsp;22535123<br>E-post:&nbsp;sales@omni-pro.net<\/p>\n\n\n\n<p>Organisasjonsnummer: NO&nbsp;917278644&nbsp;MVA<br><br><strong>Generell salgsinformasjon<br><\/strong>Den prisen som angis ved bestillingstidspunktet er gjeldende.&nbsp;Unntak ved feil som beskrevet i andre avsnitt i &laquo;Kj\u00f8p hos Sabia AS&raquo;.&nbsp;Alle bestillinger gj\u00f8res via v\u00e5r nettside&nbsp;<a href=\"https:\/\/omni-pro.net\/no\/\">www.omni-pro.net<\/a>.&nbsp;<\/p>\n\n\n\n<p><strong>Kj\u00f8p hos Sabia AS<br><\/strong>Kj\u00f8psavtalen blir f\u00f8rst bindende hos&nbsp;Sabia AS n\u00e5r du har f\u00e5tt en ordrebekreftelse p\u00e5 e-post. <\/p>\n\n\n\n<p>Sabia AS&nbsp;tilbyr kun tjenester og produkter til registrerte rideklubber i Norge og E\u00d8S-landene.<br>Vi tar forbehold om feil i priser og feil i beskrivelser eller bilder.&nbsp;Sabia AS skal ikke holdes ansvarlig for feil som er for\u00e5rsaket av valutakursendringer, krig, terrorisme, naturkatastrofer, kjernev\u00e5penangrep, force majeure, leveringsproblemer, skatte- og avgifts forandringer, utsolgte varer, systemfeil og trykkfeil.&nbsp;Sabia AS tar ogs\u00e5 forbehold om utsolgte varer og forsinkede leveranser fra v\u00e5re leverand\u00f8rer.<br><\/p>\n\n\n\n<p><strong>Avbestillinger<br><\/strong>Om du vil avbryte en bestilling,&nbsp;m\u00e5 det gj\u00f8res ved \u00e5 sende en e-post til&nbsp;<a href=\"mailto:sales@omni-pro.net\">sales@omni-pro.net<\/a>&nbsp;s\u00e5 raskt som mulig&nbsp;etter at&nbsp;bestillingen er lagt inn,&nbsp;og f\u00f8r bestillingen&nbsp;er pakket og gjort klar til forsendelse.<br>E-posten skal&nbsp;merkes&nbsp;med &laquo;<strong>Avbestilling<\/strong>&raquo;&nbsp;i emnefeltet, og&nbsp;e-posten&nbsp;m\u00e5 inneholde informasjon om&nbsp;n\u00e5r&nbsp;ordren ble lagt inn og&nbsp;bestillingsnummer.&nbsp;<\/p>\n\n\n\n<p>Ordren er ikke godkjent som avbestilt f\u00f8r du har mottatt e-post fra oss som bekrefter avbestillingen. Kunder som vil avbestille anbefales \u00e5 ringe kundeservice p\u00e5&nbsp;+47 22535123&nbsp;for \u00e5 v\u00e6re sikker p\u00e5 at vi har mottatt \u00f8nsket om avbestilling.&nbsp;<br><br><strong>Priser, avtaler og illustrerende bilder p\u00e5 nettsiden.<\/strong><br>Alle priser er&nbsp;eksklusiv&nbsp;25 % mva. og i norske kroner om ikke annet er oppgitt. Vi tar forbehold om feil i beskrivelser og \/ eller bilder, og gj\u00f8r oppmerksom p\u00e5 at avvik kan forekomme varens spesifikasjon \/ utseende.&nbsp;Priser og spesifikasjoner kan justeres uten forvarsel.&nbsp;<\/p>\n\n\n\n<h3 class=\"wp-block-heading\" id=\"h-2-betaling\"><strong>2. Betaling<\/strong><\/h3>\n\n\n\n<p>Mulige betalingsformer:<\/p>\n\n\n\n<ul class=\"wp-block-list\">\n<li>VISA<\/li>\n\n\n\n<li>Klarna<\/li>\n<\/ul>\n\n\n\n<p>Varene skal betales ved bestilling.&nbsp;Betaling med Klarna gir 30-dagers betaling og andre alternativer, dette er en avtale mellom kunden og Klarna.&nbsp;<\/p>\n\n\n\n<h3 class=\"wp-block-heading\" id=\"h-3-frakt\"><strong>3. Frakt<\/strong><\/h3>\n\n\n\n<p>Fraktmetode framg\u00e5r ved bestilling.&nbsp;Valg av fraktmetoder og fraktpriser kan variere utfra ulike kriterier, som vekt og varens dimensjoner.&nbsp;Kj\u00f8per overtar ansvaret for varene i det \u00f8yeblikket varene er ansett som levert.&nbsp;Sabia AS har tegnet en forsikring som dekker eventuell beskadigelse eller tap av varen under transport.<br><br><strong>Leveringsvilk\u00e5r<\/strong><br>Varene blir levert til&nbsp;rideklubbens\/bedriftens addresse.&nbsp;<\/p>\n\n\n\n<p>Sendinger med kolli som veier over 35 kilo, eller sendinger med kolli som overskrider fysiske begrensninger for levering blir levert p\u00e5 bakke \/ gateniv\u00e5.<\/p>\n\n\n\n<p>V\u00e5re betingelser for frakt og levering gjelder fastlands-Norge. Det m\u00e5 v\u00e6re offentlig vei frem til mottaker. For steder som ikke er definert som fastlands-Norge kan det leveres per post inntil 25 kg. Det vil da tilkomme frakt i henhold til postens satser.&nbsp;<br><br>Det er kun ordre som kan leveres med post som sendes til Svalbard. For ordre som ikke kan sendes med post leveres ordren til havn \/ flyplass i fastlands-Norge, med normale leveringsbetingelser. Kunden m\u00e5 selv bes\u00f8rge frakt fra leveringssted i fastlands-Norge til Svalbard.<br><br>Ved leveringsforsinkelse som er for\u00e5rsaket av kunden, kan det p\u00e5l\u00f8pe ekstra kostnader (lagerleie) i fra transport\u00f8ren som vil bli etterfakturert.<br><br><strong>Transportskade<\/strong><br>Ved varemottak m\u00e5 kunden kontrollere at man har mottatt riktig antall varer og at de er fri for skader. Er det skader p\u00e5 emballasje er det s\u00e6rdeles viktig at transport\u00f8ren gj\u00f8res oppmerksom p\u00e5 skaden og at han rapporterer dette i sitt system. Kontroller gjerne at produktet er fri for skade mens sj\u00e5f\u00f8ren venter.<br><br>Blir det derimot avdekket skjulte skader m\u00e5 dette rapporteres umiddelbart E-post:&nbsp;sales@omni-pro.net&nbsp;og til transport\u00f8ren.&nbsp;<br><br>Ved transportskader m\u00e5 produktet ikke tas i bruk, i motsatt fall aksepteres leveransen.<\/p>\n\n\n\n<h3 class=\"wp-block-heading\" id=\"h-4-salgsbetingelser-bedrift\"><strong>4. Salgsbetingelser &#8211; bedrift<\/strong><\/h3>\n\n\n\n<p>Sabia AS selger kun til\u00a0bedriftskunder av typen registrerte rideklubber, e.l. For bedriftskunder\u00a0gjelder f\u00f8lgende betingelser:<\/p>\n\n\n\n<ul class=\"wp-block-list\">\n<li>Ingen angrerett<\/li>\n\n\n\n<li>12 m\u00e5neders reklamasjonsrett. Bytte eller reparasjon medf\u00f8rer ikke en ny 1-\u00e5rs reklamasjonsperiode<\/li>\n\n\n\n<li>Frakt i forbindelse med reklamasjonssaker skjer p\u00e5 kj\u00f8pers regning<\/li>\n\n\n\n<li>Bedriftskj\u00f8p leveres til adresse, slik at det alltid vil v\u00e6re en fraktomkostning uansett ordrenes st\u00f8rrelse<\/li>\n\n\n\n<li>Sabia AS&nbsp;har eierrett p\u00e5 varer som er kj\u00f8pt p\u00e5 kreditt til hele kj\u00f8pesummen er betalt. Alle kostnader i forbindelse med oppheving av eierretten m\u00e5 kj\u00f8peren st\u00e5 for.<\/li>\n<\/ul>\n\n\n\n<p><br><strong>Retur av vare<\/strong><br>I utgangspunktet er alle bestillinger endelige og uten returrett. Dersom det er gjort en feilbestilling s\u00e5 m\u00e5 Sabia AS kontaktes snarest p\u00e5 sales@omni-pro.net slik at en retur kan avtales. En eventuell returfrakt bekostes av kj\u00f8peren og varen m\u00e5 v\u00e6re uskadet og i originalemballasje. Returen m\u00e5 avtales skriftlig f\u00f8r kj\u00f8per iverksetter retur.\u00a0<br><br><strong>Retur grunnet feil fakturering- og leveringsinformasjon<\/strong><br>Om det er oppgitt feil fakturering- eller leveringsinformasjon som medf\u00f8rer at leveransen er sendt i retur til oss, vil vi forbeholde oss retten til \u00e5 debitere kunden kr 500,- for returh\u00e5ndtering og kostnader. Dette gjelder ogs\u00e5 uavhentet gods eller gods som er nektet mottatt.<br><br><strong>Tilbakebetaling av kj\u00f8pesummen<\/strong><br>Ved en avtalt retur vil vi refundere salgssummen minus fraktomkostninger senest 14 dager etter at varene er returnert til v\u00e5r adresse.\u00a0Vi tilbakef\u00f8rer automatisk pengene til samme betalingsmiddel du benyttet ved kj\u00f8pet, med mindre vi har avtalt noe annet.\u00a0<br><br><strong>Varen sendes til:<br><\/strong><br>Sabia AS<br>\u00c5slandveien 34<br>1274 Oslo<br>Norge<br><br>Vi mottar kun pakker som sendes direkte til v\u00e5r adresse. Vi mottar ikke pakker som er sendt i oppkrav.\u00a0<\/p>\n\n\n\n<h3 class=\"wp-block-heading\" id=\"h-5-nbsp-leveranse\"><strong>5<\/strong><strong>.&nbsp;<\/strong><strong>Leveranse<\/strong><\/h3>\n\n\n\n<p>Sabia AS fors\u00f8ker s\u00e5 godt det er mulig \u00e5 sende ut bestilte produkter til den datoen som er angitt tid p\u00e5 ordrebekreftelsen. Dersom det likevel skulle oppst\u00e5 forsinkelser for ett eller flere produkter s\u00e5 skal Sabia AS ikke holdes ansvarlig for dette p\u00e5 noen som helst m\u00e5te.&nbsp;<\/p>\n\n\n\n<h3 class=\"wp-block-heading\" id=\"h-6-nbsp-garanti\"><strong>6.&nbsp;<\/strong><strong>Garanti<\/strong><\/h3>\n\n\n\n<p>Det gis 12 m\u00e5neders reklamasjonsrett&nbsp;ved n\u00e6ringskj\u00f8p.&nbsp;<\/p>\n\n\n\n<p>Dersom du mot formodning skulle ha f\u00e5tt et produkt med feil eller du av andre \u00e5rsaker vil foreta en reklamasjon&nbsp;ber&nbsp;vi&nbsp;deg om \u00e5 opprette en reklamasjonssak eller kontakte oss f\u00f8r du sender varen. Hvis din reklamasjon er berettiget, betyr det at du enten kan f\u00e5 varen reparert, byttet, pengene tilbake eller et avslag i prisen, avhengig av den konkrete situasjonen.&nbsp;<br><br>Du&nbsp;m\u00e5 reklamere innen \u201drimelig tid\u201d etter at du har oppdaget feilen. Hvis du reklamerer innenfor to m\u00e5neder etter at feilen er oppdaget, vil reklamasjonen alltid v\u00e6re rettidig.<br><br>For bedriftskunder&nbsp;vil alle kostnader i forbindelse med retur av defekte varer b\u00e6res av kj\u00f8peren.<br><br><strong>Varens stand ved reklamasjon<\/strong><br>Husk \u00e5 pakke varen forsvarlig inn sammen med alt tilbeh\u00f8r, f.eks. kabler, manualer og lignende, som er knyttet til det produktet du reklamerer p\u00e5.&nbsp;<br><br>Skader p\u00e5 produkter for\u00e5rsaket av betjenings- eller h\u00e5ndteringsfeil, modifikasjoner, installasjon av tredjepartsprogramvare eller grovt misbruk, dekkes ikke av reklamasjonsretten.<br><br>Husk \u00e5 ta en kopi\/backup av samtlige data.&nbsp;Sabia AS, kan ikke gj\u00f8res ansvarlig for tapte data og andre indirekte f\u00f8lgeskader, som varer solgt av Sabia AS m\u00e5tte ha skapt, med mindre det f\u00f8lger direkte av norsk lovgivning.&nbsp;<br><br><strong>Varen sendes til:<\/strong><br>Sabia AS<br>\u00c5slandveien 34<br>1274 Oslo<br>Norge<br><br>Vi mottar kun pakker som sendes direkte til v\u00e5r adresse. Du kan bestille en returetikett hos oss.&nbsp;<br><\/p>\n\n\n\n<p><strong>8. Klageadgang<\/strong><\/p>\n\n\n\n<p>Hvis du som forbruker vil klage over kj\u00f8pet ditt, skal du kontakte&nbsp;sales@omni-pro.net.&nbsp;Hvis det ikke lykkes oss \u00e5 finne en l\u00f8sning, kan du sende en klage til:<\/p>\n\n\n\n<p>Forbrukerr\u00e5det<br>Pb. 463 Sentrum<br>0105 Oslo<br>Tlf: 23 40 05 00<br>E-post:&nbsp;<a href=\"mailto:post@forbrukerradet.no\">post@forbrukerradet.no<\/a><\/p>\n","protected":false},"excerpt":{"rendered":"<p>Betingelser og vilk\u00e5r 1. Generelle opplysninger Sabia AS\u00c5slandveien 341274 OsloNorge Telefonnummer: +47&nbsp;22535123E-post:&nbsp;sales@omni-pro.net Organisasjonsnummer: NO&nbsp;917278644&nbsp;MVA Generell salgsinformasjonDen prisen som angis ved bestillingstidspunktet er gjeldende.&nbsp;Unntak ved feil som beskrevet i andre avsnitt i &laquo;Kj\u00f8p hos Sabia AS&raquo;.&nbsp;Alle bestillinger gj\u00f8res via v\u00e5r nettside&nbsp;www.omni-pro.net.&nbsp; Kj\u00f8p hos Sabia ASKj\u00f8psavtalen blir f\u00f8rst bindende hos&nbsp;Sabia AS n\u00e5r du har f\u00e5tt en ordrebekreftelse [&hellip;]<\/p>\n","protected":false},"author":2,"featured_media":0,"parent":0,"menu_order":0,"comment_status":"closed","ping_status":"closed","template":"page-full.php","meta":{"footnotes":""},"class_list":["post-679","page","type-page","status-publish","hentry"],"featured_image_url":[],"post_author":"Olav Barros","assigned_categories":"Optional","yoast_head":"<!-- This site is optimized with the Yoast SEO plugin v27.4 - https:\/\/yoast.com\/product\/yoast-seo-wordpress\/ -->\n<title>Betingelser og vilk\u00e5r - Tidtaker for ridesport<\/title>\n<meta name=\"description\" content=\"Archives - Tidtaker for ridesport\" \/>\n<meta name=\"robots\" content=\"index, follow, max-snippet:-1, max-image-preview:large, max-video-preview:-1\" \/>\n<link rel=\"canonical\" href=\"https:\/\/temp.omni-pro.net\/terms-conditions\/\" \/>\n<meta property=\"og:locale\" content=\"nb_NO\" \/>\n<meta property=\"og:type\" content=\"article\" \/>\n<meta property=\"og:title\" content=\"Betingelser og vilk\u00e5r - Tidtaker for ridesport\" \/>\n<meta property=\"og:description\" content=\"Archives - Tidtaker for ridesport\" \/>\n<meta property=\"og:url\" content=\"https:\/\/temp.omni-pro.net\/terms-conditions\/\" \/>\n<meta property=\"og:site_name\" content=\"Tidtaker for ridesport\" \/>\n<meta property=\"article:modified_time\" content=\"2024-02-16T09:12:13+00:00\" \/>\n<meta name=\"twitter:card\" content=\"summary_large_image\" \/>\n<meta name=\"twitter:site\" content=\"@omni_pro\" \/>\n<meta name=\"twitter:label1\" content=\"Ansl. lesetid\" \/>\n\t<meta name=\"twitter:data1\" content=\"6 minutter\" \/>\n<script type=\"application\/ld+json\" class=\"yoast-schema-graph\">{\"@context\":\"https:\\\/\\\/schema.org\",\"@graph\":[{\"@type\":\"WebPage\",\"@id\":\"https:\\\/\\\/temp.omni-pro.net\\\/terms-conditions\\\/\",\"url\":\"https:\\\/\\\/temp.omni-pro.net\\\/terms-conditions\\\/\",\"name\":\"Betingelser og vilk\u00e5r - Tidtaker for ridesport\",\"isPartOf\":{\"@id\":\"https:\\\/\\\/temp.omni-pro.net\\\/#website\"},\"datePublished\":\"2020-01-19T00:03:50+00:00\",\"dateModified\":\"2024-02-16T09:12:13+00:00\",\"description\":\"Archives - Tidtaker for ridesport\",\"breadcrumb\":{\"@id\":\"https:\\\/\\\/temp.omni-pro.net\\\/terms-conditions\\\/#breadcrumb\"},\"inLanguage\":\"nb-NO\",\"potentialAction\":[{\"@type\":\"ReadAction\",\"target\":[\"https:\\\/\\\/temp.omni-pro.net\\\/terms-conditions\\\/\"]}]},{\"@type\":\"BreadcrumbList\",\"@id\":\"https:\\\/\\\/temp.omni-pro.net\\\/terms-conditions\\\/#breadcrumb\",\"itemListElement\":[{\"@type\":\"ListItem\",\"position\":1,\"name\":\"Home\",\"item\":\"https:\\\/\\\/omni-pro.net\\\/no\\\/\"},{\"@type\":\"ListItem\",\"position\":2,\"name\":\"Betingelser og vilk\u00e5r\"}]},{\"@type\":\"WebSite\",\"@id\":\"https:\\\/\\\/temp.omni-pro.net\\\/#website\",\"url\":\"https:\\\/\\\/temp.omni-pro.net\\\/\",\"name\":\"OmniPro Equestrian sports timer for Equipe\",\"description\":\"DEN NYE REVOLUSJONEN I SPRANGRIDNING\",\"publisher\":{\"@id\":\"https:\\\/\\\/temp.omni-pro.net\\\/#organization\"},\"potentialAction\":[{\"@type\":\"SearchAction\",\"target\":{\"@type\":\"EntryPoint\",\"urlTemplate\":\"https:\\\/\\\/temp.omni-pro.net\\\/?s={search_term_string}\"},\"query-input\":{\"@type\":\"PropertyValueSpecification\",\"valueRequired\":true,\"valueName\":\"search_term_string\"}}],\"inLanguage\":\"nb-NO\"},{\"@type\":\"Organization\",\"@id\":\"https:\\\/\\\/temp.omni-pro.net\\\/#organization\",\"name\":\"Sabia AS\",\"url\":\"https:\\\/\\\/temp.omni-pro.net\\\/\",\"logo\":{\"@type\":\"ImageObject\",\"inLanguage\":\"nb-NO\",\"@id\":\"https:\\\/\\\/temp.omni-pro.net\\\/#\\\/schema\\\/logo\\\/image\\\/\",\"url\":\"https:\\\/\\\/omni-pro.net\\\/wp-content\\\/uploads\\\/2020\\\/01\\\/OmnoLogo-V3.png\",\"contentUrl\":\"https:\\\/\\\/omni-pro.net\\\/wp-content\\\/uploads\\\/2020\\\/01\\\/OmnoLogo-V3.png\",\"width\":4094,\"height\":3482,\"caption\":\"Sabia AS\"},\"image\":{\"@id\":\"https:\\\/\\\/temp.omni-pro.net\\\/#\\\/schema\\\/logo\\\/image\\\/\"},\"sameAs\":[\"https:\\\/\\\/x.com\\\/omni_pro\"]}]}<\/script>\n<!-- \/ Yoast SEO plugin. -->","yoast_head_json":{"title":"Betingelser og vilk\u00e5r - Tidtaker for ridesport","description":"Archives - Tidtaker for ridesport","robots":{"index":"index","follow":"follow","max-snippet":"max-snippet:-1","max-image-preview":"max-image-preview:large","max-video-preview":"max-video-preview:-1"},"canonical":"https:\/\/temp.omni-pro.net\/terms-conditions\/","og_locale":"nb_NO","og_type":"article","og_title":"Betingelser og vilk\u00e5r - Tidtaker for ridesport","og_description":"Archives - Tidtaker for ridesport","og_url":"https:\/\/temp.omni-pro.net\/terms-conditions\/","og_site_name":"Tidtaker for ridesport","article_modified_time":"2024-02-16T09:12:13+00:00","twitter_card":"summary_large_image","twitter_site":"@omni_pro","twitter_misc":{"Ansl. lesetid":"6 minutter"},"schema":{"@context":"https:\/\/schema.org","@graph":[{"@type":"WebPage","@id":"https:\/\/temp.omni-pro.net\/terms-conditions\/","url":"https:\/\/temp.omni-pro.net\/terms-conditions\/","name":"Betingelser og vilk\u00e5r - Tidtaker for ridesport","isPartOf":{"@id":"https:\/\/temp.omni-pro.net\/#website"},"datePublished":"2020-01-19T00:03:50+00:00","dateModified":"2024-02-16T09:12:13+00:00","description":"Archives - Tidtaker for ridesport","breadcrumb":{"@id":"https:\/\/temp.omni-pro.net\/terms-conditions\/#breadcrumb"},"inLanguage":"nb-NO","potentialAction":[{"@type":"ReadAction","target":["https:\/\/temp.omni-pro.net\/terms-conditions\/"]}]},{"@type":"BreadcrumbList","@id":"https:\/\/temp.omni-pro.net\/terms-conditions\/#breadcrumb","itemListElement":[{"@type":"ListItem","position":1,"name":"Home","item":"https:\/\/omni-pro.net\/no\/"},{"@type":"ListItem","position":2,"name":"Betingelser og vilk\u00e5r"}]},{"@type":"WebSite","@id":"https:\/\/temp.omni-pro.net\/#website","url":"https:\/\/temp.omni-pro.net\/","name":"OmniPro Equestrian sports timer for Equipe","description":"DEN NYE REVOLUSJONEN I SPRANGRIDNING","publisher":{"@id":"https:\/\/temp.omni-pro.net\/#organization"},"potentialAction":[{"@type":"SearchAction","target":{"@type":"EntryPoint","urlTemplate":"https:\/\/temp.omni-pro.net\/?s={search_term_string}"},"query-input":{"@type":"PropertyValueSpecification","valueRequired":true,"valueName":"search_term_string"}}],"inLanguage":"nb-NO"},{"@type":"Organization","@id":"https:\/\/temp.omni-pro.net\/#organization","name":"Sabia AS","url":"https:\/\/temp.omni-pro.net\/","logo":{"@type":"ImageObject","inLanguage":"nb-NO","@id":"https:\/\/temp.omni-pro.net\/#\/schema\/logo\/image\/","url":"https:\/\/omni-pro.net\/wp-content\/uploads\/2020\/01\/OmnoLogo-V3.png","contentUrl":"https:\/\/omni-pro.net\/wp-content\/uploads\/2020\/01\/OmnoLogo-V3.png","width":4094,"height":3482,"caption":"Sabia AS"},"image":{"@id":"https:\/\/temp.omni-pro.net\/#\/schema\/logo\/image\/"},"sameAs":["https:\/\/x.com\/omni_pro"]}]}},"_links":{"self":[{"href":"https:\/\/omni-pro.net\/no\/wp-json\/wp\/v2\/pages\/679","targetHints":{"allow":["GET"]}}],"collection":[{"href":"https:\/\/omni-pro.net\/no\/wp-json\/wp\/v2\/pages"}],"about":[{"href":"https:\/\/omni-pro.net\/no\/wp-json\/wp\/v2\/types\/page"}],"author":[{"embeddable":true,"href":"https:\/\/omni-pro.net\/no\/wp-json\/wp\/v2\/users\/2"}],"replies":[{"embeddable":true,"href":"https:\/\/omni-pro.net\/no\/wp-json\/wp\/v2\/comments?post=679"}],"version-history":[{"count":7,"href":"https:\/\/omni-pro.net\/no\/wp-json\/wp\/v2\/pages\/679\/revisions"}],"predecessor-version":[{"id":20418,"href":"https:\/\/omni-pro.net\/no\/wp-json\/wp\/v2\/pages\/679\/revisions\/20418"}],"wp:attachment":[{"href":"https:\/\/omni-pro.net\/no\/wp-json\/wp\/v2\/media?parent=679"}],"curies":[{"name":"wp","href":"https:\/\/api.w.org\/{rel}","templated":true}]}}