{"id":585,"date":"2020-01-15T15:02:15","date_gmt":"2020-01-15T15:02:15","guid":{"rendered":"https:\/\/omni-pro.net\/?page_id=585"},"modified":"2020-01-15T15:07:34","modified_gmt":"2020-01-15T15:07:34","slug":"faqs","status":"publish","type":"page","link":"https:\/\/omni-pro.net\/no\/faqs\/","title":{"rendered":"Sp\u00f8rsm\u00e5l og svar"},"content":{"rendered":"<div id=\"accordion\">\r\n    <div class=\"card\" style=\"margin-bottom: 20px;\">\r\n        <div class=\"card-header\" id=\"heading-20294\">\r\n            <h5 class=\"mb-0 faq-question\">\r\n                <button class=\"btn\" data-toggle=\"collapse1\" data-target=\"#collapse-20294\" aria-expanded=\"true\" aria-controls=\"collapse-20294\">\r\n                    Kan jeg kontakte en eksisterende OmniPro kunde for \u00e5 sp\u00f8rre om deres erfaringer?                <\/button>\r\n            <\/h5>\r\n        <\/div>\r\n        <div id=\"collapse-20294\" class=\"collapse  show\" aria-labelledby=\"heading-20294\" data-parent=\"#accordion\">\r\n            <div class=\"card-body\">\r\n                Ja, det kan du! V\u00e5r f\u00f8rste OmniPro Club-kunde var Grenland Ryttersportsklubb, og de svarer gjerne p\u00e5 sp\u00f8rsm\u00e5l fra andre klubber som vurderer \u00e5 kj\u00f8pe OmniPro tidtakere. De kan kontaktes p\u00e5 mail styret@grsk.no            <\/div>\r\n        <\/div>\r\n    <\/div>\r\n    <div class=\"card\" style=\"margin-bottom: 20px;\">\r\n        <div class=\"card-header\" id=\"heading-20343\">\r\n            <h5 class=\"mb-0 faq-question\">\r\n                <button class=\"btn\" data-toggle=\"collapse1\" data-target=\"#collapse-20343\" aria-expanded=\"true\" aria-controls=\"collapse-20343\">\r\n                    Vil dere tilby en oppgraderingsmulighet fra OmniPro Club til OmniPro Elite?                <\/button>\r\n            <\/h5>\r\n        <\/div>\r\n        <div id=\"collapse-20343\" class=\"collapse  show\" aria-labelledby=\"heading-20343\" data-parent=\"#accordion\">\r\n            <div class=\"card-body\">\r\n                Vi forst\u00e5r at mange rideklubber \u00f8nsker \u00e5 bytte ut deres gamle tidtaker med OmniPro, men kanskje ikke \u00f8nsker \u00e5 vente til Elite-versjonen er homologert og klar til leveranse. Men det g\u00e5r bra! Vi vil tilby eksisterende OmniPro Club-kunder muligheten til \u00e5 oppgradere til Elite s\u00e5 snart Elite er tilgjengelig.            <\/div>\r\n        <\/div>\r\n    <\/div>\r\n    <div class=\"card\" style=\"margin-bottom: 20px;\">\r\n        <div class=\"card-header\" id=\"heading-20344\">\r\n            <h5 class=\"mb-0 faq-question\">\r\n                <button class=\"btn\" data-toggle=\"collapse1\" data-target=\"#collapse-20344\" aria-expanded=\"true\" aria-controls=\"collapse-20344\">\r\n                    Hvilken programvare for stevnearrangement krever OmniPro?                <\/button>\r\n            <\/h5>\r\n        <\/div>\r\n        <div id=\"collapse-20344\" class=\"collapse  show\" aria-labelledby=\"heading-20344\" data-parent=\"#accordion\">\r\n            <div class=\"card-body\">\r\n                OmniPro krever at brukeren har en Equipe-lisens for \u00e5 kj\u00f8re konkurranser. Dersom man har en lystavle som man vil bruke grafikk generert av Equipe s\u00e5 m\u00e5 kunden ta kontakt med Equipe for \u00e5 skaffe den opsjonen (kan kreve tilleggslisens fra Equipe).\r\n\r\nIngen annen stevneprogramvare st\u00f8ttes idag. Dersom du har et spesielt behov som ikke Equipe dekker s\u00e5 ta kontakt.            <\/div>\r\n        <\/div>\r\n    <\/div>\r\n    <div class=\"card\" style=\"margin-bottom: 20px;\">\r\n        <div class=\"card-header\" id=\"heading-20245\">\r\n            <h5 class=\"mb-0 faq-question\">\r\n                <button class=\"btn\" data-toggle=\"collapse1\" data-target=\"#collapse-20245\" aria-expanded=\"true\" aria-controls=\"collapse-20245\">\r\n                    Hva slags maskinvare kj\u00f8rer OmniPro p\u00e5?                <\/button>\r\n            <\/h5>\r\n        <\/div>\r\n        <div id=\"collapse-20245\" class=\"collapse  show\" aria-labelledby=\"heading-20245\" data-parent=\"#accordion\">\r\n            <div class=\"card-body\">\r\n                OmniPro appen krever 64-bits Intel-baserte PCer som kj\u00f8rer Windows operativsystem versjon 10 eller nyere.            <\/div>\r\n        <\/div>\r\n    <\/div>\r\n    <div class=\"card\" style=\"margin-bottom: 20px;\">\r\n        <div class=\"card-header\" id=\"heading-20345\">\r\n            <h5 class=\"mb-0 faq-question\">\r\n                <button class=\"btn\" data-toggle=\"collapse1\" data-target=\"#collapse-20345\" aria-expanded=\"true\" aria-controls=\"collapse-20345\">\r\n                    Hva er forskjellen mellom Basic, Club og Elite?                <\/button>\r\n            <\/h5>\r\n        <\/div>\r\n        <div id=\"collapse-20345\" class=\"collapse  show\" aria-labelledby=\"heading-20345\" data-parent=\"#accordion\">\r\n            <div class=\"card-body\">\r\n                <ul>\r\n \t<li>OmniPro Basic har kun 1 optisk port, og kommer i en vanlig ladekoffert. Den kommer med kabler, lader og stativer, klar til \u00e5 kj\u00f8re enkle konkurranser og treninger der kan kun trenger \u00e9n startport og m\u00e5lport. Det finnes et utvalg av tillegssutstyr.<\/li>\r\n \t<li>OmniPro Club har 3 optiske porter for start, mellomtid og m\u00e5l. Ellers lik som Basic.<\/li>\r\n \t<li>OmniPro Elite has 3 optiske porter. Ladekofferten har en avtagbar trille, og ustyret kommer med termisk printer og manuell start\/stoppknappp med lydutgang. Dette systemet vil bli homologert av FEI for \u00e5 m\u00f8te de strengeste kravene til tidtaking.<\/li>\r\n<\/ul>            <\/div>\r\n        <\/div>\r\n    <\/div>\r\n    <div class=\"card\" style=\"margin-bottom: 20px;\">\r\n        <div class=\"card-header\" id=\"heading-591\">\r\n            <h5 class=\"mb-0 faq-question\">\r\n                <button class=\"btn\" data-toggle=\"collapse1\" data-target=\"#collapse-591\" aria-expanded=\"true\" aria-controls=\"collapse-591\">\r\n                    Virker OmniPro sammen med Equipe stevneprogramvare?                <\/button>\r\n            <\/h5>\r\n        <\/div>\r\n        <div id=\"collapse-591\" class=\"collapse  show\" aria-labelledby=\"heading-591\" data-parent=\"#accordion\">\r\n            <div class=\"card-body\">\r\n                <h2>Ja, OmniPro tidtakere virker s\u00f8ml\u00f8st med Equipe.<\/h2>            <\/div>\r\n        <\/div>\r\n    <\/div>\r\n    <div class=\"card\" style=\"margin-bottom: 20px;\">\r\n        <div class=\"card-header\" id=\"heading-593\">\r\n            <h5 class=\"mb-0 faq-question\">\r\n                <button class=\"btn\" data-toggle=\"collapse1\" data-target=\"#collapse-593\" aria-expanded=\"true\" aria-controls=\"collapse-593\">\r\n                    Kan man kj\u00f8pe en ekstra optisk port til OmniPro?                <\/button>\r\n            <\/h5>\r\n        <\/div>\r\n        <div id=\"collapse-593\" class=\"collapse  show\" aria-labelledby=\"heading-593\" data-parent=\"#accordion\">\r\n            <div class=\"card-body\">\r\n                Nei, hvert OmniPro system st\u00f8tter kun det antall optiske porter som f\u00f8lger med ved bestilling. OmniPro Basic kommer med 1 optisk port, mens OmniPro Club kommer med 3 porter.            <\/div>\r\n        <\/div>\r\n    <\/div>\r\n    <div class=\"card\" style=\"margin-bottom: 20px;\">\r\n        <div class=\"card-header\" id=\"heading-592\">\r\n            <h5 class=\"mb-0 faq-question\">\r\n                <button class=\"btn\" data-toggle=\"collapse1\" data-target=\"#collapse-592\" aria-expanded=\"true\" aria-controls=\"collapse-592\">\r\n                    N\u00e5r startet leveransene av OmniPro Club og OmniPro Basic?                <\/button>\r\n            <\/h5>\r\n        <\/div>\r\n        <div id=\"collapse-592\" class=\"collapse  show\" aria-labelledby=\"heading-592\" data-parent=\"#accordion\">\r\n            <div class=\"card-body\">\r\n                Vi leverte til de f\u00f8rste anleggene i August 2023.            <\/div>\r\n        <\/div>\r\n    <\/div>\r\n    <div class=\"card\" style=\"margin-bottom: 20px;\">\r\n        <div class=\"card-header\" id=\"heading-20347\">\r\n            <h5 class=\"mb-0 faq-question\">\r\n                <button class=\"btn\" data-toggle=\"collapse1\" data-target=\"#collapse-20347\" aria-expanded=\"true\" aria-controls=\"collapse-20347\">\r\n                    Hvilket tidtakersystem er best for v\u00e5r klubb?                <\/button>\r\n            <\/h5>\r\n        <\/div>\r\n        <div id=\"collapse-20347\" class=\"collapse  show\" aria-labelledby=\"heading-20347\" data-parent=\"#accordion\">\r\n            <div class=\"card-body\">\r\n                Noen ganger er det vanskelig \u00e5 velge. Men ta kontakt med oss s\u00e5 hjelper vi deg gjerne \u00e5 finne ut hvilken l\u00f8sning som passer for dere! Bruk kontaktskjemaet <a href=\"http:\/\/145.223.81.156\/no\/contact\/\">her<\/a>.            <\/div>\r\n        <\/div>\r\n    <\/div>\r\n    <div class=\"card\" style=\"margin-bottom: 20px;\">\r\n        <div class=\"card-header\" id=\"heading-657\">\r\n            <h5 class=\"mb-0 faq-question\">\r\n                <button class=\"btn\" data-toggle=\"collapse1\" data-target=\"#collapse-657\" aria-expanded=\"true\" aria-controls=\"collapse-657\">\r\n                    Hvor lang garanti gir dere?                <\/button>\r\n            <\/h5>\r\n        <\/div>\r\n        <div id=\"collapse-657\" class=\"collapse  show\" aria-labelledby=\"heading-657\" data-parent=\"#accordion\">\r\n            <div class=\"card-body\">\r\n                Vi gir 2 \u00e5rs garanti p\u00e5 alle v\u00e5re produkter. Dersom du opplever et problem med produktet eller det har oppst\u00e5tt skader s\u00e5 send en mail til support@omni-pro.net s\u00e5 ordner vi det!            <\/div>\r\n        <\/div>\r\n    <\/div>\r\n    <div class=\"card\" style=\"margin-bottom: 20px;\">\r\n        <div class=\"card-header\" id=\"heading-594\">\r\n            <h5 class=\"mb-0 faq-question\">\r\n                <button class=\"btn\" data-toggle=\"collapse1\" data-target=\"#collapse-594\" aria-expanded=\"true\" aria-controls=\"collapse-594\">\r\n                    N\u00e5r starter leveransene av OmniPro Elite?                <\/button>\r\n            <\/h5>\r\n        <\/div>\r\n        <div id=\"collapse-594\" class=\"collapse  show\" aria-labelledby=\"heading-594\" data-parent=\"#accordion\">\r\n            <div class=\"card-body\">\r\n                Vi sender ut de f\u00f8rste OmniPro Elite-anleggene s\u00e5 snart det har passert FEI homologering.            <\/div>\r\n        <\/div>\r\n    <\/div>\r\n<\/div>\r\n\n","protected":false},"excerpt":{"rendered":"","protected":false},"author":2,"featured_media":0,"parent":0,"menu_order":0,"comment_status":"closed","ping_status":"closed","template":"","meta":{"footnotes":""},"class_list":["post-585","page","type-page","status-publish","hentry"],"featured_image_url":[],"post_author":"Olav Barros","assigned_categories":"Optional","yoast_head":"<!-- This site is optimized with the Yoast SEO plugin v27.4 - https:\/\/yoast.com\/product\/yoast-seo-wordpress\/ -->\n<title>Sp\u00f8rsm\u00e5l og svar - Tidtaker for ridesport<\/title>\n<meta name=\"description\" content=\"Archives - Tidtaker for ridesport\" \/>\n<meta name=\"robots\" content=\"noindex, follow, max-snippet:-1, max-image-preview:large, max-video-preview:-1\" \/>\n<meta property=\"og:locale\" content=\"nb_NO\" \/>\n<meta property=\"og:type\" content=\"article\" \/>\n<meta property=\"og:title\" content=\"Sp\u00f8rsm\u00e5l og svar - Tidtaker for ridesport\" \/>\n<meta property=\"og:description\" content=\"Archives - Tidtaker for ridesport\" \/>\n<meta property=\"og:url\" content=\"https:\/\/omni-pro.net\/no\/faqs\/\" \/>\n<meta property=\"og:site_name\" content=\"Tidtaker for ridesport\" \/>\n<meta property=\"article:modified_time\" content=\"2020-01-15T15:07:34+00:00\" \/>\n<meta name=\"twitter:card\" content=\"summary_large_image\" \/>\n<meta name=\"twitter:site\" content=\"@omni_pro\" \/>\n<script type=\"application\/ld+json\" class=\"yoast-schema-graph\">{\"@context\":\"https:\\\/\\\/schema.org\",\"@graph\":[{\"@type\":\"WebPage\",\"@id\":\"https:\\\/\\\/omni-pro.net\\\/no\\\/faqs\\\/\",\"url\":\"https:\\\/\\\/omni-pro.net\\\/no\\\/faqs\\\/\",\"name\":\"Sp\u00f8rsm\u00e5l og svar - Tidtaker for ridesport\",\"isPartOf\":{\"@id\":\"https:\\\/\\\/omni-pro.net\\\/#website\"},\"datePublished\":\"2020-01-15T15:02:15+00:00\",\"dateModified\":\"2020-01-15T15:07:34+00:00\",\"description\":\"Archives - Tidtaker for ridesport\",\"breadcrumb\":{\"@id\":\"https:\\\/\\\/omni-pro.net\\\/no\\\/faqs\\\/#breadcrumb\"},\"inLanguage\":\"nb-NO\",\"potentialAction\":[{\"@type\":\"ReadAction\",\"target\":[\"https:\\\/\\\/omni-pro.net\\\/no\\\/faqs\\\/\"]}]},{\"@type\":\"BreadcrumbList\",\"@id\":\"https:\\\/\\\/omni-pro.net\\\/no\\\/faqs\\\/#breadcrumb\",\"itemListElement\":[{\"@type\":\"ListItem\",\"position\":1,\"name\":\"Home\",\"item\":\"https:\\\/\\\/omni-pro.net\\\/no\\\/\"},{\"@type\":\"ListItem\",\"position\":2,\"name\":\"Sp\u00f8rsm\u00e5l og svar\"}]},{\"@type\":\"WebSite\",\"@id\":\"https:\\\/\\\/omni-pro.net\\\/#website\",\"url\":\"https:\\\/\\\/omni-pro.net\\\/\",\"name\":\"OmniPro Equestrian sports timer for Equipe\",\"description\":\"DEN NYE REVOLUSJONEN I SPRANGRIDNING\",\"publisher\":{\"@id\":\"https:\\\/\\\/omni-pro.net\\\/#organization\"},\"potentialAction\":[{\"@type\":\"SearchAction\",\"target\":{\"@type\":\"EntryPoint\",\"urlTemplate\":\"https:\\\/\\\/omni-pro.net\\\/?s={search_term_string}\"},\"query-input\":{\"@type\":\"PropertyValueSpecification\",\"valueRequired\":true,\"valueName\":\"search_term_string\"}}],\"inLanguage\":\"nb-NO\"},{\"@type\":\"Organization\",\"@id\":\"https:\\\/\\\/omni-pro.net\\\/#organization\",\"name\":\"Sabia AS\",\"url\":\"https:\\\/\\\/omni-pro.net\\\/\",\"logo\":{\"@type\":\"ImageObject\",\"inLanguage\":\"nb-NO\",\"@id\":\"https:\\\/\\\/omni-pro.net\\\/#\\\/schema\\\/logo\\\/image\\\/\",\"url\":\"http:\\\/\\\/145.223.81.156\\\/wp-content\\\/uploads\\\/2020\\\/01\\\/OmnoLogo-V3.png\",\"contentUrl\":\"http:\\\/\\\/145.223.81.156\\\/wp-content\\\/uploads\\\/2020\\\/01\\\/OmnoLogo-V3.png\",\"width\":4094,\"height\":3482,\"caption\":\"Sabia AS\"},\"image\":{\"@id\":\"https:\\\/\\\/omni-pro.net\\\/#\\\/schema\\\/logo\\\/image\\\/\"},\"sameAs\":[\"https:\\\/\\\/x.com\\\/omni_pro\"]}]}<\/script>\n<!-- \/ Yoast SEO plugin. -->","yoast_head_json":{"title":"Sp\u00f8rsm\u00e5l og svar - Tidtaker for ridesport","description":"Archives - Tidtaker for ridesport","robots":{"index":"noindex","follow":"follow","max-snippet":"max-snippet:-1","max-image-preview":"max-image-preview:large","max-video-preview":"max-video-preview:-1"},"og_locale":"nb_NO","og_type":"article","og_title":"Sp\u00f8rsm\u00e5l og svar - Tidtaker for ridesport","og_description":"Archives - Tidtaker for ridesport","og_url":"https:\/\/omni-pro.net\/no\/faqs\/","og_site_name":"Tidtaker for ridesport","article_modified_time":"2020-01-15T15:07:34+00:00","twitter_card":"summary_large_image","twitter_site":"@omni_pro","schema":{"@context":"https:\/\/schema.org","@graph":[{"@type":"WebPage","@id":"https:\/\/omni-pro.net\/no\/faqs\/","url":"https:\/\/omni-pro.net\/no\/faqs\/","name":"Sp\u00f8rsm\u00e5l og svar - Tidtaker for ridesport","isPartOf":{"@id":"https:\/\/omni-pro.net\/#website"},"datePublished":"2020-01-15T15:02:15+00:00","dateModified":"2020-01-15T15:07:34+00:00","description":"Archives - Tidtaker for ridesport","breadcrumb":{"@id":"https:\/\/omni-pro.net\/no\/faqs\/#breadcrumb"},"inLanguage":"nb-NO","potentialAction":[{"@type":"ReadAction","target":["https:\/\/omni-pro.net\/no\/faqs\/"]}]},{"@type":"BreadcrumbList","@id":"https:\/\/omni-pro.net\/no\/faqs\/#breadcrumb","itemListElement":[{"@type":"ListItem","position":1,"name":"Home","item":"https:\/\/omni-pro.net\/no\/"},{"@type":"ListItem","position":2,"name":"Sp\u00f8rsm\u00e5l og svar"}]},{"@type":"WebSite","@id":"https:\/\/omni-pro.net\/#website","url":"https:\/\/omni-pro.net\/","name":"OmniPro Equestrian sports timer for Equipe","description":"DEN NYE REVOLUSJONEN I SPRANGRIDNING","publisher":{"@id":"https:\/\/omni-pro.net\/#organization"},"potentialAction":[{"@type":"SearchAction","target":{"@type":"EntryPoint","urlTemplate":"https:\/\/omni-pro.net\/?s={search_term_string}"},"query-input":{"@type":"PropertyValueSpecification","valueRequired":true,"valueName":"search_term_string"}}],"inLanguage":"nb-NO"},{"@type":"Organization","@id":"https:\/\/omni-pro.net\/#organization","name":"Sabia AS","url":"https:\/\/omni-pro.net\/","logo":{"@type":"ImageObject","inLanguage":"nb-NO","@id":"https:\/\/omni-pro.net\/#\/schema\/logo\/image\/","url":"http:\/\/145.223.81.156\/wp-content\/uploads\/2020\/01\/OmnoLogo-V3.png","contentUrl":"http:\/\/145.223.81.156\/wp-content\/uploads\/2020\/01\/OmnoLogo-V3.png","width":4094,"height":3482,"caption":"Sabia AS"},"image":{"@id":"https:\/\/omni-pro.net\/#\/schema\/logo\/image\/"},"sameAs":["https:\/\/x.com\/omni_pro"]}]}},"_links":{"self":[{"href":"https:\/\/omni-pro.net\/no\/wp-json\/wp\/v2\/pages\/585","targetHints":{"allow":["GET"]}}],"collection":[{"href":"https:\/\/omni-pro.net\/no\/wp-json\/wp\/v2\/pages"}],"about":[{"href":"https:\/\/omni-pro.net\/no\/wp-json\/wp\/v2\/types\/page"}],"author":[{"embeddable":true,"href":"https:\/\/omni-pro.net\/no\/wp-json\/wp\/v2\/users\/2"}],"replies":[{"embeddable":true,"href":"https:\/\/omni-pro.net\/no\/wp-json\/wp\/v2\/comments?post=585"}],"version-history":[{"count":1,"href":"https:\/\/omni-pro.net\/no\/wp-json\/wp\/v2\/pages\/585\/revisions"}],"predecessor-version":[{"id":586,"href":"https:\/\/omni-pro.net\/no\/wp-json\/wp\/v2\/pages\/585\/revisions\/586"}],"wp:attachment":[{"href":"https:\/\/omni-pro.net\/no\/wp-json\/wp\/v2\/media?parent=585"}],"curies":[{"name":"wp","href":"https:\/\/api.w.org\/{rel}","templated":true}]}}