{"id":448,"date":"2019-12-20T08:41:01","date_gmt":"2019-12-20T08:41:01","guid":{"rendered":"https:\/\/omni-pro.net\/?page_id=448"},"modified":"2022-11-25T20:57:04","modified_gmt":"2022-11-25T19:57:04","slug":"contact","status":"publish","type":"page","link":"https:\/\/omni-pro.net\/no\/contact\/","title":{"rendered":"Ta kontakt"},"content":{"rendered":"\n<h2 class=\"has-text-align-center big-subtitle wp-block-heading\" id=\"h-ta-kontakt\">Ta kontakt<\/h2>\n\n\n\n<div class=\"wpcf7 no-js\" id=\"wpcf7-f345-o1\" lang=\"en-US\" dir=\"ltr\">\n<div class=\"screen-reader-response\"><p role=\"status\" aria-live=\"polite\" aria-atomic=\"true\"><\/p> <ul><\/ul><\/div>\n<form action=\"\/no\/wp-json\/wp\/v2\/pages\/448#wpcf7-f345-o1\" method=\"post\" class=\"wpcf7-form init\" aria-label=\"Contact form\" novalidate=\"novalidate\" data-status=\"init\">\n<div style=\"display: none;\">\n<input type=\"hidden\" name=\"_wpcf7\" value=\"345\" \/>\n<input type=\"hidden\" name=\"_wpcf7_version\" value=\"5.9.2\" \/>\n<input type=\"hidden\" name=\"_wpcf7_locale\" value=\"en_US\" \/>\n<input type=\"hidden\" name=\"_wpcf7_unit_tag\" value=\"wpcf7-f345-o1\" \/>\n<input type=\"hidden\" name=\"_wpcf7_container_post\" value=\"0\" \/>\n<input type=\"hidden\" name=\"_wpcf7_posted_data_hash\" value=\"\" \/>\n<input type=\"hidden\" name=\"_wpcf7_recaptcha_response\" value=\"\" \/>\n<\/div>\n<div class=\"beta-form\">\n\t<div class=\"row row-department\">\n\t\t<div class=\"col-12 col-sm-12\">\n\t\t\t<p><label> Velg hvilken avdeling du vil kontakte <span class=\"req\"><i class=\"fas fa-asterisk\"><\/i><\/span><\/label>\n\t\t\t<\/p>\n\t\t<\/div>\n\t\t<div class=\"col-12 col-sm-12\">\n\t\t\t<p><span class=\"wpcf7-form-control-wrap\" data-name=\"department\"><select class=\"wpcf7-form-control wpcf7-select wpcf7-validates-as-required\" aria-required=\"true\" aria-invalid=\"false\" name=\"department\"><option value=\"\">--Velg avdeling--<\/option><option value=\"Salg\">Salg<\/option><option value=\"Teknisk st\u00f8tte\">Teknisk st\u00f8tte<\/option><\/select><\/span>\n\t\t\t<\/p>\n\t\t<\/div>\n\t<\/div>\n\t<div class=\"row\">\n\t\t<div class=\"col-12 col-sm-6\">\n\t\t\t<p><label> Fornavn <span class=\"req\"><i class=\"fas fa-asterisk\"><\/i><\/span><br \/>\n<span class=\"wpcf7-form-control-wrap\" data-name=\"first-name\"><input size=\"40\" class=\"wpcf7-form-control wpcf7-text wpcf7-validates-as-required\" aria-required=\"true\" aria-invalid=\"false\" value=\"\" type=\"text\" name=\"first-name\" \/><\/span> <\/label>\n\t\t\t<\/p>\n\t\t<\/div>\n\t\t<div class=\"col-12 col-sm-6\">\n\t\t\t<p><label> Etternavn <span class=\"req\"><i class=\"fas fa-asterisk\"><\/i><\/span><br \/>\n<span class=\"wpcf7-form-control-wrap\" data-name=\"last-name\"><input size=\"40\" class=\"wpcf7-form-control wpcf7-text wpcf7-validates-as-required\" aria-required=\"true\" aria-invalid=\"false\" value=\"\" type=\"text\" name=\"last-name\" \/><\/span> <\/label>\n\t\t\t<\/p>\n\t\t<\/div>\n\t<\/div>\n\t<div class=\"row\">\n\t\t<div class=\"col-12 col-sm-6\">\n\t\t\t<p><label> Klubbens navn <span class=\"req\"><i class=\"fas fa-asterisk\"><\/i><\/span><br \/>\n<span class=\"wpcf7-form-control-wrap\" data-name=\"club-name\"><input size=\"40\" class=\"wpcf7-form-control wpcf7-text wpcf7-validates-as-required\" aria-required=\"true\" aria-invalid=\"false\" value=\"\" type=\"text\" name=\"club-name\" \/><\/span> <\/label>\n\t\t\t<\/p>\n\t\t<\/div>\n\t\t<div class=\"col-12 col-sm-6\">\n\t\t\t<p><label> Rolle\/position i klubben <span class=\"req\"><i class=\"fas fa-asterisk\"><\/i><\/span><br \/>\n<span class=\"wpcf7-form-control-wrap\" data-name=\"role-position\"><input size=\"40\" class=\"wpcf7-form-control wpcf7-text wpcf7-validates-as-required\" aria-required=\"true\" aria-invalid=\"false\" value=\"\" type=\"text\" name=\"role-position\" \/><\/span> <\/label>\n\t\t\t<\/p>\n\t\t<\/div>\n\t<\/div>\n\t<div class=\"row\">\n\t\t<div class=\"col-12 col-sm-6\">\n\t\t\t<p><label> Email <span class=\"req\"><i class=\"fas fa-asterisk\"><\/i><\/span><br \/>\n<span class=\"wpcf7-form-control-wrap\" data-name=\"email\"><input size=\"40\" class=\"wpcf7-form-control wpcf7-text wpcf7-validates-as-required\" aria-required=\"true\" aria-invalid=\"false\" value=\"\" type=\"text\" name=\"email\" \/><\/span> <\/label>\n\t\t\t<\/p>\n\t\t<\/div>\n\t\t<div class=\"col-12 col-sm-6\">\n\t\t\t<p><label> Telefonnr.<br \/>\n<span class=\"wpcf7-form-control-wrap\" data-name=\"phone\"><input size=\"40\" class=\"wpcf7-form-control wpcf7-text\" aria-invalid=\"false\" value=\"\" type=\"text\" name=\"phone\" \/><\/span> <\/label>\n\t\t\t<\/p>\n\t\t<\/div>\n\t<\/div>\n\t<div class=\"row\">\n\t\t<div class=\"col-12 col-sm-12\">\n\t\t\t<p><label> Tema <span class=\"req\"><i class=\"fas fa-asterisk\"><\/i><\/span><br \/>\n<span class=\"wpcf7-form-control-wrap\" data-name=\"subject\"><input size=\"40\" class=\"wpcf7-form-control wpcf7-text wpcf7-validates-as-required\" aria-required=\"true\" aria-invalid=\"false\" value=\"\" type=\"text\" name=\"subject\" \/><\/span> <\/label>\n\t\t\t<\/p>\n\t\t<\/div>\n\t<\/div>\n\t<div class=\"row\">\n\t\t<div class=\"col-12 col-sm-12\">\n\t\t\t<p><label> Melding <span class=\"req\"><i class=\"fas fa-asterisk\"><\/i><\/span><br \/>\n<span class=\"wpcf7-form-control-wrap\" data-name=\"message\"><textarea cols=\"40\" rows=\"10\" class=\"wpcf7-form-control wpcf7-textarea wpcf7-validates-as-required\" aria-required=\"true\" aria-invalid=\"false\" name=\"message\"><\/textarea><\/span> <\/label>\n\t\t\t<\/p>\n\t\t<\/div>\n\t<\/div>\n\t<div class=\"row\">\n\t\t<div class=\"col-12 col-sm-12\">\n\t\t\t<p><input class=\"wpcf7-form-control wpcf7-submit has-spinner\" type=\"submit\" value=\"Send\" \/>\n\t\t\t<\/p>\n\t\t<\/div>\n\t<\/div>\n<\/div><p style=\"display: none !important;\" class=\"akismet-fields-container\" data-prefix=\"_wpcf7_ak_\"><label>&#916;<textarea name=\"_wpcf7_ak_hp_textarea\" cols=\"45\" rows=\"8\" maxlength=\"100\"><\/textarea><\/label><input type=\"hidden\" id=\"ak_js_1\" name=\"_wpcf7_ak_js\" value=\"130\"\/><script>document.getElementById( \"ak_js_1\" ).setAttribute( \"value\", ( new Date() ).getTime() );<\/script><\/p><div class=\"wpcf7-response-output\" aria-hidden=\"true\"><\/div>\n<\/form>\n<\/div>\n\n\n\n\n<div class=\"wp-block-columns contact-form block-margin is-layout-flex wp-container-core-columns-is-layout-9d6595d7 wp-block-columns-is-layout-flex\">\n<div class=\"wp-block-column is-layout-flow wp-block-column-is-layout-flow\" style=\"flex-basis:34%\">\n<h3 class=\"wp-block-heading\" id=\"h-sabia-as\">SABIA AS<\/h3>\n\n\n<p>\u00c5slandveien 34<br \/>\n1274 Oslo<br \/>\nNorway<\/p><p><b>+47 93059346<\/b><\/p><p><b>sales@omni-pro.net<\/b><\/p>\n<\/div>\n\n\n\n<div class=\"wp-block-column is-layout-flow wp-block-column-is-layout-flow\" style=\"flex-basis:66%\">\n<div style=\"width: 100%; border:1px solid #ccc; line-height: 0px;\"><iframe loading=\"lazy\" width=\"100%\" height=\"400\" src=\"https:\/\/maps.google.com\/maps?width=100%&amp;height=600&amp;hl=en&amp;q=%C3%85slandveien%2034%2C%20Oslo%2C%20Norway+(SABIA%20AS)&amp;ie=UTF8&amp;t=&amp;z=16&amp;iwloc=B&amp;output=embed\" frameborder=\"0\" scrolling=\"no\" marginheight=\"0\" marginwidth=\"0\"><a href=\"https:\/\/www.maps.ie\/coordinates.html\">gps coordinates<\/a><\/iframe><\/div>\n<\/div>\n<\/div>\n","protected":false},"excerpt":{"rendered":"<p>Ta kontakt SABIA AS gps coordinates<\/p>\n","protected":false},"author":2,"featured_media":0,"parent":0,"menu_order":0,"comment_status":"closed","ping_status":"closed","template":"page-full.php","meta":{"footnotes":""},"class_list":["post-448","page","type-page","status-publish","hentry"],"featured_image_url":[],"post_author":"Olav Barros","assigned_categories":"Optional","yoast_head":"<!-- This site is optimized with the Yoast SEO plugin v27.4 - https:\/\/yoast.com\/product\/yoast-seo-wordpress\/ -->\n<title>Kontakt oss - Sabia AS<\/title>\n<meta name=\"description\" content=\"Har du sp\u00f8rsm\u00e5l rundt produktene v\u00e5re eller andre ting? Bruk kontaktskjemaet eller send en epost til sales@omni-pro.net. Du kan ogs\u00e5 ringe oss p\u00e5 +47 22535123.\" \/>\n<meta name=\"robots\" content=\"noindex, follow, max-snippet:-1, max-image-preview:large, max-video-preview:-1\" \/>\n<meta property=\"og:locale\" content=\"nb_NO\" \/>\n<meta property=\"og:type\" content=\"article\" \/>\n<meta property=\"og:title\" content=\"Kontakt oss - Sabia AS\" \/>\n<meta property=\"og:description\" content=\"Har du sp\u00f8rsm\u00e5l rundt produktene v\u00e5re eller andre ting? Bruk kontaktskjemaet eller send en epost til sales@omni-pro.net. Du kan ogs\u00e5 ringe oss p\u00e5 +47 22535123.\" \/>\n<meta property=\"og:url\" content=\"https:\/\/omni-pro.net\/no\/contact\/\" \/>\n<meta property=\"og:site_name\" content=\"Tidtaker for ridesport\" \/>\n<meta property=\"article:modified_time\" content=\"2022-11-25T19:57:04+00:00\" \/>\n<meta name=\"twitter:card\" content=\"summary_large_image\" \/>\n<meta name=\"twitter:site\" content=\"@omni_pro\" \/>\n<meta name=\"twitter:label1\" content=\"Est. reading time\" \/>\n\t<meta name=\"twitter:data1\" content=\"1 minute\" \/>\n<script type=\"application\/ld+json\" class=\"yoast-schema-graph\">{\"@context\":\"https:\\\/\\\/schema.org\",\"@graph\":[{\"@type\":\"WebPage\",\"@id\":\"https:\\\/\\\/omni-pro.net\\\/no\\\/contact\\\/\",\"url\":\"https:\\\/\\\/omni-pro.net\\\/no\\\/contact\\\/\",\"name\":\"Kontakt oss - Sabia AS\",\"isPartOf\":{\"@id\":\"https:\\\/\\\/omni-pro.net\\\/#website\"},\"datePublished\":\"2019-12-20T08:41:01+00:00\",\"dateModified\":\"2022-11-25T19:57:04+00:00\",\"description\":\"Har du sp\u00f8rsm\u00e5l rundt produktene v\u00e5re eller andre ting? Bruk kontaktskjemaet eller send en epost til sales@omni-pro.net. Du kan ogs\u00e5 ringe oss p\u00e5 +47 22535123.\",\"breadcrumb\":{\"@id\":\"https:\\\/\\\/omni-pro.net\\\/no\\\/contact\\\/#breadcrumb\"},\"inLanguage\":\"nb-NO\",\"potentialAction\":[{\"@type\":\"ReadAction\",\"target\":[\"https:\\\/\\\/omni-pro.net\\\/no\\\/contact\\\/\"]}]},{\"@type\":\"BreadcrumbList\",\"@id\":\"https:\\\/\\\/omni-pro.net\\\/no\\\/contact\\\/#breadcrumb\",\"itemListElement\":[{\"@type\":\"ListItem\",\"position\":1,\"name\":\"Home\",\"item\":\"https:\\\/\\\/omni-pro.net\\\/no\\\/\"},{\"@type\":\"ListItem\",\"position\":2,\"name\":\"Ta kontakt\"}]},{\"@type\":\"WebSite\",\"@id\":\"https:\\\/\\\/omni-pro.net\\\/#website\",\"url\":\"https:\\\/\\\/omni-pro.net\\\/\",\"name\":\"OmniPro Equestrian sports timer for Equipe\",\"description\":\"DEN NYE REVOLUSJONEN I SPRANGRIDNING\",\"publisher\":{\"@id\":\"https:\\\/\\\/omni-pro.net\\\/#organization\"},\"potentialAction\":[{\"@type\":\"SearchAction\",\"target\":{\"@type\":\"EntryPoint\",\"urlTemplate\":\"https:\\\/\\\/omni-pro.net\\\/?s={search_term_string}\"},\"query-input\":{\"@type\":\"PropertyValueSpecification\",\"valueRequired\":true,\"valueName\":\"search_term_string\"}}],\"inLanguage\":\"nb-NO\"},{\"@type\":\"Organization\",\"@id\":\"https:\\\/\\\/omni-pro.net\\\/#organization\",\"name\":\"Sabia AS\",\"url\":\"https:\\\/\\\/omni-pro.net\\\/\",\"logo\":{\"@type\":\"ImageObject\",\"inLanguage\":\"nb-NO\",\"@id\":\"https:\\\/\\\/omni-pro.net\\\/#\\\/schema\\\/logo\\\/image\\\/\",\"url\":\"http:\\\/\\\/145.223.81.156\\\/wp-content\\\/uploads\\\/2020\\\/01\\\/OmnoLogo-V3.png\",\"contentUrl\":\"http:\\\/\\\/145.223.81.156\\\/wp-content\\\/uploads\\\/2020\\\/01\\\/OmnoLogo-V3.png\",\"width\":4094,\"height\":3482,\"caption\":\"Sabia AS\"},\"image\":{\"@id\":\"https:\\\/\\\/omni-pro.net\\\/#\\\/schema\\\/logo\\\/image\\\/\"},\"sameAs\":[\"https:\\\/\\\/x.com\\\/omni_pro\"]}]}<\/script>\n<!-- \/ Yoast SEO plugin. -->","yoast_head_json":{"title":"Kontakt oss - Sabia AS","description":"Har du sp\u00f8rsm\u00e5l rundt produktene v\u00e5re eller andre ting? Bruk kontaktskjemaet eller send en epost til sales@omni-pro.net. Du kan ogs\u00e5 ringe oss p\u00e5 +47 22535123.","robots":{"index":"noindex","follow":"follow","max-snippet":"max-snippet:-1","max-image-preview":"max-image-preview:large","max-video-preview":"max-video-preview:-1"},"og_locale":"nb_NO","og_type":"article","og_title":"Kontakt oss - Sabia AS","og_description":"Har du sp\u00f8rsm\u00e5l rundt produktene v\u00e5re eller andre ting? Bruk kontaktskjemaet eller send en epost til sales@omni-pro.net. Du kan ogs\u00e5 ringe oss p\u00e5 +47 22535123.","og_url":"https:\/\/omni-pro.net\/no\/contact\/","og_site_name":"Tidtaker for ridesport","article_modified_time":"2022-11-25T19:57:04+00:00","twitter_card":"summary_large_image","twitter_site":"@omni_pro","twitter_misc":{"Est. reading time":"1 minute"},"schema":{"@context":"https:\/\/schema.org","@graph":[{"@type":"WebPage","@id":"https:\/\/omni-pro.net\/no\/contact\/","url":"https:\/\/omni-pro.net\/no\/contact\/","name":"Kontakt oss - Sabia AS","isPartOf":{"@id":"https:\/\/omni-pro.net\/#website"},"datePublished":"2019-12-20T08:41:01+00:00","dateModified":"2022-11-25T19:57:04+00:00","description":"Har du sp\u00f8rsm\u00e5l rundt produktene v\u00e5re eller andre ting? Bruk kontaktskjemaet eller send en epost til sales@omni-pro.net. Du kan ogs\u00e5 ringe oss p\u00e5 +47 22535123.","breadcrumb":{"@id":"https:\/\/omni-pro.net\/no\/contact\/#breadcrumb"},"inLanguage":"nb-NO","potentialAction":[{"@type":"ReadAction","target":["https:\/\/omni-pro.net\/no\/contact\/"]}]},{"@type":"BreadcrumbList","@id":"https:\/\/omni-pro.net\/no\/contact\/#breadcrumb","itemListElement":[{"@type":"ListItem","position":1,"name":"Home","item":"https:\/\/omni-pro.net\/no\/"},{"@type":"ListItem","position":2,"name":"Ta kontakt"}]},{"@type":"WebSite","@id":"https:\/\/omni-pro.net\/#website","url":"https:\/\/omni-pro.net\/","name":"OmniPro Equestrian sports timer for Equipe","description":"DEN NYE REVOLUSJONEN I SPRANGRIDNING","publisher":{"@id":"https:\/\/omni-pro.net\/#organization"},"potentialAction":[{"@type":"SearchAction","target":{"@type":"EntryPoint","urlTemplate":"https:\/\/omni-pro.net\/?s={search_term_string}"},"query-input":{"@type":"PropertyValueSpecification","valueRequired":true,"valueName":"search_term_string"}}],"inLanguage":"nb-NO"},{"@type":"Organization","@id":"https:\/\/omni-pro.net\/#organization","name":"Sabia AS","url":"https:\/\/omni-pro.net\/","logo":{"@type":"ImageObject","inLanguage":"nb-NO","@id":"https:\/\/omni-pro.net\/#\/schema\/logo\/image\/","url":"http:\/\/145.223.81.156\/wp-content\/uploads\/2020\/01\/OmnoLogo-V3.png","contentUrl":"http:\/\/145.223.81.156\/wp-content\/uploads\/2020\/01\/OmnoLogo-V3.png","width":4094,"height":3482,"caption":"Sabia AS"},"image":{"@id":"https:\/\/omni-pro.net\/#\/schema\/logo\/image\/"},"sameAs":["https:\/\/x.com\/omni_pro"]}]}},"_links":{"self":[{"href":"https:\/\/omni-pro.net\/no\/wp-json\/wp\/v2\/pages\/448","targetHints":{"allow":["GET"]}}],"collection":[{"href":"https:\/\/omni-pro.net\/no\/wp-json\/wp\/v2\/pages"}],"about":[{"href":"https:\/\/omni-pro.net\/no\/wp-json\/wp\/v2\/types\/page"}],"author":[{"embeddable":true,"href":"https:\/\/omni-pro.net\/no\/wp-json\/wp\/v2\/users\/2"}],"replies":[{"embeddable":true,"href":"https:\/\/omni-pro.net\/no\/wp-json\/wp\/v2\/comments?post=448"}],"version-history":[{"count":6,"href":"https:\/\/omni-pro.net\/no\/wp-json\/wp\/v2\/pages\/448\/revisions"}],"predecessor-version":[{"id":20190,"href":"https:\/\/omni-pro.net\/no\/wp-json\/wp\/v2\/pages\/448\/revisions\/20190"}],"wp:attachment":[{"href":"https:\/\/omni-pro.net\/no\/wp-json\/wp\/v2\/media?parent=448"}],"curies":[{"name":"wp","href":"https:\/\/api.w.org\/{rel}","templated":true}]}}