{"id":403,"date":"2019-12-20T07:07:34","date_gmt":"2019-12-20T07:07:34","guid":{"rendered":"https:\/\/omni-pro.net\/?page_id=403"},"modified":"2024-05-23T11:02:24","modified_gmt":"2024-05-23T10:02:24","slug":"the-story","status":"publish","type":"page","link":"https:\/\/omni-pro.net\/no\/the-story\/","title":{"rendered":"Historien"},"content":{"rendered":"\n<h2 class=\"wp-block-heading has-text-align-center big-title\" id=\"h-en-lidenskap-som-gnistrer\">En lidenskap som gnistrer<\/h2>\n\n\n\n<figure class=\"wp-block-image size-full w-100\"><img loading=\"lazy\" decoding=\"async\" width=\"1500\" height=\"1000\" src=\"http:\/\/145.223.81.156\/wp-content\/uploads\/2019\/12\/Sabia-OmniPro8.jpg\" alt=\"\" class=\"wp-image-187\" srcset=\"https:\/\/omni-pro.net\/wp-content\/uploads\/2019\/12\/Sabia-OmniPro8.jpg 1500w, https:\/\/omni-pro.net\/wp-content\/uploads\/2019\/12\/Sabia-OmniPro8-600x400.jpg 600w, https:\/\/omni-pro.net\/wp-content\/uploads\/2019\/12\/Sabia-OmniPro8-300x200.jpg 300w, https:\/\/omni-pro.net\/wp-content\/uploads\/2019\/12\/Sabia-OmniPro8-1024x683.jpg 1024w, https:\/\/omni-pro.net\/wp-content\/uploads\/2019\/12\/Sabia-OmniPro8-768x512.jpg 768w\" sizes=\"auto, (max-width: 1500px) 100vw, 1500px\" \/><\/figure>\n\n\n\n<h3 class=\"wp-block-heading has-text-align-center block-margin\" id=\"h-omnipro-er-resultatet-av-malrettet-arbeid-over-mange-ar\">OMNIPRO ER RESULTATET AV M\u00c5LRETTET ARBEID OVER MANGE \u00c5R<\/h3>\n\n\n\n<p><strong>Den f\u00f8rste gangen<\/strong> Olav satt p\u00e5 hesteryggen var p\u00e5 en ferie i New Zealand, som l\u00e5nte sine majestetiske baktepper til Ringenes Herre-trilogien. Olav hadde en uforglemmelig opplevelse og fikk umiddelbart sansen for ridning. S\u00e5 snart han var hjemme i Oslo igjen begynte han med ridetimer. F\u00f8rst 1 time p\u00e5 l\u00f8rdagene. S\u00e5 ballet det p\u00e5 seg, til han red 3-4 ganger i uken, kjente alle p\u00e5 stallen, medlem i sportsklubben, ansvarlig for \u00e5 arrangere sprang- og dressurstevner.<\/p>\n\n\n\n<p>Dressurstevnene gikk fint, men Olav var ikke forn\u00f8yd med m\u00e5ten tidtakingen ble gjort p\u00e5 sprangstevnene. Her var det en funksjon\u00e6r som sto med en manuell stoppeklokke, og noen banemannskap som veivet et flagg n\u00e5r en ekvipasje red forbi. Dette kunne umulig v\u00e6re n\u00f8yaktig tidtaking! Fra tidligere hadde han utviklet en tidtaker for gokarter, og visste godt at den menneskelige responstiden tilsa at denne manuelle tidtakingen i beste fall ville ha en n\u00f8yaktighet p\u00e5 et halvt sekund. Sprangridning avgj\u00f8res p\u00e5 1\/100 sekund. Dette avviket i n\u00f8yaktighet var for stort til at vi kunne f\u00f8le oss trygge p\u00e5 at det alltid var den beste ekvipasjen som vant. <\/p>\n\n\n\n<p>Det m\u00e5tte finnes en bedre m\u00e5te. Selvf\u00f8lgelig fantes det generelle tidtakere som kan brukes til en rekke idretter og baner, som sv\u00f8mming, roing, l\u00f8ping, etc. Disse er veldig godt egnet til baner der start- og m\u00e5llinjen er fast, og aldri flytter seg. Optikken er best egnet til det fordi de typisk benytter tynne optiske str\u00e5ler som bare g\u00e5r i \u00e9n retning.  Men det er ikke slik p\u00e5 en sprangbane der start- og m\u00e5llinjen bestemmes av banetegneren, og kan flyttes fra \u00e9n klasse til den neste. Slik optikk kan gi feilpasseringer som f\u00f8lge av vibrasjoner fra passerende ekvipasje, etc. Disse tradisjonelle tidtakerne har gjerne brukermanualer p\u00e5 over 100 sider, og dette er sv\u00e6rt krevende \u00e5 sette seg inn i for de som er frivillige p\u00e5 et arrangement og ikke profesjonelle tidtakere. Til sist er de fleste tidtakere l\u00e5st til sitt grensesnitt med membrantastatur og lite svart\/hvitt display. <\/p>\n\n\n\n<p>Utviklingen av en ny tidtaker begynte, men det var noe som manglet. S\u00e5 kom Sandra med p\u00e5 laget, og med hennes unike bakgrunn som sosialantropolog og interaksjonsdesigner s\u00e5 kunne vi redesigne hele produktet fra brukerens perspektiv. Vi intervjuet sprangdommere og brukte v\u00e5r kombinerte ekspertise innen elektronikk, optikk, mekanikk og interaksjonsdesign til \u00e5 designe en helt ny tidtaker. Den optiske porten ville n\u00e5 benytte mange sendere og mottakere slik at de kan se i alle retninger, vurdere hvilken vei str\u00e5len skal g\u00e5 og deretter stille inn signalstyrken p\u00e5 den infrar\u00f8de str\u00e5len &#8211; helt uten at brukeren trenger \u00e5 gj\u00f8re noe som helst! <\/p>\n\n\n\n<p>OmniPro tidtakeren har faktisk blitt designet ene og alene for ridesporten, slik at de unike utfordringene  denne sporten gir blir m\u00f8tt p\u00e5 best mulig m\u00e5te uten \u00e5 m\u00e5tte inng\u00e5 kompromiss pga kompatibilitet med andre idretter. V\u00e5r brukermanual er kun p\u00e5 noen f\u00e5 sider, og vi har ogs\u00e5 instruksjoner i form av animasjoner. Det kj\u00f8res p\u00e5 en Windows PC og er selvsagt helt integrert med Equipe programvare for stevnearrang\u00f8rer. <\/p>\n\n\n\n<p>OmniPro-teamet setter brukervennlighet i f\u00f8rersetet, og alle v\u00e5re designavgj\u00f8relser er tatt for at nettopp arrang\u00f8rer av sprangstevner skal f\u00e5 den beste opplevelsen &#8211; b\u00e5de n\u00e5r stevnet p\u00e5g\u00e5r og ogs\u00e5 mellom stevnene! Vi har utviklet en ladekoffert der hele utstyret enkelt f\u00e5r plass, og som lader de optiske portene optimalt, slik at de alltid er klare til bruk.  <\/p>\n\n\n\n<p>Gi ditt neste stevne Kraften av OmniPro og gi sportskomit\u00e9en deres det beste verkt\u00f8yet for et godt avviklet stevne med n\u00f8yaktige resultater. Vi tilbyr OmniPro Club for mindre rideklubber og OmniPro Elite for klubber som vil ha FEI-homologert tidtaker. <\/p>\n\n\n\n<p>Velkommen til en ny tid innen sprangridning.<\/p>\n","protected":false},"excerpt":{"rendered":"<p>En lidenskap som gnistrer OMNIPRO ER RESULTATET AV M\u00c5LRETTET ARBEID OVER MANGE \u00c5R Den f\u00f8rste gangen Olav satt p\u00e5 hesteryggen var p\u00e5 en ferie i New Zealand, som l\u00e5nte sine majestetiske baktepper til Ringenes Herre-trilogien. Olav hadde en uforglemmelig opplevelse og fikk umiddelbart sansen for ridning. S\u00e5 snart han var hjemme i Oslo igjen begynte [&hellip;]<\/p>\n","protected":false},"author":2,"featured_media":0,"parent":0,"menu_order":0,"comment_status":"closed","ping_status":"closed","template":"page-full.php","meta":{"footnotes":""},"class_list":["post-403","page","type-page","status-publish","hentry"],"featured_image_url":[],"post_author":"Olav Barros","assigned_categories":"Optional","yoast_head":"<!-- This site is optimized with the Yoast SEO plugin v27.4 - https:\/\/yoast.com\/product\/yoast-seo-wordpress\/ -->\n<title>Historien om OmniPro<\/title>\n<meta name=\"description\" content=\"Jakten p\u00e5 den optimale brukeropplevelsen og n\u00f8yaktig tidtaking for hestesporten har f\u00f8rt frem til OmniProRelentless pursuit of user friendliness and accurate timing has led to the best timing experience for equestrian sports \u2013 OmniPro.\" \/>\n<meta name=\"robots\" content=\"noindex, follow, max-snippet:-1, max-image-preview:large, max-video-preview:-1\" \/>\n<meta property=\"og:locale\" content=\"nb_NO\" \/>\n<meta property=\"og:type\" content=\"article\" \/>\n<meta property=\"og:title\" content=\"Historien om OmniPro\" \/>\n<meta property=\"og:description\" content=\"Jakten p\u00e5 den optimale brukeropplevelsen og n\u00f8yaktig tidtaking for hestesporten har f\u00f8rt frem til OmniProRelentless pursuit of user friendliness and accurate timing has led to the best timing experience for equestrian sports \u2013 OmniPro.\" \/>\n<meta property=\"og:url\" content=\"https:\/\/omni-pro.net\/no\/the-story\/\" \/>\n<meta property=\"og:site_name\" content=\"Tidtaker for ridesport\" \/>\n<meta property=\"article:modified_time\" content=\"2024-05-23T10:02:24+00:00\" \/>\n<meta property=\"og:image\" content=\"http:\/\/145.223.81.156\/wp-content\/uploads\/2019\/12\/Sabia-OmniPro8.jpg\" \/>\n<meta name=\"twitter:card\" content=\"summary_large_image\" \/>\n<meta name=\"twitter:site\" content=\"@omni_pro\" \/>\n<meta name=\"twitter:label1\" content=\"Est. reading time\" \/>\n\t<meta name=\"twitter:data1\" content=\"3 minutes\" \/>\n<script type=\"application\/ld+json\" class=\"yoast-schema-graph\">{\"@context\":\"https:\\\/\\\/schema.org\",\"@graph\":[{\"@type\":\"WebPage\",\"@id\":\"https:\\\/\\\/omni-pro.net\\\/no\\\/the-story\\\/\",\"url\":\"https:\\\/\\\/omni-pro.net\\\/no\\\/the-story\\\/\",\"name\":\"Historien om OmniPro\",\"isPartOf\":{\"@id\":\"https:\\\/\\\/omni-pro.net\\\/#website\"},\"primaryImageOfPage\":{\"@id\":\"https:\\\/\\\/omni-pro.net\\\/no\\\/the-story\\\/#primaryimage\"},\"image\":{\"@id\":\"https:\\\/\\\/omni-pro.net\\\/no\\\/the-story\\\/#primaryimage\"},\"thumbnailUrl\":\"http:\\\/\\\/145.223.81.156\\\/wp-content\\\/uploads\\\/2019\\\/12\\\/Sabia-OmniPro8.jpg\",\"datePublished\":\"2019-12-20T07:07:34+00:00\",\"dateModified\":\"2024-05-23T10:02:24+00:00\",\"description\":\"Jakten p\u00e5 den optimale brukeropplevelsen og n\u00f8yaktig tidtaking for hestesporten har f\u00f8rt frem til OmniProRelentless pursuit of user friendliness and accurate timing has led to the best timing experience for equestrian sports \u2013 OmniPro.\",\"breadcrumb\":{\"@id\":\"https:\\\/\\\/omni-pro.net\\\/no\\\/the-story\\\/#breadcrumb\"},\"inLanguage\":\"nb-NO\",\"potentialAction\":[{\"@type\":\"ReadAction\",\"target\":[\"https:\\\/\\\/omni-pro.net\\\/no\\\/the-story\\\/\"]}]},{\"@type\":\"ImageObject\",\"inLanguage\":\"nb-NO\",\"@id\":\"https:\\\/\\\/omni-pro.net\\\/no\\\/the-story\\\/#primaryimage\",\"url\":\"http:\\\/\\\/145.223.81.156\\\/wp-content\\\/uploads\\\/2019\\\/12\\\/Sabia-OmniPro8.jpg\",\"contentUrl\":\"http:\\\/\\\/145.223.81.156\\\/wp-content\\\/uploads\\\/2019\\\/12\\\/Sabia-OmniPro8.jpg\"},{\"@type\":\"BreadcrumbList\",\"@id\":\"https:\\\/\\\/omni-pro.net\\\/no\\\/the-story\\\/#breadcrumb\",\"itemListElement\":[{\"@type\":\"ListItem\",\"position\":1,\"name\":\"Home\",\"item\":\"https:\\\/\\\/omni-pro.net\\\/no\\\/\"},{\"@type\":\"ListItem\",\"position\":2,\"name\":\"Historien\"}]},{\"@type\":\"WebSite\",\"@id\":\"https:\\\/\\\/omni-pro.net\\\/#website\",\"url\":\"https:\\\/\\\/omni-pro.net\\\/\",\"name\":\"OmniPro Equestrian sports timer for Equipe\",\"description\":\"DEN NYE REVOLUSJONEN I SPRANGRIDNING\",\"publisher\":{\"@id\":\"https:\\\/\\\/omni-pro.net\\\/#organization\"},\"potentialAction\":[{\"@type\":\"SearchAction\",\"target\":{\"@type\":\"EntryPoint\",\"urlTemplate\":\"https:\\\/\\\/omni-pro.net\\\/?s={search_term_string}\"},\"query-input\":{\"@type\":\"PropertyValueSpecification\",\"valueRequired\":true,\"valueName\":\"search_term_string\"}}],\"inLanguage\":\"nb-NO\"},{\"@type\":\"Organization\",\"@id\":\"https:\\\/\\\/omni-pro.net\\\/#organization\",\"name\":\"Sabia AS\",\"url\":\"https:\\\/\\\/omni-pro.net\\\/\",\"logo\":{\"@type\":\"ImageObject\",\"inLanguage\":\"nb-NO\",\"@id\":\"https:\\\/\\\/omni-pro.net\\\/#\\\/schema\\\/logo\\\/image\\\/\",\"url\":\"http:\\\/\\\/145.223.81.156\\\/wp-content\\\/uploads\\\/2020\\\/01\\\/OmnoLogo-V3.png\",\"contentUrl\":\"http:\\\/\\\/145.223.81.156\\\/wp-content\\\/uploads\\\/2020\\\/01\\\/OmnoLogo-V3.png\",\"width\":4094,\"height\":3482,\"caption\":\"Sabia AS\"},\"image\":{\"@id\":\"https:\\\/\\\/omni-pro.net\\\/#\\\/schema\\\/logo\\\/image\\\/\"},\"sameAs\":[\"https:\\\/\\\/x.com\\\/omni_pro\"]}]}<\/script>\n<!-- \/ Yoast SEO plugin. -->","yoast_head_json":{"title":"Historien om OmniPro","description":"Jakten p\u00e5 den optimale brukeropplevelsen og n\u00f8yaktig tidtaking for hestesporten har f\u00f8rt frem til OmniProRelentless pursuit of user friendliness and accurate timing has led to the best timing experience for equestrian sports \u2013 OmniPro.","robots":{"index":"noindex","follow":"follow","max-snippet":"max-snippet:-1","max-image-preview":"max-image-preview:large","max-video-preview":"max-video-preview:-1"},"og_locale":"nb_NO","og_type":"article","og_title":"Historien om OmniPro","og_description":"Jakten p\u00e5 den optimale brukeropplevelsen og n\u00f8yaktig tidtaking for hestesporten har f\u00f8rt frem til OmniProRelentless pursuit of user friendliness and accurate timing has led to the best timing experience for equestrian sports \u2013 OmniPro.","og_url":"https:\/\/omni-pro.net\/no\/the-story\/","og_site_name":"Tidtaker for ridesport","article_modified_time":"2024-05-23T10:02:24+00:00","og_image":[{"url":"http:\/\/145.223.81.156\/wp-content\/uploads\/2019\/12\/Sabia-OmniPro8.jpg","type":"","width":"","height":""}],"twitter_card":"summary_large_image","twitter_site":"@omni_pro","twitter_misc":{"Est. reading time":"3 minutes"},"schema":{"@context":"https:\/\/schema.org","@graph":[{"@type":"WebPage","@id":"https:\/\/omni-pro.net\/no\/the-story\/","url":"https:\/\/omni-pro.net\/no\/the-story\/","name":"Historien om OmniPro","isPartOf":{"@id":"https:\/\/omni-pro.net\/#website"},"primaryImageOfPage":{"@id":"https:\/\/omni-pro.net\/no\/the-story\/#primaryimage"},"image":{"@id":"https:\/\/omni-pro.net\/no\/the-story\/#primaryimage"},"thumbnailUrl":"http:\/\/145.223.81.156\/wp-content\/uploads\/2019\/12\/Sabia-OmniPro8.jpg","datePublished":"2019-12-20T07:07:34+00:00","dateModified":"2024-05-23T10:02:24+00:00","description":"Jakten p\u00e5 den optimale brukeropplevelsen og n\u00f8yaktig tidtaking for hestesporten har f\u00f8rt frem til OmniProRelentless pursuit of user friendliness and accurate timing has led to the best timing experience for equestrian sports \u2013 OmniPro.","breadcrumb":{"@id":"https:\/\/omni-pro.net\/no\/the-story\/#breadcrumb"},"inLanguage":"nb-NO","potentialAction":[{"@type":"ReadAction","target":["https:\/\/omni-pro.net\/no\/the-story\/"]}]},{"@type":"ImageObject","inLanguage":"nb-NO","@id":"https:\/\/omni-pro.net\/no\/the-story\/#primaryimage","url":"http:\/\/145.223.81.156\/wp-content\/uploads\/2019\/12\/Sabia-OmniPro8.jpg","contentUrl":"http:\/\/145.223.81.156\/wp-content\/uploads\/2019\/12\/Sabia-OmniPro8.jpg"},{"@type":"BreadcrumbList","@id":"https:\/\/omni-pro.net\/no\/the-story\/#breadcrumb","itemListElement":[{"@type":"ListItem","position":1,"name":"Home","item":"https:\/\/omni-pro.net\/no\/"},{"@type":"ListItem","position":2,"name":"Historien"}]},{"@type":"WebSite","@id":"https:\/\/omni-pro.net\/#website","url":"https:\/\/omni-pro.net\/","name":"OmniPro Equestrian sports timer for Equipe","description":"DEN NYE REVOLUSJONEN I SPRANGRIDNING","publisher":{"@id":"https:\/\/omni-pro.net\/#organization"},"potentialAction":[{"@type":"SearchAction","target":{"@type":"EntryPoint","urlTemplate":"https:\/\/omni-pro.net\/?s={search_term_string}"},"query-input":{"@type":"PropertyValueSpecification","valueRequired":true,"valueName":"search_term_string"}}],"inLanguage":"nb-NO"},{"@type":"Organization","@id":"https:\/\/omni-pro.net\/#organization","name":"Sabia AS","url":"https:\/\/omni-pro.net\/","logo":{"@type":"ImageObject","inLanguage":"nb-NO","@id":"https:\/\/omni-pro.net\/#\/schema\/logo\/image\/","url":"http:\/\/145.223.81.156\/wp-content\/uploads\/2020\/01\/OmnoLogo-V3.png","contentUrl":"http:\/\/145.223.81.156\/wp-content\/uploads\/2020\/01\/OmnoLogo-V3.png","width":4094,"height":3482,"caption":"Sabia AS"},"image":{"@id":"https:\/\/omni-pro.net\/#\/schema\/logo\/image\/"},"sameAs":["https:\/\/x.com\/omni_pro"]}]}},"_links":{"self":[{"href":"https:\/\/omni-pro.net\/no\/wp-json\/wp\/v2\/pages\/403","targetHints":{"allow":["GET"]}}],"collection":[{"href":"https:\/\/omni-pro.net\/no\/wp-json\/wp\/v2\/pages"}],"about":[{"href":"https:\/\/omni-pro.net\/no\/wp-json\/wp\/v2\/types\/page"}],"author":[{"embeddable":true,"href":"https:\/\/omni-pro.net\/no\/wp-json\/wp\/v2\/users\/2"}],"replies":[{"embeddable":true,"href":"https:\/\/omni-pro.net\/no\/wp-json\/wp\/v2\/comments?post=403"}],"version-history":[{"count":7,"href":"https:\/\/omni-pro.net\/no\/wp-json\/wp\/v2\/pages\/403\/revisions"}],"predecessor-version":[{"id":20498,"href":"https:\/\/omni-pro.net\/no\/wp-json\/wp\/v2\/pages\/403\/revisions\/20498"}],"wp:attachment":[{"href":"https:\/\/omni-pro.net\/no\/wp-json\/wp\/v2\/media?parent=403"}],"curies":[{"name":"wp","href":"https:\/\/api.w.org\/{rel}","templated":true}]}}