{"id":393,"date":"2019-12-20T06:54:17","date_gmt":"2019-12-20T05:54:17","guid":{"rendered":"https:\/\/omni-pro.net\/?page_id=393"},"modified":"2025-05-18T15:15:22","modified_gmt":"2025-05-18T14:15:22","slug":"om-omnipro","status":"publish","type":"page","link":"https:\/\/omni-pro.net\/no\/om-omnipro\/","title":{"rendered":"Dette er OmniPro"},"content":{"rendered":"\n<h2 class=\"wp-block-heading has-text-align-center big-title\" id=\"h-dette-er-omnipro\">Dette er OmniPro<\/h2>\n\n\n\n<div class=\"wp-block-columns is-layout-flex wp-container-core-columns-is-layout-9d6595d7 wp-block-columns-is-layout-flex\">\n<div class=\"wp-block-column is-layout-flow wp-block-column-is-layout-flow\" style=\"flex-basis:50%\">\n<figure class=\"wp-block-image size-large w-100\"><img loading=\"lazy\" decoding=\"async\" width=\"1024\" height=\"683\" src=\"http:\/\/145.223.81.156\/wp-content\/uploads\/2019\/12\/Sabia-OmniPro4-1024x683.jpg\" alt=\"\" class=\"wp-image-259\" srcset=\"https:\/\/omni-pro.net\/wp-content\/uploads\/2019\/12\/Sabia-OmniPro4-1024x683.jpg 1024w, https:\/\/omni-pro.net\/wp-content\/uploads\/2019\/12\/Sabia-OmniPro4-600x400.jpg 600w, https:\/\/omni-pro.net\/wp-content\/uploads\/2019\/12\/Sabia-OmniPro4-300x200.jpg 300w, https:\/\/omni-pro.net\/wp-content\/uploads\/2019\/12\/Sabia-OmniPro4-768x512.jpg 768w, https:\/\/omni-pro.net\/wp-content\/uploads\/2019\/12\/Sabia-OmniPro4.jpg 1500w\" sizes=\"auto, (max-width: 1024px) 100vw, 1024px\" \/><\/figure>\n<\/div>\n\n\n\n<div class=\"wp-block-column is-layout-flow wp-block-column-is-layout-flow\" style=\"flex-basis:50%\">\n<h3 class=\"wp-block-heading\" id=\"h-elektronisk-tidtaker-til-hestesporten-som-alle-kan-bruke\">ELEKTRONISK TIDTAKER TIL HESTESPORTEN SOM ALLE KAN BRUKE<\/h3>\n\n\n\n<p>OmniPro-teamet har brukt mange \u00e5r p\u00e5 \u00e5 utvikle den optimal tidtakeren for hestesporten. I 2023 leverte vi de f\u00f8rste systemene til stor begeistring fra brukerne. Men vi gir oss ikke der. OmniPro videreutvikles dag for dag, og vi er fast bestemte p\u00e5 \u00e5 beholde v\u00e5r ledelse innen brukervennlighet og teknologi, og definere den nye standarden innen elektronisk tidtaking.<\/p>\n<\/div>\n<\/div>\n\n\n\n<div class=\"wp-block-columns block-margin is-layout-flex wp-container-core-columns-is-layout-9d6595d7 wp-block-columns-is-layout-flex\">\n<div class=\"wp-block-column is-layout-flow wp-block-column-is-layout-flow\">\n<h3 class=\"wp-block-heading\" id=\"h-avansert-teknologi-og-lang-rekkevidde\">AVANSERT TEKNOLOGI OG LANG REKKEVIDDE<\/h3>\n\n\n\n<p>Med en optisk rekkevidde p\u00e5 over 15 meter og sv\u00e6rt robuste og avansert optiske porter stiller OmniPro  i en egen klasse av brukervennlighet. Vi har det eneste systemet med helautomatisk oppsett av de optiske str\u00e5lene. Alt brukeren trenger \u00e5 gj\u00f8re er \u00e5 plassere portene der de er \u00f8nsket, s\u00e5 ordner systemet resten selv. Man trenger ikke bekymre seg over rare brukergrensesnitt, h\u00f8re etter piping eller sikte inn mot en liten refleks langt borte. V\u00e5r patenterte optikk med doble str\u00e5ler gj\u00f8r at de optiske portene blir mer robuste mot lav sol, fallende blader, sn\u00f8fall, etc. Vi har ogs\u00e5 v\u00e5rt eget unike, patenterte system for \u00e5 synkronisere alle klokkegeneratorene i b\u00e5de tidsdomenet og frekvensdomenet for best n\u00f8yaktighet. Alle de optiske portene er tr\u00e5dl\u00f8se. <\/p>\n<\/div>\n\n\n\n<div class=\"wp-block-column is-layout-flow wp-block-column-is-layout-flow\">\n<figure class=\"wp-block-image size-large w-100\"><img loading=\"lazy\" decoding=\"async\" width=\"1024\" height=\"683\" src=\"http:\/\/145.223.81.156\/wp-content\/uploads\/2025\/05\/Grenland_Kristian_Strom-1024x683.jpeg\" alt=\"\" class=\"wp-image-20926\" srcset=\"https:\/\/omni-pro.net\/wp-content\/uploads\/2025\/05\/Grenland_Kristian_Strom-1024x683.jpeg 1024w, https:\/\/omni-pro.net\/wp-content\/uploads\/2025\/05\/Grenland_Kristian_Strom-300x200.jpeg 300w, https:\/\/omni-pro.net\/wp-content\/uploads\/2025\/05\/Grenland_Kristian_Strom-768x512.jpeg 768w, https:\/\/omni-pro.net\/wp-content\/uploads\/2025\/05\/Grenland_Kristian_Strom-1536x1024.jpeg 1536w, https:\/\/omni-pro.net\/wp-content\/uploads\/2025\/05\/Grenland_Kristian_Strom-600x400.jpeg 600w, https:\/\/omni-pro.net\/wp-content\/uploads\/2025\/05\/Grenland_Kristian_Strom.jpeg 2048w\" sizes=\"auto, (max-width: 1024px) 100vw, 1024px\" \/><\/figure>\n<\/div>\n<\/div>\n\n\n\n<h3 class=\"wp-block-heading\" id=\"h-perfekt-bade-til-konkurranse-og-trening\" style=\"text-transform:uppercase\">Perfekt b\u00e5de til konkurranse og trening<\/h3>\n\n\n\n<p>OmniPro appen har 2 ulike moduser for tidtaking. I konkurransemodus sendes alle tidene rett til Equipe i sanntid, som h\u00e5ndterer alt av regler for bed\u00f8mmingen som er valgt. I treningsmodus forvandles systemet til en helautomatisk stoppeklokke som tar tiden fra start til m\u00e5l, og viser tiden med store tall p\u00e5 PC-skjermen. Hensikten er at sprangtreneren skal kunne veilede rytterne, som \u00f8ver p\u00e5 raske rideveier for nettopp sin ekvipasje. For det handler om tid&#8230;! <\/p>\n\n\n\n<h2 class=\"wp-block-heading has-text-align-center big-title standerd pricetable\" id=\"h-omnipro\">Omni<span>Pro<\/span><\/h2>\n\n\n<div id=\"rpt_pricr\" class=\"rpt_plans rpt_3_plans rpt_style_basic\"><div class=\"\"><div class=\"rpt_plan  rpt_plugin_f rpt_plan_0  \"><div style=\"text-align:center;\" class=\"rpt_title rpt_title_0\">Basic<\/div><div class=\"rpt_head rpt_head_0\"><\/div><div class=\"rpt_features rpt_features_0\"><div style=\"color:black;\" class=\"rpt_feature rpt_feature_0-0\">1 Optisk Port\r<\/div><div style=\"color:black;\" class=\"rpt_feature rpt_feature_0-1\">2 Stativer\r<\/div><div style=\"color:black;\" class=\"rpt_feature rpt_feature_0-2\">1 Ladekoffert\r<\/div><div style=\"color:black;\" class=\"rpt_feature rpt_feature_0-3\">1 Klik trykknapp med lydutgang\r<\/div><div style=\"color:black;\" class=\"rpt_feature rpt_feature_0-4\">25m Optisk Rekkevidde\r<\/div><div style=\"color:black;\" class=\"rpt_feature rpt_feature_0-5\"><small>*Tilleggsutstyr er tilgjengelig i butikken<\/small><\/div><\/div><a target=\"_self\" href=\"http:\/\/145.223.81.156\/product\/omnipro-club\/\" style=\"background:#ffaa00\" class=\"rpt_foot rpt_foot_0\">Kj\u00f8p N\u00e5<\/a><\/div><div class=\"rpt_plan  rpt_plugin_f rpt_plan_1  \"><div style=\"text-align:center;\" class=\"rpt_title rpt_title_1\">Club<\/div><div class=\"rpt_head rpt_head_1\"><\/div><div class=\"rpt_features rpt_features_1\"><div style=\"color:black;\" class=\"rpt_feature rpt_feature_1-0\">3 Optiske Porter\r<\/div><div style=\"color:black;\" class=\"rpt_feature rpt_feature_1-1\">6 Stativer\r<\/div><div style=\"color:black;\" class=\"rpt_feature rpt_feature_1-2\">1 Ladekoffert\r<\/div><div style=\"color:black;\" class=\"rpt_feature rpt_feature_1-3\">1 Klik trykknapp med lydutgang\r<\/div><div style=\"color:black;\" class=\"rpt_feature rpt_feature_1-4\">25m Optisk Rekkevidde\r<\/div><div style=\"color:black;\" class=\"rpt_feature rpt_feature_1-5\"><small>*Tilleggsutstyr er tilgjengelig i butikken<\/small><\/div><\/div><a target=\"_self\" href=\"http:\/\/145.223.81.156\/product\/omnipro-club-with-3-optical-gates\/\" style=\"background:#ffaa00\" class=\"rpt_foot rpt_foot_1\">Kj\u00f8p N\u00e5<\/a><\/div><div class=\"rpt_plan  rpt_plugin_f rpt_plan_2  \"><div style=\"text-align:center;\" class=\"rpt_title rpt_title_2\">Elite<\/div><div class=\"rpt_head rpt_head_2\"><\/div><div class=\"rpt_features rpt_features_2\"><div style=\"color:black;\" class=\"rpt_feature rpt_feature_2-0\">3 Optiske Porter\r<\/div><div style=\"color:black;\" class=\"rpt_feature rpt_feature_2-1\">6 Stativer\r<\/div><div style=\"color:black;\" class=\"rpt_feature rpt_feature_2-2\">1 Ladekoffert\r<\/div><div style=\"color:black;\" class=\"rpt_feature rpt_feature_2-3\">1 Klik trykknapp med lydutgang\r<\/div><div style=\"color:black;\" class=\"rpt_feature rpt_feature_2-4\">25m Optisk Rekkevidde\r<\/div><div style=\"color:black;\" class=\"rpt_feature rpt_feature_2-5\"><strong>FEI Homologert<\/strong><\/div><\/div><a target=\"_self\" href=\"#\" style=\"background:#ffaa00\" class=\"rpt_foot rpt_foot_2\">Kommer Snart<\/a><\/div><\/div><\/div><div style=\"clear:both;\"><\/div>\n\n\n\n<div class=\"wp-block-columns block-margin solution-every-need-section is-layout-flex wp-container-core-columns-is-layout-9d6595d7 wp-block-columns-is-layout-flex\">\n<div class=\"wp-block-column is-layout-flow wp-block-column-is-layout-flow\">\n<h3 class=\"wp-block-heading has-text-align-center\" id=\"h-omnipro-til-ethvert-behov\">OmniPro TIL ETHVERT BEHOV<\/h3>\n\n\n\n<p>Enten dere arrangerer klubbstevner eller internasjonale konkurranser s\u00e5 finnes det et OmniPro-system som passer.<\/p>\n\n\n\n<p>Alle v\u00e5re systemer er designet med fokus p\u00e5 brukervennlighet, og det \u00e5 lage et fremtidsrettet system. Vi mener at enkelhet er n\u00f8kkelen, og har derfor instruksjoner i form av animasjoner i stedet for kompliserte brukermanualer. V\u00e5rt m\u00e5l er \u00e5 skape den beste brukeropplevelsen for v\u00e5re kunder. <\/p>\n<\/div>\n<\/div>\n","protected":false},"excerpt":{"rendered":"<p>Dette er OmniPro ELEKTRONISK TIDTAKER TIL HESTESPORTEN SOM ALLE KAN BRUKE OmniPro-teamet har brukt mange \u00e5r p\u00e5 \u00e5 utvikle den optimal tidtakeren for hestesporten. I 2023 leverte vi de f\u00f8rste systemene til stor begeistring fra brukerne. Men vi gir oss ikke der. OmniPro videreutvikles dag for dag, og vi er fast bestemte p\u00e5 \u00e5 beholde [&hellip;]<\/p>\n","protected":false},"author":2,"featured_media":0,"parent":0,"menu_order":0,"comment_status":"closed","ping_status":"closed","template":"page-full.php","meta":{"footnotes":""},"class_list":["post-393","page","type-page","status-publish","hentry"],"featured_image_url":[],"post_author":"Olav Barros","assigned_categories":"Optional","yoast_head":"<!-- This site is optimized with the Yoast SEO plugin v27.4 - https:\/\/yoast.com\/product\/yoast-seo-wordpress\/ -->\n<title>Tidtakingssystem til sprangridning, lystavle equipe \u2013 Sabia AS<\/title>\n<meta name=\"description\" content=\"N\u00f8yaktig tidtagersystem for ridesporten med OmniPro. Tidtaging til sprangridning med selvjusterende optikk \u2013 bare plasser portene s\u00e5 gj\u00f8r systemet resten.\" \/>\n<meta name=\"robots\" content=\"noindex, follow, max-snippet:-1, max-image-preview:large, max-video-preview:-1\" \/>\n<meta property=\"og:locale\" content=\"nb_NO\" \/>\n<meta property=\"og:type\" content=\"article\" \/>\n<meta property=\"og:title\" content=\"Tidtakingssystem til sprangridning, lystavle equipe \u2013 Sabia AS\" \/>\n<meta property=\"og:description\" content=\"N\u00f8yaktig tidtagersystem for ridesporten med OmniPro. Tidtaging til sprangridning med selvjusterende optikk \u2013 bare plasser portene s\u00e5 gj\u00f8r systemet resten.\" \/>\n<meta property=\"og:url\" content=\"https:\/\/omni-pro.net\/no\/om-omnipro\/\" \/>\n<meta property=\"og:site_name\" content=\"Tidtaker for ridesport\" \/>\n<meta property=\"article:modified_time\" content=\"2025-05-18T14:15:22+00:00\" \/>\n<meta property=\"og:image\" content=\"http:\/\/145.223.81.156\/wp-content\/uploads\/2019\/12\/Sabia-OmniPro4-1024x683.jpg\" \/>\n<meta name=\"twitter:card\" content=\"summary_large_image\" \/>\n<meta name=\"twitter:site\" content=\"@omni_pro\" \/>\n<meta name=\"twitter:label1\" content=\"Est. reading time\" \/>\n\t<meta name=\"twitter:data1\" content=\"2 minutes\" \/>\n<script type=\"application\/ld+json\" class=\"yoast-schema-graph\">{\"@context\":\"https:\\\/\\\/schema.org\",\"@graph\":[{\"@type\":\"WebPage\",\"@id\":\"https:\\\/\\\/omni-pro.net\\\/no\\\/om-omnipro\\\/\",\"url\":\"https:\\\/\\\/omni-pro.net\\\/no\\\/om-omnipro\\\/\",\"name\":\"Tidtakingssystem til sprangridning, lystavle equipe \u2013 Sabia AS\",\"isPartOf\":{\"@id\":\"https:\\\/\\\/omni-pro.net\\\/#website\"},\"primaryImageOfPage\":{\"@id\":\"https:\\\/\\\/omni-pro.net\\\/no\\\/om-omnipro\\\/#primaryimage\"},\"image\":{\"@id\":\"https:\\\/\\\/omni-pro.net\\\/no\\\/om-omnipro\\\/#primaryimage\"},\"thumbnailUrl\":\"http:\\\/\\\/145.223.81.156\\\/wp-content\\\/uploads\\\/2019\\\/12\\\/Sabia-OmniPro4-1024x683.jpg\",\"datePublished\":\"2019-12-20T05:54:17+00:00\",\"dateModified\":\"2025-05-18T14:15:22+00:00\",\"description\":\"N\u00f8yaktig tidtagersystem for ridesporten med OmniPro. Tidtaging til sprangridning med selvjusterende optikk \u2013 bare plasser portene s\u00e5 gj\u00f8r systemet resten.\",\"breadcrumb\":{\"@id\":\"https:\\\/\\\/omni-pro.net\\\/no\\\/om-omnipro\\\/#breadcrumb\"},\"inLanguage\":\"nb-NO\",\"potentialAction\":[{\"@type\":\"ReadAction\",\"target\":[\"https:\\\/\\\/omni-pro.net\\\/no\\\/om-omnipro\\\/\"]}]},{\"@type\":\"ImageObject\",\"inLanguage\":\"nb-NO\",\"@id\":\"https:\\\/\\\/omni-pro.net\\\/no\\\/om-omnipro\\\/#primaryimage\",\"url\":\"http:\\\/\\\/145.223.81.156\\\/wp-content\\\/uploads\\\/2019\\\/12\\\/Sabia-OmniPro4-1024x683.jpg\",\"contentUrl\":\"http:\\\/\\\/145.223.81.156\\\/wp-content\\\/uploads\\\/2019\\\/12\\\/Sabia-OmniPro4-1024x683.jpg\"},{\"@type\":\"BreadcrumbList\",\"@id\":\"https:\\\/\\\/omni-pro.net\\\/no\\\/om-omnipro\\\/#breadcrumb\",\"itemListElement\":[{\"@type\":\"ListItem\",\"position\":1,\"name\":\"Home\",\"item\":\"https:\\\/\\\/omni-pro.net\\\/no\\\/\"},{\"@type\":\"ListItem\",\"position\":2,\"name\":\"Dette er OmniPro\"}]},{\"@type\":\"WebSite\",\"@id\":\"https:\\\/\\\/omni-pro.net\\\/#website\",\"url\":\"https:\\\/\\\/omni-pro.net\\\/\",\"name\":\"OmniPro Equestrian sports timer for Equipe\",\"description\":\"DEN NYE REVOLUSJONEN I SPRANGRIDNING\",\"publisher\":{\"@id\":\"https:\\\/\\\/omni-pro.net\\\/#organization\"},\"potentialAction\":[{\"@type\":\"SearchAction\",\"target\":{\"@type\":\"EntryPoint\",\"urlTemplate\":\"https:\\\/\\\/omni-pro.net\\\/?s={search_term_string}\"},\"query-input\":{\"@type\":\"PropertyValueSpecification\",\"valueRequired\":true,\"valueName\":\"search_term_string\"}}],\"inLanguage\":\"nb-NO\"},{\"@type\":\"Organization\",\"@id\":\"https:\\\/\\\/omni-pro.net\\\/#organization\",\"name\":\"Sabia AS\",\"url\":\"https:\\\/\\\/omni-pro.net\\\/\",\"logo\":{\"@type\":\"ImageObject\",\"inLanguage\":\"nb-NO\",\"@id\":\"https:\\\/\\\/omni-pro.net\\\/#\\\/schema\\\/logo\\\/image\\\/\",\"url\":\"http:\\\/\\\/145.223.81.156\\\/wp-content\\\/uploads\\\/2020\\\/01\\\/OmnoLogo-V3.png\",\"contentUrl\":\"http:\\\/\\\/145.223.81.156\\\/wp-content\\\/uploads\\\/2020\\\/01\\\/OmnoLogo-V3.png\",\"width\":4094,\"height\":3482,\"caption\":\"Sabia AS\"},\"image\":{\"@id\":\"https:\\\/\\\/omni-pro.net\\\/#\\\/schema\\\/logo\\\/image\\\/\"},\"sameAs\":[\"https:\\\/\\\/x.com\\\/omni_pro\"]}]}<\/script>\n<!-- \/ Yoast SEO plugin. -->","yoast_head_json":{"title":"Tidtakingssystem til sprangridning, lystavle equipe \u2013 Sabia AS","description":"N\u00f8yaktig tidtagersystem for ridesporten med OmniPro. Tidtaging til sprangridning med selvjusterende optikk \u2013 bare plasser portene s\u00e5 gj\u00f8r systemet resten.","robots":{"index":"noindex","follow":"follow","max-snippet":"max-snippet:-1","max-image-preview":"max-image-preview:large","max-video-preview":"max-video-preview:-1"},"og_locale":"nb_NO","og_type":"article","og_title":"Tidtakingssystem til sprangridning, lystavle equipe \u2013 Sabia AS","og_description":"N\u00f8yaktig tidtagersystem for ridesporten med OmniPro. Tidtaging til sprangridning med selvjusterende optikk \u2013 bare plasser portene s\u00e5 gj\u00f8r systemet resten.","og_url":"https:\/\/omni-pro.net\/no\/om-omnipro\/","og_site_name":"Tidtaker for ridesport","article_modified_time":"2025-05-18T14:15:22+00:00","og_image":[{"url":"http:\/\/145.223.81.156\/wp-content\/uploads\/2019\/12\/Sabia-OmniPro4-1024x683.jpg","type":"","width":"","height":""}],"twitter_card":"summary_large_image","twitter_site":"@omni_pro","twitter_misc":{"Est. reading time":"2 minutes"},"schema":{"@context":"https:\/\/schema.org","@graph":[{"@type":"WebPage","@id":"https:\/\/omni-pro.net\/no\/om-omnipro\/","url":"https:\/\/omni-pro.net\/no\/om-omnipro\/","name":"Tidtakingssystem til sprangridning, lystavle equipe \u2013 Sabia AS","isPartOf":{"@id":"https:\/\/omni-pro.net\/#website"},"primaryImageOfPage":{"@id":"https:\/\/omni-pro.net\/no\/om-omnipro\/#primaryimage"},"image":{"@id":"https:\/\/omni-pro.net\/no\/om-omnipro\/#primaryimage"},"thumbnailUrl":"http:\/\/145.223.81.156\/wp-content\/uploads\/2019\/12\/Sabia-OmniPro4-1024x683.jpg","datePublished":"2019-12-20T05:54:17+00:00","dateModified":"2025-05-18T14:15:22+00:00","description":"N\u00f8yaktig tidtagersystem for ridesporten med OmniPro. Tidtaging til sprangridning med selvjusterende optikk \u2013 bare plasser portene s\u00e5 gj\u00f8r systemet resten.","breadcrumb":{"@id":"https:\/\/omni-pro.net\/no\/om-omnipro\/#breadcrumb"},"inLanguage":"nb-NO","potentialAction":[{"@type":"ReadAction","target":["https:\/\/omni-pro.net\/no\/om-omnipro\/"]}]},{"@type":"ImageObject","inLanguage":"nb-NO","@id":"https:\/\/omni-pro.net\/no\/om-omnipro\/#primaryimage","url":"http:\/\/145.223.81.156\/wp-content\/uploads\/2019\/12\/Sabia-OmniPro4-1024x683.jpg","contentUrl":"http:\/\/145.223.81.156\/wp-content\/uploads\/2019\/12\/Sabia-OmniPro4-1024x683.jpg"},{"@type":"BreadcrumbList","@id":"https:\/\/omni-pro.net\/no\/om-omnipro\/#breadcrumb","itemListElement":[{"@type":"ListItem","position":1,"name":"Home","item":"https:\/\/omni-pro.net\/no\/"},{"@type":"ListItem","position":2,"name":"Dette er OmniPro"}]},{"@type":"WebSite","@id":"https:\/\/omni-pro.net\/#website","url":"https:\/\/omni-pro.net\/","name":"OmniPro Equestrian sports timer for Equipe","description":"DEN NYE REVOLUSJONEN I SPRANGRIDNING","publisher":{"@id":"https:\/\/omni-pro.net\/#organization"},"potentialAction":[{"@type":"SearchAction","target":{"@type":"EntryPoint","urlTemplate":"https:\/\/omni-pro.net\/?s={search_term_string}"},"query-input":{"@type":"PropertyValueSpecification","valueRequired":true,"valueName":"search_term_string"}}],"inLanguage":"nb-NO"},{"@type":"Organization","@id":"https:\/\/omni-pro.net\/#organization","name":"Sabia AS","url":"https:\/\/omni-pro.net\/","logo":{"@type":"ImageObject","inLanguage":"nb-NO","@id":"https:\/\/omni-pro.net\/#\/schema\/logo\/image\/","url":"http:\/\/145.223.81.156\/wp-content\/uploads\/2020\/01\/OmnoLogo-V3.png","contentUrl":"http:\/\/145.223.81.156\/wp-content\/uploads\/2020\/01\/OmnoLogo-V3.png","width":4094,"height":3482,"caption":"Sabia AS"},"image":{"@id":"https:\/\/omni-pro.net\/#\/schema\/logo\/image\/"},"sameAs":["https:\/\/x.com\/omni_pro"]}]}},"_links":{"self":[{"href":"https:\/\/omni-pro.net\/no\/wp-json\/wp\/v2\/pages\/393","targetHints":{"allow":["GET"]}}],"collection":[{"href":"https:\/\/omni-pro.net\/no\/wp-json\/wp\/v2\/pages"}],"about":[{"href":"https:\/\/omni-pro.net\/no\/wp-json\/wp\/v2\/types\/page"}],"author":[{"embeddable":true,"href":"https:\/\/omni-pro.net\/no\/wp-json\/wp\/v2\/users\/2"}],"replies":[{"embeddable":true,"href":"https:\/\/omni-pro.net\/no\/wp-json\/wp\/v2\/comments?post=393"}],"version-history":[{"count":11,"href":"https:\/\/omni-pro.net\/no\/wp-json\/wp\/v2\/pages\/393\/revisions"}],"predecessor-version":[{"id":20928,"href":"https:\/\/omni-pro.net\/no\/wp-json\/wp\/v2\/pages\/393\/revisions\/20928"}],"wp:attachment":[{"href":"https:\/\/omni-pro.net\/no\/wp-json\/wp\/v2\/media?parent=393"}],"curies":[{"name":"wp","href":"https:\/\/api.w.org\/{rel}","templated":true}]}}